{"id":54041,"date":"2025-07-01T07:57:25","date_gmt":"2025-07-01T07:57:25","guid":{"rendered":"https:\/\/kasima.lt\/produktas\/ziauninis-trupinimo-kausas-cm-cbf09\/"},"modified":"2025-10-29T13:34:34","modified_gmt":"2025-10-29T13:34:34","slug":"ziauninis-trupinimo-kausas-cm-cbf09","status":"publish","type":"product","link":"https:\/\/kasima.lt\/lv\/produktas\/ziauninis-trupinimo-kausas-cm-cbf09\/","title":{"rendered":"\u017daunu drupin\u0101\u0161anas spainis CM CBF09"},"content":{"rendered":"<p>CM CBF09 \u017eaunu smalcin\u0101\u0161anas spainis<\/p>\n<p>Modelis: CBF09<br \/>\nRa\u017eot\u0101js: CM S.r.l. (It\u0101lija)<br \/>\nPiem\u0113rots ekskavatoriem: 20-30 t<br \/>\nSvars: 3500 kg<br \/>\nTilpums: aptuveni 0,85 m\u00b3<br \/>\nAtv\u0113r\u0161anas izm\u0113ri: ~900 x 550 mm.<\/p>\n<p>Apraksts:<\/p>\n<p>CM CBF 09 ir hidraulisks \u017eaunu drupin\u0101\u0161anas kauss, kas paredz\u0113ts izmanto\u0161anai ekskavatoros ar masu no 20 l\u012bdz 30 tonn\u0101m. \u0160\u012b iek\u0101rta \u013cauj uz vietas drupin\u0101t betonu, \u0137ie\u0123e\u013cus, asfaltu un citus materi\u0101lus. Ide\u0101ls risin\u0101jums b\u016bvlaukumiem, nojauk\u0161anas darbiem un atkritumu apsaimnieko\u0161anai.  <\/p>\n<p>Tehnisk\u0101s \u012bpa\u0161\u012bbas:<br \/>\nAtv\u0113r\u0161anas izm\u0113rs: aptuveni 900 x 550 mm<br \/>\nTilpums: 0,85 m\u00b3<br \/>\nIeteicamais ekskavatora svars: 20-30 t<br \/>\nKausa svars: ~3 500 kg<br \/>\nMaksim\u0101lais hidrauliskais spiediens: 200 b\u0101ru<br \/>\nJauda: l\u012bdz 38 m\u00b3\/h (atkar\u012bb\u0101 no smalcin\u0101m\u0101 materi\u0101la)<br \/>\nPriek\u0161\u0113jie rak\u0161anas zobi<br \/>\nRegul\u0113jams izpl\u016bdes augstums (main\u0101ms pa da\u013c\u0101m) 20-140 mm<\/p>\n<p>Galvenie ieguvumi:<\/p>\n<p>Tie\u0161a drupin\u0101\u0161ana uz vietas &#8211; zem\u0101kas transport\u0113\u0161anas un izg\u0101ztuvju izmaksas<br \/>\nIztur\u012bga un uzticama konstrukcija &#8211; kauss ir izgatavots no nodilumiztur\u012bga t\u0113rauda<br \/>\nAugsta kvalit\u0101te, \u0101tra rezerves da\u013cu pieg\u0101de.<\/p>\n<p>Papildu inform\u0101cija:<\/p>\n<p>Iesp\u0113jama p\u0101rbaude UAB KASIMA noliktav\u0101<br \/>\nIesp\u0113jama pieg\u0101de uz J\u016bsu adresi<\/p>\n","protected":false},"excerpt":{"rendered":"<p>Cena bez PVN<\/p>\n<p>Ra\u017eot\u0101js: CM<br \/>\nModelis: CBF09<br \/>\nZvans: <a href=\"tel:+37067607071\">+37067607071<\/a><br \/>\nE-pasts: <a href=\"mailto:sales@kasima.lt\">sales@kasima.lt<\/a><\/p>\n","protected":false},"featured_media":87665,"template":"","meta":{"_et_pb_use_builder":"","_et_pb_old_content":"","_et_gb_content_width":"","_monsterinsights_skip_tracking":false,"_monsterinsights_sitenote_active":false,"_monsterinsights_sitenote_note":"","_monsterinsights_sitenote_category":0},"product_brand":[],"product_cat":[247,248,219,302,185],"product_tag":[],"class_list":{"0":"post-54041","1":"product","2":"type-product","3":"status-publish","4":"has-post-thumbnail","6":"product_cat-20-25-tonnas","7":"product_cat-25-tonnas-un-vairak","8":"product_cat-lietots","9":"product_cat-spaini","10":"product_cat-ekskavators","12":"first","13":"instock","14":"shipping-taxable","15":"purchasable","16":"product-type-simple"},"aioseo_notices":[],"_links":{"self":[{"href":"https:\/\/kasima.lt\/lv\/wp-json\/wp\/v2\/product\/54041","targetHints":{"allow":["GET"]}}],"collection":[{"href":"https:\/\/kasima.lt\/lv\/wp-json\/wp\/v2\/product"}],"about":[{"href":"https:\/\/kasima.lt\/lv\/wp-json\/wp\/v2\/types\/product"}],"wp:featuredmedia":[{"embeddable":true,"href":"https:\/\/kasima.lt\/lv\/wp-json\/wp\/v2\/media\/87665"}],"wp:attachment":[{"href":"https:\/\/kasima.lt\/lv\/wp-json\/wp\/v2\/media?parent=54041"}],"wp:term":[{"taxonomy":"product_brand","embeddable":true,"href":"https:\/\/kasima.lt\/lv\/wp-json\/wp\/v2\/product_brand?post=54041"},{"taxonomy":"product_cat","embeddable":true,"href":"https:\/\/kasima.lt\/lv\/wp-json\/wp\/v2\/product_cat?post=54041"},{"taxonomy":"product_tag","embeddable":true,"href":"https:\/\/kasima.lt\/lv\/wp-json\/wp\/v2\/product_tag?post=54041"}],"curies":[{"name":"wp","href":"https:\/\/api.w.org\/{rel}","templated":true}]}}