{"id":53168,"date":"2025-06-26T07:58:17","date_gmt":"2025-06-26T07:58:17","guid":{"rendered":"https:\/\/kasima.lt\/produktas\/mini-ekskavatorius-komatsu-pc24mr\/"},"modified":"2025-10-29T13:34:31","modified_gmt":"2025-10-29T13:34:31","slug":"mini-ekskavatorius-komatsu-pc24mr","status":"publish","type":"product","link":"https:\/\/kasima.lt\/lv\/produktas\/mini-ekskavatorius-komatsu-pc24mr\/","title":{"rendered":"Komatsu PC24MR mini ekskavators"},"content":{"rendered":"<p>Gads: 2022<br \/>\nStundas: 223<br \/>\nSvars: aptuveni 2 500 kg<br \/>\nDzin\u0113js: Komatsu 3 cilindru d\u012bze\u013cdzin\u0113js<br \/>\nJauda: ~15,8 kW (21 ZS)<br \/>\nKond\u012bcija: biju\u0161ais demo modelis.<\/p>\n<p>Apraksts:<\/p>\n<p>Komatsu PC24MR ir kompakts mini ekskavators ar nulles paka\u013cgala sv\u0101rst\u012bbu, kas \u013cauj dro\u0161i str\u0101d\u0101t \u0161aur\u0101s vai ierobe\u017eot\u0101s telp\u0101s. Ide\u0101li piem\u0113rots pils\u0113tas b\u016bvniec\u012bbai, in\u017eenierkomunik\u0101cij\u0101m, labiek\u0101rto\u0161anai un visda\u017e\u0101d\u0101kajiem zemes rak\u0161anas darbiem. <\/p>\n<p>&#8211; Hidraulisk\u0101s l\u012bnijas &#8211; iesp\u0113ja pievienot hidraulisko \u0101muru, urbjma\u0161\u012bnu vai citus piederumus<br \/>\n&#8211; Kab\u012bnes apsildes sist\u0113ma<br \/>\n&#8211; Gaisa kondicionieris<br \/>\n&#8211; Divu \u0101trumu sist\u0113ma.<\/p>\n<p>Papildu inform\u0101cija:<\/p>\n<p>Sadz\u012bves tehnika UAB KASIMA noliktava<br \/>\nIesp\u0113jama sadz\u012bves tehnikas pieg\u0101de uz J\u016bsu adresi<\/p>\n<p><iframe loading=\"lazy\" title=\"Komatsu PC24MR \u2502 UAB KASIMA\" width=\"1080\" height=\"608\" src=\"https:\/\/www.youtube.com\/embed\/3JsbdIxJnEQ?feature=oembed\"  allow=\"accelerometer; autoplay; clipboard-write; encrypted-media; gyroscope; picture-in-picture; web-share\" referrerpolicy=\"strict-origin-when-cross-origin\" allowfullscreen><\/iframe><\/p>\n","protected":false},"excerpt":{"rendered":"<p>Cena bez PVN<\/p>\n<p>Ra\u017eot\u0101js: Komatsu<br \/>\nModelis: PC24MR<br \/>\nZvans: <a href=\"tel:+37067607071\">+37067607071<\/a><br \/>\nE-pasts: <a href=\"mailto:sales@kasima.lt\">sales@kasima.lt<\/a><\/p>\n","protected":false},"featured_media":53074,"template":"","meta":{"_et_pb_use_builder":"","_et_pb_old_content":"","_et_gb_content_width":"","_monsterinsights_skip_tracking":false,"_monsterinsights_sitenote_active":false,"_monsterinsights_sitenote_note":"","_monsterinsights_sitenote_category":0},"product_brand":[],"product_cat":[208,149],"product_tag":[],"class_list":{"0":"post-53168","1":"product","2":"type-product","3":"status-publish","4":"has-post-thumbnail","6":"product_cat-celu-buvnieciba","7":"product_cat-buvnieciba","9":"first","10":"outofstock","11":"shipping-taxable","12":"product-type-simple"},"aioseo_notices":[],"_links":{"self":[{"href":"https:\/\/kasima.lt\/lv\/wp-json\/wp\/v2\/product\/53168","targetHints":{"allow":["GET"]}}],"collection":[{"href":"https:\/\/kasima.lt\/lv\/wp-json\/wp\/v2\/product"}],"about":[{"href":"https:\/\/kasima.lt\/lv\/wp-json\/wp\/v2\/types\/product"}],"wp:featuredmedia":[{"embeddable":true,"href":"https:\/\/kasima.lt\/lv\/wp-json\/wp\/v2\/media\/53074"}],"wp:attachment":[{"href":"https:\/\/kasima.lt\/lv\/wp-json\/wp\/v2\/media?parent=53168"}],"wp:term":[{"taxonomy":"product_brand","embeddable":true,"href":"https:\/\/kasima.lt\/lv\/wp-json\/wp\/v2\/product_brand?post=53168"},{"taxonomy":"product_cat","embeddable":true,"href":"https:\/\/kasima.lt\/lv\/wp-json\/wp\/v2\/product_cat?post=53168"},{"taxonomy":"product_tag","embeddable":true,"href":"https:\/\/kasima.lt\/lv\/wp-json\/wp\/v2\/product_tag?post=53168"}],"curies":[{"name":"wp","href":"https:\/\/api.w.org\/{rel}","templated":true}]}}