{"id":52680,"date":"2025-06-16T18:04:13","date_gmt":"2025-06-16T18:04:13","guid":{"rendered":"https:\/\/kasima.lt\/produktas\/fendt-716-vario-tms\/"},"modified":"2025-10-29T13:34:30","modified_gmt":"2025-10-29T13:34:30","slug":"fendt-716-vario-tms","status":"publish","type":"product","link":"https:\/\/kasima.lt\/lv\/produktas\/fendt-716-vario-tms\/","title":{"rendered":"Fendt 716 Vario TMS"},"content":{"rendered":"<p>Fendt 716 Vario TMS netiek ekspluat\u0113ts Lietuv\u0101<\/p>\n<p>Gads: 2005<br \/>\nDzin\u0113js: 160 ZS\/118 kW<br \/>\nP\u0101rnesumk\u0101rba: Vario TMS (bezpak\u0101pju)<br \/>\nDzin\u0113js: 13055<br \/>\nKond\u012bcija: Lietots, lab\u0101 st\u0101vokl\u012b<\/p>\n<p>Fendt 716 Vario TMS p\u0101rdo\u0161anai Lietuv\u0101 &#8211; daudzpus\u012bgs, jaud\u012bgs un ekonomisks traktors ar Vario transmisiju un TMS (Traktora vad\u012bbas sist\u0113mu).<\/p>\n<p>Dzin\u0113js: Deutz 6 cilindru, 6,06 l, turbo<br \/>\nJauda: 160 ZS\/118 kW<br \/>\nP\u0101rnesumk\u0101rba: Vario bezpak\u0101pju ar TMS vad\u012bbu<br \/>\nP\u0101rnesumu izv\u0113le: autom\u0101tisk\u0101 vai manu\u0101l\u0101<br \/>\nKust\u012bbas p\u0101rvads: 540\/540E\/1000 apgr.\/min.<br \/>\nHidraulika: 4 hidrauliskie p\u0101ri aizmugur\u0113.<br \/>\nAizmugur\u0113j\u0101s balstiek\u0101rtas kravnes\u012bba: ~7 500 kg<br \/>\nSvars: 11 500 kg<br \/>\nMaksim\u0101lais \u0101trums: 50 km\/h<br \/>\nPriek\u0161\u0113j\u0101 balstiek\u0101rta ar hidrauliskaj\u0101m l\u012bnij\u0101m<br \/>\nPneimatisk\u0101s un hidraulisk\u0101s bremzes<br \/>\nLabas Pirelli riepas<br \/>\nGaisa kondicion\u0113\u0161ana<br \/>\nPneimatiskais s\u0113deklis<br \/>\nAmortiz\u0113jama kab\u012bne un priek\u0161\u0113jais tilts<br \/>\nVara TMS sist\u0113ma &#8211; vienm\u0113r\u012bga un ekonomiska darb\u012bba<br \/>\nP\u0101rnesumk\u0101rba nomain\u012bta p\u0113c 11 000 stund\u0101m<br \/>\nJauna turb\u012bna nomain\u012bta p\u0113c 12 000 stund\u0101m<\/p>\n<p>Iesp\u0113jama p\u0101rbaude un test\u0113\u0161ana KASIMA noliktav\u0101<br \/>\nIesp\u0113jama pieg\u0101de uz J\u016bsu adresi.<\/p>\n<p><iframe loading=\"lazy\" title=\"Fendt 716 Vario TMS \u2502 UAB KASIMA\" width=\"1080\" height=\"608\" src=\"https:\/\/www.youtube.com\/embed\/yH3t51MACz8?feature=oembed\"  allow=\"accelerometer; autoplay; clipboard-write; encrypted-media; gyroscope; picture-in-picture; web-share\" referrerpolicy=\"strict-origin-when-cross-origin\" allowfullscreen><\/iframe><\/p>\n","protected":false},"excerpt":{"rendered":"<p>Cena bez PVN<br \/>\n<br \/>Ra\u017eot\u0101js: Fendt<br \/>\nModelis: 716 Vario TMS<br \/>\nZvans: <a href=\"tel:+37067607071\">+37067607071<\/a><br \/>\nE-pasts: <a href=\"mailto:sales@kasima.lt\">sales@kasima.lt<\/a><\/p>\n","protected":false},"featured_media":52559,"template":"","meta":{"_et_pb_use_builder":"","_et_pb_old_content":"","_et_gb_content_width":"","_monsterinsights_skip_tracking":false,"_monsterinsights_sitenote_active":false,"_monsterinsights_sitenote_note":"","_monsterinsights_sitenote_category":0},"product_brand":[],"product_cat":[176],"product_tag":[],"class_list":{"0":"post-52680","1":"product","2":"type-product","3":"status-publish","4":"has-post-thumbnail","6":"product_cat-lauksaimnieciba","8":"first","9":"outofstock","10":"shipping-taxable","11":"product-type-simple"},"aioseo_notices":[],"_links":{"self":[{"href":"https:\/\/kasima.lt\/lv\/wp-json\/wp\/v2\/product\/52680","targetHints":{"allow":["GET"]}}],"collection":[{"href":"https:\/\/kasima.lt\/lv\/wp-json\/wp\/v2\/product"}],"about":[{"href":"https:\/\/kasima.lt\/lv\/wp-json\/wp\/v2\/types\/product"}],"wp:featuredmedia":[{"embeddable":true,"href":"https:\/\/kasima.lt\/lv\/wp-json\/wp\/v2\/media\/52559"}],"wp:attachment":[{"href":"https:\/\/kasima.lt\/lv\/wp-json\/wp\/v2\/media?parent=52680"}],"wp:term":[{"taxonomy":"product_brand","embeddable":true,"href":"https:\/\/kasima.lt\/lv\/wp-json\/wp\/v2\/product_brand?post=52680"},{"taxonomy":"product_cat","embeddable":true,"href":"https:\/\/kasima.lt\/lv\/wp-json\/wp\/v2\/product_cat?post=52680"},{"taxonomy":"product_tag","embeddable":true,"href":"https:\/\/kasima.lt\/lv\/wp-json\/wp\/v2\/product_tag?post=52680"}],"curies":[{"name":"wp","href":"https:\/\/api.w.org\/{rel}","templated":true}]}}