{"id":52550,"date":"2025-06-15T20:08:17","date_gmt":"2025-06-15T20:08:17","guid":{"rendered":"https:\/\/kasima.lt\/produktas\/manitou-mrt-2150-turbo-privilege\/"},"modified":"2025-10-29T13:34:30","modified_gmt":"2025-10-29T13:34:30","slug":"manitou-mrt-2150-turbo-privilege","status":"publish","type":"product","link":"https:\/\/kasima.lt\/lv\/produktas\/manitou-mrt-2150-turbo-privilege\/","title":{"rendered":"Manitou MRT 2150 TURBO Privil\u0113\u0123ijas"},"content":{"rendered":"<p>Manitou MRT 2150 TURBO Privilege &#8211; rot\u0101cijas teleskopiskais iekr\u0101v\u0113ji.<\/p>\n<p>Gads: 2007<br \/>\nStundas: 5 122 h<br \/>\nSvars: 16 410 kg<br \/>\nDzin\u0113js: 110 kW (150 ZS) Mercedes-Benz<br \/>\nCeltsp\u0113ja: 5 000 kg<br \/>\nPacel\u0161anas augstums: l\u012bdz 21 m<br \/>\nKond\u012bcija: Lietots, lab\u0101 st\u0101vokl\u012b.<\/p>\n<p>Apraksts:<br \/>\nP\u0101rdod Manitou MRT 2150 TURBO Privilege &#8211; daudzfunkcion\u0101ls rot\u0113jo\u0161s teleskopiskais pac\u0113l\u0101js ar 360\u00b0 rot\u0113jo\u0161u virsmu. Jaud\u012bgs, stabils un uzticams pal\u012bgs b\u016bvlaukumos, mont\u0101\u017eas, lo\u0123istikas, ra\u017eo\u0161anas vai saimniec\u012bbas darbiem.<br \/>\nLabi uztur\u0113ts, perfekt\u0101 darba k\u0101rt\u012bb\u0101 &#8211; gatavs darbam.<\/p>\n<p>Tehnisk\u0101s \u012bpa\u0161\u012bbas:<br \/>\nCeltsp\u0113ja: 5 000 kg<br \/>\nPacel\u0161anas augstums: l\u012bdz 21 m<br \/>\nRot\u0101cija: 360\u00b0<br \/>\n\u0160asija: 4&#215;4, visu rite\u0146u piedzi\u0146a<br \/>\nP\u0101rnesumk\u0101rba: hidrostatisk\u0101<br \/>\nStabilizatori: izvelkami.<\/p>\n<p>Komplekt\u0101 ietilpst:<br \/>\nDak\u0161u iekr\u0101v\u0113ja priek\u0161sild\u012b\u0161ana, izmantojot \u0101r\u0113jo 220 V izeju<br \/>\nAutonom\u0101 apsilde<br \/>\nTeleskopisk\u0101s hidraulisk\u0101s dak\u0161as<br \/>\nHidraulisk\u0101 5 tonnu vin\u010da<br \/>\nCilv\u0113ku pacel\u0161anas un darba platforma<br \/>\nPapildu pacel\u0161anas pakl\u0101js<br \/>\nT\u0101lvad\u012bbas pults.<\/p>\n<p>Priek\u0161roc\u012bbas:<br \/>\nDaudzfunkcionalit\u0101te: viena vien\u012bba &#8211; tr\u012bs funkcijas (iekr\u0101v\u0113ji, pac\u0113l\u0101js, celtnis).<\/p>\n<p>Papildu inform\u0101cija:<br \/>\nApskate un test\u0113\u0161ana iesp\u0113jama KASIMA noliktav\u0101<br \/>\nIesp\u0113jama iek\u0101rtu pieg\u0101de uz J\u016bsu nor\u0101d\u012bto adresi<br \/>\nIesp\u0113jama konsult\u0101cija par lieto\u0161anu vai apkalpo\u0161anu.<\/p>\n<p><iframe loading=\"lazy\" title=\"Manitou MRT 2150 Turbo Privilege \u2502 UAB KASIMA\" width=\"1080\" height=\"608\" src=\"https:\/\/www.youtube.com\/embed\/WOLPLg948XQ?feature=oembed\"  allow=\"accelerometer; autoplay; clipboard-write; encrypted-media; gyroscope; picture-in-picture; web-share\" referrerpolicy=\"strict-origin-when-cross-origin\" allowfullscreen><\/iframe><\/p>\n","protected":false},"excerpt":{"rendered":"<p>Cena bez PVN<\/p>\n<p>Ra\u017eot\u0101js: Manitou<br \/>\nModelis: MRT 2150 Turbo Privilege, 2016<br \/>\nZvans: <a href=\"tel:+37067607071\">+37067607071<\/a><br \/>\nE-pasts: <a href=\"mailto:info@kasima.lt\">info@kasima.lt<\/a><\/p>\n","protected":false},"featured_media":52339,"template":"","meta":{"_et_pb_use_builder":"","_et_pb_old_content":"","_et_gb_content_width":"","_monsterinsights_skip_tracking":false,"_monsterinsights_sitenote_active":false,"_monsterinsights_sitenote_note":"","_monsterinsights_sitenote_category":0},"product_brand":[],"product_cat":[149,306],"product_tag":[],"class_list":{"0":"post-52550","1":"product","2":"type-product","3":"status-publish","4":"has-post-thumbnail","6":"product_cat-buvnieciba","7":"product_cat-komunals","9":"first","10":"outofstock","11":"shipping-taxable","12":"product-type-simple"},"aioseo_notices":[],"_links":{"self":[{"href":"https:\/\/kasima.lt\/lv\/wp-json\/wp\/v2\/product\/52550","targetHints":{"allow":["GET"]}}],"collection":[{"href":"https:\/\/kasima.lt\/lv\/wp-json\/wp\/v2\/product"}],"about":[{"href":"https:\/\/kasima.lt\/lv\/wp-json\/wp\/v2\/types\/product"}],"wp:featuredmedia":[{"embeddable":true,"href":"https:\/\/kasima.lt\/lv\/wp-json\/wp\/v2\/media\/52339"}],"wp:attachment":[{"href":"https:\/\/kasima.lt\/lv\/wp-json\/wp\/v2\/media?parent=52550"}],"wp:term":[{"taxonomy":"product_brand","embeddable":true,"href":"https:\/\/kasima.lt\/lv\/wp-json\/wp\/v2\/product_brand?post=52550"},{"taxonomy":"product_cat","embeddable":true,"href":"https:\/\/kasima.lt\/lv\/wp-json\/wp\/v2\/product_cat?post=52550"},{"taxonomy":"product_tag","embeddable":true,"href":"https:\/\/kasima.lt\/lv\/wp-json\/wp\/v2\/product_tag?post=52550"}],"curies":[{"name":"wp","href":"https:\/\/api.w.org\/{rel}","templated":true}]}}