{"id":51805,"date":"2025-06-06T08:32:46","date_gmt":"2025-06-06T08:32:46","guid":{"rendered":"https:\/\/kasima.lt\/produktas\/bunkerine-sluota-ksm-sw-b18\/"},"modified":"2025-10-29T13:34:28","modified_gmt":"2025-10-29T13:34:28","slug":"bunkerine-sluota-ksm-sw-b18","status":"publish","type":"product","link":"https:\/\/kasima.lt\/lv\/produktas\/bunkerine-sluota-ksm-sw-b18\/","title":{"rendered":"Rot\u0113jo\u0161\u0101 birste KSM SW-B18"},"content":{"rendered":"<p>Efekt\u012bva un iztur\u012bga kausa slauc\u012b\u0161anas iek\u0101rta \u0101trai b\u016bvlaukumu, pagalmu un ce\u013cu t\u012br\u012b\u0161anai. Ide\u0101li piem\u0113rota ikdienas lieto\u0161anai, kur svar\u012bga ir uzticam\u012bba un veiktsp\u0113ja. <\/p>\n<p>SPECIFIK\u0100CIJAS:<br \/>\nDarba platums: 180 cm<br \/>\nKop\u0113jais platums: 218 cm<br \/>\nAugstums: 68 cm<br \/>\nSvars: 520 kg<br \/>\nDarba pl\u016bsma: 60-80 l\/min<br \/>\nSl\u0101p\u0113\u0161anas segmenti ar palielin\u0101tu diametru 660 mm<br \/>\nRegul\u0113jams slauc\u012b\u0161anas segmenta augstums<br \/>\nE\u013c\u013coti gult\u0146i<br \/>\nPiekare: sl\u012bdkr\u0101v\u0113ja<\/p>\n","protected":false},"excerpt":{"rendered":"<p>Cena bez PVN<\/p>\n<p>Ra\u017eot\u0101js: Wolverine<br \/>\nModelis: Sweeper spainis 84<br \/>\nZvans: <a href=\"tel:+37067607071\">+37067607071<\/a><br \/>\nE-pasts: <a href=\"mailto:sales@kasima.lt\">sales@kasima.lt<\/a><\/p>\n","protected":false},"featured_media":51713,"template":"","meta":{"_et_pb_use_builder":"","_et_pb_old_content":"","_et_gb_content_width":"","_monsterinsights_skip_tracking":false,"_monsterinsights_sitenote_active":false,"_monsterinsights_sitenote_note":"","_monsterinsights_sitenote_category":0},"product_brand":[],"product_cat":[153,154,155,291,151],"product_tag":[],"class_list":{"0":"post-51805","1":"product","2":"type-product","3":"status-publish","4":"has-post-thumbnail","6":"product_cat-15-3-tonnas","7":"product_cat-3-5-tonnas","8":"product_cat-jauns","9":"product_cat-hidrauliskas-slotas-lv","10":"product_cat-mini-iekraveji","12":"first","13":"instock","14":"shipping-taxable","15":"purchasable","16":"product-type-simple"},"aioseo_notices":[],"_links":{"self":[{"href":"https:\/\/kasima.lt\/lv\/wp-json\/wp\/v2\/product\/51805","targetHints":{"allow":["GET"]}}],"collection":[{"href":"https:\/\/kasima.lt\/lv\/wp-json\/wp\/v2\/product"}],"about":[{"href":"https:\/\/kasima.lt\/lv\/wp-json\/wp\/v2\/types\/product"}],"wp:featuredmedia":[{"embeddable":true,"href":"https:\/\/kasima.lt\/lv\/wp-json\/wp\/v2\/media\/51713"}],"wp:attachment":[{"href":"https:\/\/kasima.lt\/lv\/wp-json\/wp\/v2\/media?parent=51805"}],"wp:term":[{"taxonomy":"product_brand","embeddable":true,"href":"https:\/\/kasima.lt\/lv\/wp-json\/wp\/v2\/product_brand?post=51805"},{"taxonomy":"product_cat","embeddable":true,"href":"https:\/\/kasima.lt\/lv\/wp-json\/wp\/v2\/product_cat?post=51805"},{"taxonomy":"product_tag","embeddable":true,"href":"https:\/\/kasima.lt\/lv\/wp-json\/wp\/v2\/product_tag?post=51805"}],"curies":[{"name":"wp","href":"https:\/\/api.w.org\/{rel}","templated":true}]}}