{"id":51668,"date":"2025-06-06T07:33:45","date_gmt":"2025-06-06T07:33:45","guid":{"rendered":"https:\/\/kasima.lt\/produktas\/merlo-p32-6-vairavimo-mechanizmo-valdymo-voztuvas\/"},"modified":"2025-10-29T13:34:27","modified_gmt":"2025-10-29T13:34:27","slug":"merlo-p32-6-vairavimo-mechanizmo-valdymo-voztuvas","status":"publish","type":"product","link":"https:\/\/kasima.lt\/lv\/produktas\/merlo-p32-6-vairavimo-mechanizmo-valdymo-voztuvas\/","title":{"rendered":"Merlo P32.6 st\u016bres vad\u012bbas v\u0101rsts"},"content":{"rendered":"<p>\u0160\u012b deta\u013ca ir lietota, bet ir lab\u0101 st\u0101vokl\u012b<br \/>\nNo\u0146emts no Merlo P32.6, 2011<br \/>\nDeta\u013cas numurs:<br \/>\n026257<br \/>\n510120<\/p>\n","protected":false},"excerpt":{"rendered":"<p>Hind ilma k\u00e4ibemaksuta<\/p>\n<p>Tootja: MERLO<br \/>\nMudel: MERLOP320015<br \/>\nHelista: <a href=\"tel:+37060842988\">+37060842988<\/a><br \/>\nE-post: <a href=\"mailto:usedparts@kasima.lt\">usedparts@kasima.lt<\/a><\/p>\n","protected":false},"featured_media":51639,"template":"","meta":{"_et_pb_use_builder":"","_et_pb_old_content":"","_et_gb_content_width":"","_monsterinsights_skip_tracking":false,"_monsterinsights_sitenote_active":false,"_monsterinsights_sitenote_note":"","_monsterinsights_sitenote_category":0},"product_brand":[],"product_cat":[907,514,633,318,697,452],"product_tag":[],"class_list":{"0":"post-51668","1":"product","2":"type-product","3":"status-publish","4":"has-post-thumbnail","6":"product_cat-p32-6-plus-turbo-2011","7":"product_cat-merlo-dalas","8":"product_cat-hidrauliskie-varsti","9":"product_cat-lietotas-dalas","10":"product_cat-teleskopisko-iekraveju-dalas","11":"product_cat-celtniecibas-tehnikas-dalas","13":"first","14":"instock","15":"shipping-taxable","16":"purchasable","17":"product-type-simple"},"aioseo_notices":[],"_links":{"self":[{"href":"https:\/\/kasima.lt\/lv\/wp-json\/wp\/v2\/product\/51668","targetHints":{"allow":["GET"]}}],"collection":[{"href":"https:\/\/kasima.lt\/lv\/wp-json\/wp\/v2\/product"}],"about":[{"href":"https:\/\/kasima.lt\/lv\/wp-json\/wp\/v2\/types\/product"}],"wp:featuredmedia":[{"embeddable":true,"href":"https:\/\/kasima.lt\/lv\/wp-json\/wp\/v2\/media\/51639"}],"wp:attachment":[{"href":"https:\/\/kasima.lt\/lv\/wp-json\/wp\/v2\/media?parent=51668"}],"wp:term":[{"taxonomy":"product_brand","embeddable":true,"href":"https:\/\/kasima.lt\/lv\/wp-json\/wp\/v2\/product_brand?post=51668"},{"taxonomy":"product_cat","embeddable":true,"href":"https:\/\/kasima.lt\/lv\/wp-json\/wp\/v2\/product_cat?post=51668"},{"taxonomy":"product_tag","embeddable":true,"href":"https:\/\/kasima.lt\/lv\/wp-json\/wp\/v2\/product_tag?post=51668"}],"curies":[{"name":"wp","href":"https:\/\/api.w.org\/{rel}","templated":true}]}}