{"id":51537,"date":"2025-06-06T05:31:01","date_gmt":"2025-06-06T05:31:01","guid":{"rendered":"https:\/\/kasima.lt\/produktas\/merlo-p32-6-hidraulinis-kablys\/"},"modified":"2025-10-29T13:34:26","modified_gmt":"2025-10-29T13:34:26","slug":"merlo-p32-6-hidraulinis-kablys","status":"publish","type":"product","link":"https:\/\/kasima.lt\/lv\/produktas\/merlo-p32-6-hidraulinis-kablys\/","title":{"rendered":"Merlo P32.6 hidrauliskais sakabes \u0101\u0137is"},"content":{"rendered":"<p>\u0160\u012b da\u013ca ir lietota, bet ir teicam\u0101 st\u0101vokl\u012b<br \/>\nNo\u0146emts no Merlo P32.6, 2011<\/p>\n","protected":false},"excerpt":{"rendered":"<p>Cena bez PVN<\/p>\n<p>Ra\u017eot\u0101js: MERLO<br \/>\nModelis: MERLOP320024<br \/>\nIzsaukums: <a href=\"tel:+37060842988\">+37060842988<\/a><br \/>\nE-pasts: <a href=\"mailto:usedparts@kasima.lt\">usedparts@kasima.lt<\/a><\/p>\n","protected":false},"featured_media":51508,"template":"","meta":{"_et_pb_use_builder":"","_et_pb_old_content":"","_et_gb_content_width":"","_monsterinsights_skip_tracking":false,"_monsterinsights_sitenote_active":false,"_monsterinsights_sitenote_note":"","_monsterinsights_sitenote_category":0},"product_brand":[],"product_cat":[907,867,514,318,697,452],"product_tag":[],"class_list":{"0":"post-51537","1":"product","2":"type-product","3":"status-publish","4":"has-post-thumbnail","6":"product_cat-p32-6-plus-turbo-2011","7":"product_cat-sakabes-ierices-un-detalas","8":"product_cat-merlo-dalas","9":"product_cat-lietotas-dalas","10":"product_cat-teleskopisko-iekraveju-dalas","11":"product_cat-celtniecibas-tehnikas-dalas","13":"first","14":"instock","15":"shipping-taxable","16":"purchasable","17":"product-type-simple"},"aioseo_notices":[],"_links":{"self":[{"href":"https:\/\/kasima.lt\/lv\/wp-json\/wp\/v2\/product\/51537","targetHints":{"allow":["GET"]}}],"collection":[{"href":"https:\/\/kasima.lt\/lv\/wp-json\/wp\/v2\/product"}],"about":[{"href":"https:\/\/kasima.lt\/lv\/wp-json\/wp\/v2\/types\/product"}],"wp:featuredmedia":[{"embeddable":true,"href":"https:\/\/kasima.lt\/lv\/wp-json\/wp\/v2\/media\/51508"}],"wp:attachment":[{"href":"https:\/\/kasima.lt\/lv\/wp-json\/wp\/v2\/media?parent=51537"}],"wp:term":[{"taxonomy":"product_brand","embeddable":true,"href":"https:\/\/kasima.lt\/lv\/wp-json\/wp\/v2\/product_brand?post=51537"},{"taxonomy":"product_cat","embeddable":true,"href":"https:\/\/kasima.lt\/lv\/wp-json\/wp\/v2\/product_cat?post=51537"},{"taxonomy":"product_tag","embeddable":true,"href":"https:\/\/kasima.lt\/lv\/wp-json\/wp\/v2\/product_tag?post=51537"}],"curies":[{"name":"wp","href":"https:\/\/api.w.org\/{rel}","templated":true}]}}