{"id":51146,"date":"2025-06-05T11:23:16","date_gmt":"2025-06-05T11:23:16","guid":{"rendered":"https:\/\/kasima.lt\/produktas\/merlo-p32-6-priekine-asis\/"},"modified":"2025-10-29T13:34:25","modified_gmt":"2025-10-29T13:34:25","slug":"merlo-p32-6-priekine-asis","status":"publish","type":"product","link":"https:\/\/kasima.lt\/lv\/produktas\/merlo-p32-6-priekine-asis\/","title":{"rendered":"Merlo P32.6 priek\u0161\u0113jais tilts"},"content":{"rendered":"<p>\u0160\u012b deta\u013ca ir lietota, bet teicam\u0101 st\u0101vokl\u012b<br \/>\nNo\u0146emts no Merlo P32.6, 2011. gads<br \/>\nDeta\u013cas numurs:<br \/>\n042125<br \/>\n045569<br \/>\n063075<br \/>\n044486<\/p>\n","protected":false},"excerpt":{"rendered":"<p>Cena bez PVN<\/p>\n<p>Ra\u017eot\u0101js: MERLO<br \/>\nModelis: MERLOP320004<br \/>\nIzsaukums: <a href=\"tel:+37060842988\">+37060842988<\/a><br \/>\nE-pasts: <a href=\"mailto:usedparts@kasima.lt\">usedparts@kasima.lt<\/a><\/p>\n","protected":false},"featured_media":51122,"template":"","meta":{"_et_pb_use_builder":"","_et_pb_old_content":"","_et_gb_content_width":"","_monsterinsights_skip_tracking":false,"_monsterinsights_sitenote_active":false,"_monsterinsights_sitenote_note":"","_monsterinsights_sitenote_category":0},"product_brand":[],"product_cat":[907,514,318,697,452,749],"product_tag":[],"class_list":{"0":"post-51146","1":"product","2":"type-product","3":"status-publish","4":"has-post-thumbnail","6":"product_cat-p32-6-plus-turbo-2011","7":"product_cat-merlo-dalas","8":"product_cat-lietotas-dalas","9":"product_cat-teleskopisko-iekraveju-dalas","10":"product_cat-celtniecibas-tehnikas-dalas","11":"product_cat-asis-un-dalas","13":"first","14":"instock","15":"shipping-taxable","16":"purchasable","17":"product-type-simple"},"aioseo_notices":[],"_links":{"self":[{"href":"https:\/\/kasima.lt\/lv\/wp-json\/wp\/v2\/product\/51146","targetHints":{"allow":["GET"]}}],"collection":[{"href":"https:\/\/kasima.lt\/lv\/wp-json\/wp\/v2\/product"}],"about":[{"href":"https:\/\/kasima.lt\/lv\/wp-json\/wp\/v2\/types\/product"}],"wp:featuredmedia":[{"embeddable":true,"href":"https:\/\/kasima.lt\/lv\/wp-json\/wp\/v2\/media\/51122"}],"wp:attachment":[{"href":"https:\/\/kasima.lt\/lv\/wp-json\/wp\/v2\/media?parent=51146"}],"wp:term":[{"taxonomy":"product_brand","embeddable":true,"href":"https:\/\/kasima.lt\/lv\/wp-json\/wp\/v2\/product_brand?post=51146"},{"taxonomy":"product_cat","embeddable":true,"href":"https:\/\/kasima.lt\/lv\/wp-json\/wp\/v2\/product_cat?post=51146"},{"taxonomy":"product_tag","embeddable":true,"href":"https:\/\/kasima.lt\/lv\/wp-json\/wp\/v2\/product_tag?post=51146"}],"curies":[{"name":"wp","href":"https:\/\/api.w.org\/{rel}","templated":true}]}}