{"id":50870,"date":"2025-06-02T08:57:59","date_gmt":"2025-06-02T08:57:59","guid":{"rendered":"https:\/\/kasima.lt\/produktas\/teleskopinis-krautuvas-manitou-mlt728t-1996\/"},"modified":"2025-10-29T13:34:24","modified_gmt":"2025-10-29T13:34:24","slug":"teleskopinis-krautuvas-manitou-mlt728t-1996","status":"publish","type":"product","link":"https:\/\/kasima.lt\/lv\/produktas\/teleskopinis-krautuvas-manitou-mlt728t-1996\/","title":{"rendered":"Teleskopiskais iekr\u0101v\u0113ji Manitou MLT728T, 1996. gads"},"content":{"rendered":"<p>Manitou MLT 728T teleskopiskais iekr\u0101v\u0113ji p\u0101rdo\u0161anai<br \/>\nRa\u017eo\u0161anas gads: 1996<br \/>\nMotora stundu skaits: 9 988 h<br \/>\nCeltsp\u0113ja: 2 800 kg<br \/>\nCel\u0161anas augstums: 7 m<br \/>\nDzin\u0113js: Perkins.<\/p>\n<p>P\u0101rnesumk\u0101rba: manu\u0101l\u0101<br \/>\nRiepas: 17.5 R 24<\/p>\n<p>Papildu papildapr\u012bkojums:<\/p>\n<p>Hidrauliskais piekabes \u0101\u0137is<br \/>\nHidraulisk\u0101 l\u012bnija priek\u0161pus\u0113 piekab\u0113m<br \/>\nIeskait\u012btas pale\u0161u dak\u0161as<\/p>\n<p>\u013boti laba st\u0101vok\u013ca apl\u0113ses t\u0101 gadam&#8230;<\/p>\n<p>Lietuv\u0101 nedarbojas<\/p>\n<p><iframe loading=\"lazy\" title=\"Manitou MLT728T, 1996 met\u0173\" width=\"1080\" height=\"608\" src=\"https:\/\/www.youtube.com\/embed\/2JoAMsQuLeU?feature=oembed\"  allow=\"accelerometer; autoplay; clipboard-write; encrypted-media; gyroscope; picture-in-picture; web-share\" referrerpolicy=\"strict-origin-when-cross-origin\" allowfullscreen><\/iframe><\/p>\n","protected":false},"excerpt":{"rendered":"<p>Cena bez PVN<\/p>\n<p>Ra\u017eot\u0101js: Manitou<br \/>\nModelis: MLT728T<br \/>\nZvans: <a href=\"tel:+37067607071\">+37067607071<\/a><br \/>\nE-pasts: <a href=\"mailto:sales@kasima.lt\">sales@kasima.lt<\/a><\/p>\n","protected":false},"featured_media":50681,"template":"","meta":{"_et_pb_use_builder":"","_et_pb_old_content":"","_et_gb_content_width":"","_monsterinsights_skip_tracking":false,"_monsterinsights_sitenote_active":false,"_monsterinsights_sitenote_note":"","_monsterinsights_sitenote_category":0},"product_brand":[],"product_cat":[176],"product_tag":[],"class_list":{"0":"post-50870","1":"product","2":"type-product","3":"status-publish","4":"has-post-thumbnail","6":"product_cat-lauksaimnieciba","8":"first","9":"outofstock","10":"shipping-taxable","11":"product-type-simple"},"aioseo_notices":[],"_links":{"self":[{"href":"https:\/\/kasima.lt\/lv\/wp-json\/wp\/v2\/product\/50870","targetHints":{"allow":["GET"]}}],"collection":[{"href":"https:\/\/kasima.lt\/lv\/wp-json\/wp\/v2\/product"}],"about":[{"href":"https:\/\/kasima.lt\/lv\/wp-json\/wp\/v2\/types\/product"}],"wp:featuredmedia":[{"embeddable":true,"href":"https:\/\/kasima.lt\/lv\/wp-json\/wp\/v2\/media\/50681"}],"wp:attachment":[{"href":"https:\/\/kasima.lt\/lv\/wp-json\/wp\/v2\/media?parent=50870"}],"wp:term":[{"taxonomy":"product_brand","embeddable":true,"href":"https:\/\/kasima.lt\/lv\/wp-json\/wp\/v2\/product_brand?post=50870"},{"taxonomy":"product_cat","embeddable":true,"href":"https:\/\/kasima.lt\/lv\/wp-json\/wp\/v2\/product_cat?post=50870"},{"taxonomy":"product_tag","embeddable":true,"href":"https:\/\/kasima.lt\/lv\/wp-json\/wp\/v2\/product_tag?post=50870"}],"curies":[{"name":"wp","href":"https:\/\/api.w.org\/{rel}","templated":true}]}}