{"id":50619,"date":"2025-06-02T05:28:03","date_gmt":"2025-06-02T05:28:03","guid":{"rendered":"https:\/\/kasima.lt\/produktas\/merlo-elektroninis-valdymo-blokas-ucev\/"},"modified":"2025-10-29T13:34:24","modified_gmt":"2025-10-29T13:34:24","slug":"merlo-elektroninis-valdymo-blokas-ucev","status":"publish","type":"product","link":"https:\/\/kasima.lt\/lv\/produktas\/merlo-elektroninis-valdymo-blokas-ucev\/","title":{"rendered":"MERLO elektronisk\u0101s vad\u012bbas bloks UCEV"},"content":{"rendered":"<p>\u0160\u012b deta\u013ca ir lietota, bet ir darba k\u0101rt\u012bb\u0101, p\u0101rbaud\u012bta profesion\u0101\u013ca.<br \/>\nNo\u0146emts no Merlo 32.6 , Turbo plus, 2011. gads<br \/>\nUCEV TIPO A , VERS.1.1<br \/>\nDeta\u013cas numurs:<br \/>\n073891<br \/>\nBT113<\/p>\n","protected":false},"excerpt":{"rendered":"<p>Cena bez PVN<\/p>\n<p>Ra\u017eot\u0101js: MERLO<br \/>\nModelis: MERLOP320002<br \/>\nIzsaukums: <a href=\"tel:+37060842988\">+37060842988<\/a><br \/>\nE-pasts: <a href=\"mailto:usedparts@kasima.lt\">usedparts@kasima.lt<\/a><\/p>\n","protected":false},"featured_media":50605,"template":"","meta":{"_et_pb_use_builder":"","_et_pb_old_content":"","_et_gb_content_width":"","_monsterinsights_skip_tracking":false,"_monsterinsights_sitenote_active":false,"_monsterinsights_sitenote_note":"","_monsterinsights_sitenote_category":0},"product_brand":[],"product_cat":[907,514,490,605,318,697,452],"product_tag":[],"class_list":{"0":"post-50619","1":"product","2":"type-product","3":"status-publish","4":"has-post-thumbnail","6":"product_cat-p32-6-plus-turbo-2011","7":"product_cat-merlo-dalas","8":"product_cat-elektronikas-dalas","9":"product_cat-vadibas-bloki","10":"product_cat-lietotas-dalas","11":"product_cat-teleskopisko-iekraveju-dalas","12":"product_cat-celtniecibas-tehnikas-dalas","14":"first","15":"instock","16":"shipping-taxable","17":"purchasable","18":"product-type-simple"},"aioseo_notices":[],"_links":{"self":[{"href":"https:\/\/kasima.lt\/lv\/wp-json\/wp\/v2\/product\/50619","targetHints":{"allow":["GET"]}}],"collection":[{"href":"https:\/\/kasima.lt\/lv\/wp-json\/wp\/v2\/product"}],"about":[{"href":"https:\/\/kasima.lt\/lv\/wp-json\/wp\/v2\/types\/product"}],"wp:featuredmedia":[{"embeddable":true,"href":"https:\/\/kasima.lt\/lv\/wp-json\/wp\/v2\/media\/50605"}],"wp:attachment":[{"href":"https:\/\/kasima.lt\/lv\/wp-json\/wp\/v2\/media?parent=50619"}],"wp:term":[{"taxonomy":"product_brand","embeddable":true,"href":"https:\/\/kasima.lt\/lv\/wp-json\/wp\/v2\/product_brand?post=50619"},{"taxonomy":"product_cat","embeddable":true,"href":"https:\/\/kasima.lt\/lv\/wp-json\/wp\/v2\/product_cat?post=50619"},{"taxonomy":"product_tag","embeddable":true,"href":"https:\/\/kasima.lt\/lv\/wp-json\/wp\/v2\/product_tag?post=50619"}],"curies":[{"name":"wp","href":"https:\/\/api.w.org\/{rel}","templated":true}]}}