{"id":50363,"date":"2025-05-29T12:27:28","date_gmt":"2025-05-29T12:27:28","guid":{"rendered":"https:\/\/kasima.lt\/produktas\/case-kabinos-laidai\/"},"modified":"2025-10-29T13:34:23","modified_gmt":"2025-10-29T13:34:23","slug":"case-kabinos-laidai","status":"publish","type":"product","link":"https:\/\/kasima.lt\/lv\/produktas\/case-kabinos-laidai\/","title":{"rendered":"CASE kab\u012bnes elektroinstal\u0101cija"},"content":{"rendered":"<p>\u0160\u012b da\u013ca ir lietota, bet ir lab\u0101 st\u0101vokl\u012b<br \/>\nNo\u0146emts no CASE Puma CVX 185, 2018. gads<br \/>\nDeta\u013cas numurs:<br \/>\n48042066<\/p>\n","protected":false},"excerpt":{"rendered":"<p>Cena bez PVN<\/p>\n<p>Ra\u017eot\u0101js: CASE<br \/>\nModelis:CS185PUMA0045<br \/>\nIzsaukums: <a href=\"tel:+37060842988\">+37060842988<\/a><br \/>\nE-pasts: <a href=\"mailto:usedparts@kasima.lt\">usedparts@kasima.lt<\/a><\/p>\n","protected":false},"featured_media":50349,"template":"","meta":{"_et_pb_use_builder":"","_et_pb_old_content":"","_et_gb_content_width":"","_monsterinsights_skip_tracking":false,"_monsterinsights_sitenote_active":false,"_monsterinsights_sitenote_note":"","_monsterinsights_sitenote_category":0},"product_brand":[],"product_cat":[508,842,490,601,318,701,455],"product_tag":[],"class_list":{"0":"post-50363","1":"product","2":"type-product","3":"status-publish","4":"has-post-thumbnail","6":"product_cat-case-dalas","7":"product_cat-puma-cvx-185-2018","8":"product_cat-elektronikas-dalas","9":"product_cat-vadu-komplekti-un-dalas","10":"product_cat-lietotas-dalas","11":"product_cat-traktoru-dalas","12":"product_cat-lauksaimniecibas-tehnikas-dalas","14":"first","15":"instock","16":"shipping-taxable","17":"purchasable","18":"product-type-simple"},"aioseo_notices":[],"_links":{"self":[{"href":"https:\/\/kasima.lt\/lv\/wp-json\/wp\/v2\/product\/50363","targetHints":{"allow":["GET"]}}],"collection":[{"href":"https:\/\/kasima.lt\/lv\/wp-json\/wp\/v2\/product"}],"about":[{"href":"https:\/\/kasima.lt\/lv\/wp-json\/wp\/v2\/types\/product"}],"wp:featuredmedia":[{"embeddable":true,"href":"https:\/\/kasima.lt\/lv\/wp-json\/wp\/v2\/media\/50349"}],"wp:attachment":[{"href":"https:\/\/kasima.lt\/lv\/wp-json\/wp\/v2\/media?parent=50363"}],"wp:term":[{"taxonomy":"product_brand","embeddable":true,"href":"https:\/\/kasima.lt\/lv\/wp-json\/wp\/v2\/product_brand?post=50363"},{"taxonomy":"product_cat","embeddable":true,"href":"https:\/\/kasima.lt\/lv\/wp-json\/wp\/v2\/product_cat?post=50363"},{"taxonomy":"product_tag","embeddable":true,"href":"https:\/\/kasima.lt\/lv\/wp-json\/wp\/v2\/product_tag?post=50363"}],"curies":[{"name":"wp","href":"https:\/\/api.w.org\/{rel}","templated":true}]}}