{"id":49562,"date":"2025-05-28T12:10:51","date_gmt":"2025-05-28T12:10:51","guid":{"rendered":"https:\/\/kasima.lt\/produktas\/asfaltinis-volas-dynapac-cc900s-2006-metu\/"},"modified":"2025-10-29T13:34:21","modified_gmt":"2025-10-29T13:34:21","slug":"asfaltinis-volas-dynapac-cc900s-2006-metu","status":"publish","type":"product","link":"https:\/\/kasima.lt\/lv\/produktas\/asfaltinis-volas-dynapac-cc900s-2006-metu\/","title":{"rendered":"Asfalta veltnis Dynapac CC900S, 2006. g."},"content":{"rendered":"<p>\u013boti lab\u0101 st\u0101vokl\u012b Dynapac CC900S asfalta pl\u0113ve.<br \/>\nTas ir kompakts divu bungu vibroveltnis neliela apjoma asfalt\u0113\u0161anas un augsnes bl\u012bv\u0113\u0161anas darbiem, piem\u0113ram, ietvju, veloceli\u0146u, nelielu rota\u013cu laukumu un ce\u013cu t\u012br\u012b\u0161anai.<\/p>\n<p>Uzb\u016bv\u0113ts 2006. gad\u0101,<br \/>\nTikai 1845 moto stundas<br \/>\nSvars: 1660 kg &#8211; 1705 kg.<\/p>\n<p>Bungas platums: 900 mm<br \/>\nGarums: 2,10 m<br \/>\nPlatums: 0,97 m<br \/>\nAugstums ar ROPS: 1,58-2,30 m.<\/p>\n<p>Bungas diametrs: 584 mm<br \/>\nMaksim\u0101lais \u0101trums: l\u012bdz 9 km\/h<br \/>\nMaksim\u0101lais k\u0101pums kaln\u0101: 50%.<\/p>\n<p>Dzin\u0113js Perkins 17,3 kw.<br \/>\nDegvielas veids: d\u012bze\u013cdegviela<\/p>\n<p>Vienpus\u0113js priek\u0161\u0113jais veltnis: \u013cauj bliet\u0113t tuvu sien\u0101m vai apmal\u0113m<br \/>\n60 mm velt\u0146a nob\u012bde: uzlabo malu bliet\u0113\u0161anu<br \/>\nVibr\u0101cijas sist\u0113ma<br \/>\nBungas ap\u016bde\u0146o\u0161anas sist\u0113ma.<\/p>\n<p>Lai uzzin\u0101tu vair\u0101k, zvaniet vai rakstiet e-pastu. pa e-pastu uz \u0161\u0101du adresi<\/p>\n<p><iframe loading=\"lazy\" title=\"Dynapac CC900S For sale!\" width=\"1080\" height=\"608\" src=\"https:\/\/www.youtube.com\/embed\/lwLNoTPuSlE?feature=oembed\"  allow=\"accelerometer; autoplay; clipboard-write; encrypted-media; gyroscope; picture-in-picture; web-share\" referrerpolicy=\"strict-origin-when-cross-origin\" allowfullscreen><\/iframe><\/p>\n","protected":false},"excerpt":{"rendered":"<p>Cena bez PVN<\/p>\n<p>Ra\u017eot\u0101js: Dynapac<br \/>\nModelis: CC900S<br \/>\nZvans: <a href=\"tel:+37067607071\">+37067607071<\/a><br \/>\nE-pasts: <a href=\"mailto:sales@kasima.lt\">sales@kasima.lt<\/a><\/p>\n","protected":false},"featured_media":49492,"template":"","meta":{"_et_pb_use_builder":"","_et_pb_old_content":"","_et_gb_content_width":"","_monsterinsights_skip_tracking":false,"_monsterinsights_sitenote_active":false,"_monsterinsights_sitenote_note":"","_monsterinsights_sitenote_category":0},"product_brand":[],"product_cat":[208],"product_tag":[],"class_list":{"0":"post-49562","1":"product","2":"type-product","3":"status-publish","4":"has-post-thumbnail","6":"product_cat-celu-buvnieciba","8":"first","9":"outofstock","10":"shipping-taxable","11":"product-type-simple"},"aioseo_notices":[],"_links":{"self":[{"href":"https:\/\/kasima.lt\/lv\/wp-json\/wp\/v2\/product\/49562","targetHints":{"allow":["GET"]}}],"collection":[{"href":"https:\/\/kasima.lt\/lv\/wp-json\/wp\/v2\/product"}],"about":[{"href":"https:\/\/kasima.lt\/lv\/wp-json\/wp\/v2\/types\/product"}],"wp:featuredmedia":[{"embeddable":true,"href":"https:\/\/kasima.lt\/lv\/wp-json\/wp\/v2\/media\/49492"}],"wp:attachment":[{"href":"https:\/\/kasima.lt\/lv\/wp-json\/wp\/v2\/media?parent=49562"}],"wp:term":[{"taxonomy":"product_brand","embeddable":true,"href":"https:\/\/kasima.lt\/lv\/wp-json\/wp\/v2\/product_brand?post=49562"},{"taxonomy":"product_cat","embeddable":true,"href":"https:\/\/kasima.lt\/lv\/wp-json\/wp\/v2\/product_cat?post=49562"},{"taxonomy":"product_tag","embeddable":true,"href":"https:\/\/kasima.lt\/lv\/wp-json\/wp\/v2\/product_tag?post=49562"}],"curies":[{"name":"wp","href":"https:\/\/api.w.org\/{rel}","templated":true}]}}