{"id":49289,"date":"2025-05-27T10:58:16","date_gmt":"2025-05-27T08:58:16","guid":{"rendered":"https:\/\/kasima.lt\/produktas\/teleskopinis-krautuvas-jcb-535-95-agri-super\/"},"modified":"2025-10-29T13:34:21","modified_gmt":"2025-10-29T13:34:21","slug":"teleskopinis-krautuvas-jcb-535-95-agri-super","status":"publish","type":"product","link":"https:\/\/kasima.lt\/lv\/produktas\/teleskopinis-krautuvas-jcb-535-95-agri-super\/","title":{"rendered":"Teleskopiskais iekr\u0101v\u0113ji JCB 535-95 AGRI SUPER"},"content":{"rendered":"<p>P\u0101rdod JCB 535-95 Agri Super \u013coti lab\u0101 st\u0101vokl\u012b<br \/>\nLauksaimniec\u012bbai<br \/>\nIzgatavo\u0161anas gads 2010<br \/>\nDzin\u0113js 132 ZS<br \/>\nMotora darba laiks 6240<br \/>\nLietuv\u0101 neekspluat\u0113ts.<\/p>\n<p>Celtsp\u0113ja: 3500 kg.<br \/>\nPacel\u0161anas augstums 9 metri<br \/>\n\u0100trums 40 km\/h<br \/>\nS\u0113deklis virs galvas<br \/>\nJCB smooth ride sist\u0113ma<br \/>\nHidraulisk\u0101 sakabe<br \/>\nHidraulisk\u0101s l\u012bnijas priek\u0161\u0101 un aizmugur\u0113<br \/>\nHidraulisk\u0101 piekabes sakabe aizmugur\u0113<br \/>\nHidraulisk\u0101s bremzes aizmugur\u0113<br \/>\nGaisa kondicionieris,<br \/>\nPaletes dak\u0161as.<\/p>\n<p><iframe loading=\"lazy\" title=\"JCB 535-95 Agri Super for sale!\" width=\"1080\" height=\"608\" src=\"https:\/\/www.youtube.com\/embed\/PAINGQLFOIo?feature=oembed\"  allow=\"accelerometer; autoplay; clipboard-write; encrypted-media; gyroscope; picture-in-picture; web-share\" referrerpolicy=\"strict-origin-when-cross-origin\" allowfullscreen><\/iframe><\/p>\n","protected":false},"excerpt":{"rendered":"<p>Cena bez PVN<\/p>\n<p>Ra\u017eot\u0101js: JCB<br \/>\nModelis: 535-95 AGRI SUPER<br \/>\nZvans: <a href=\"tel:+37067607071\">+37067607071<\/a><br \/>\nE-pasts: <a href=\"mailto:sales@kasima.lt\">sales@kasima.lt<\/a><\/p>\n","protected":false},"featured_media":49095,"template":"","meta":{"_et_pb_use_builder":"","_et_pb_old_content":"","_et_gb_content_width":"","_monsterinsights_skip_tracking":false,"_monsterinsights_sitenote_active":false,"_monsterinsights_sitenote_note":"","_monsterinsights_sitenote_category":0},"product_brand":[],"product_cat":[176],"product_tag":[],"class_list":{"0":"post-49289","1":"product","2":"type-product","3":"status-publish","4":"has-post-thumbnail","6":"product_cat-lauksaimnieciba","8":"first","9":"outofstock","10":"shipping-taxable","11":"product-type-simple"},"aioseo_notices":[],"_links":{"self":[{"href":"https:\/\/kasima.lt\/lv\/wp-json\/wp\/v2\/product\/49289","targetHints":{"allow":["GET"]}}],"collection":[{"href":"https:\/\/kasima.lt\/lv\/wp-json\/wp\/v2\/product"}],"about":[{"href":"https:\/\/kasima.lt\/lv\/wp-json\/wp\/v2\/types\/product"}],"wp:featuredmedia":[{"embeddable":true,"href":"https:\/\/kasima.lt\/lv\/wp-json\/wp\/v2\/media\/49095"}],"wp:attachment":[{"href":"https:\/\/kasima.lt\/lv\/wp-json\/wp\/v2\/media?parent=49289"}],"wp:term":[{"taxonomy":"product_brand","embeddable":true,"href":"https:\/\/kasima.lt\/lv\/wp-json\/wp\/v2\/product_brand?post=49289"},{"taxonomy":"product_cat","embeddable":true,"href":"https:\/\/kasima.lt\/lv\/wp-json\/wp\/v2\/product_cat?post=49289"},{"taxonomy":"product_tag","embeddable":true,"href":"https:\/\/kasima.lt\/lv\/wp-json\/wp\/v2\/product_tag?post=49289"}],"curies":[{"name":"wp","href":"https:\/\/api.w.org\/{rel}","templated":true}]}}