{"id":48117,"date":"2025-05-26T07:01:48","date_gmt":"2025-05-26T07:01:48","guid":{"rendered":"https:\/\/kasima.lt\/produktas\/case-pakelimo-cilindrai\/"},"modified":"2025-10-29T13:34:17","modified_gmt":"2025-10-29T13:34:17","slug":"case-pakelimo-cilindrai","status":"publish","type":"product","link":"https:\/\/kasima.lt\/lv\/produktas\/case-pakelimo-cilindrai\/","title":{"rendered":"Case lifta cilindri"},"content":{"rendered":"<p>\u0160\u012bs da\u013cas ir lietotas, bet ir lielisk\u0101 st\u0101vokl\u012b.<br \/>\nNo\u0146emts no CASE Puma CVX 185, 2018. gads<br \/>\nDeta\u013cu numuri:<br \/>\n980081000<br \/>\n48137135<br \/>\n47136721<br \/>\nCena par vien\u012bbu<\/p>\n","protected":false},"excerpt":{"rendered":"<p>Cena bez PVN<\/p>\n<p>Ra\u017eot\u0101js: CASE<br \/>\nModelis: CS185PUMA0006<br \/>\nIzsaukums:<a href=\"tel:+37060842988\"> +37060842988<\/a><br \/>\nE-pasts:<a href=\"mailto:usedparts@kasima.lt\"> usedparts@kasima.lt<\/a><\/p>\n","protected":false},"featured_media":48093,"template":"","meta":{"_et_pb_use_builder":"","_et_pb_old_content":"","_et_gb_content_width":"","_monsterinsights_skip_tracking":false,"_monsterinsights_sitenote_active":false,"_monsterinsights_sitenote_note":"","_monsterinsights_sitenote_category":0},"product_brand":[],"product_cat":[508,842,613,318,701,455],"product_tag":[],"class_list":{"0":"post-48117","1":"product","2":"type-product","3":"status-publish","4":"has-post-thumbnail","6":"product_cat-case-dalas","7":"product_cat-puma-cvx-185-2018","8":"product_cat-hidrauliskie-cilindri","9":"product_cat-lietotas-dalas","10":"product_cat-traktoru-dalas","11":"product_cat-lauksaimniecibas-tehnikas-dalas","13":"first","14":"instock","15":"shipping-taxable","16":"purchasable","17":"product-type-simple"},"aioseo_notices":[],"_links":{"self":[{"href":"https:\/\/kasima.lt\/lv\/wp-json\/wp\/v2\/product\/48117","targetHints":{"allow":["GET"]}}],"collection":[{"href":"https:\/\/kasima.lt\/lv\/wp-json\/wp\/v2\/product"}],"about":[{"href":"https:\/\/kasima.lt\/lv\/wp-json\/wp\/v2\/types\/product"}],"wp:featuredmedia":[{"embeddable":true,"href":"https:\/\/kasima.lt\/lv\/wp-json\/wp\/v2\/media\/48093"}],"wp:attachment":[{"href":"https:\/\/kasima.lt\/lv\/wp-json\/wp\/v2\/media?parent=48117"}],"wp:term":[{"taxonomy":"product_brand","embeddable":true,"href":"https:\/\/kasima.lt\/lv\/wp-json\/wp\/v2\/product_brand?post=48117"},{"taxonomy":"product_cat","embeddable":true,"href":"https:\/\/kasima.lt\/lv\/wp-json\/wp\/v2\/product_cat?post=48117"},{"taxonomy":"product_tag","embeddable":true,"href":"https:\/\/kasima.lt\/lv\/wp-json\/wp\/v2\/product_tag?post=48117"}],"curies":[{"name":"wp","href":"https:\/\/api.w.org\/{rel}","templated":true}]}}