{"id":48087,"date":"2025-05-26T06:38:36","date_gmt":"2025-05-26T06:38:36","guid":{"rendered":"https:\/\/kasima.lt\/produktas\/case-hidrauliniai-skirstytuvai\/"},"modified":"2025-10-29T13:34:17","modified_gmt":"2025-10-29T13:34:17","slug":"case-hidrauliniai-skirstytuvai","status":"publish","type":"product","link":"https:\/\/kasima.lt\/lv\/produktas\/case-hidrauliniai-skirstytuvai\/","title":{"rendered":"Case hidrauliskie sadal\u012bt\u0101ji"},"content":{"rendered":"<p>\u0160\u012bs da\u013cas ir lietotas, bet ir lielisk\u0101 st\u0101vokl\u012b.<br \/>\nNo\u0146emts no CASE Puma CVX 185, 2018. gads<br \/>\nDeta\u013cu numuri:<br \/>\n47592925<br \/>\n47592924<br \/>\n87555868<br \/>\n87607904<br \/>\n190911<br \/>\n190906<br \/>\n190912<br \/>\n87329823<br \/>\n87604020<\/p>\n","protected":false},"excerpt":{"rendered":"<p>Cena bez PVN<\/p>\n<p>Ra\u017eot\u0101js: CASE<br \/>\nModelis: CS185PUMA0005<br \/>\nIzsaukums: <a href=\"tel:+37060842988\">+37060842988<\/a><br \/>\nE-pasts: <a href=\"mailto:usedparts@kasima.lt\">usedparts@kasima.lt<\/a><\/p>\n","protected":false},"featured_media":48023,"template":"","meta":{"_et_pb_use_builder":"","_et_pb_old_content":"","_et_gb_content_width":"","_monsterinsights_skip_tracking":false,"_monsterinsights_sitenote_active":false,"_monsterinsights_sitenote_note":"","_monsterinsights_sitenote_category":0},"product_brand":[],"product_cat":[508,842,490,621,318,701,455],"product_tag":[],"class_list":{"0":"post-48087","1":"product","2":"type-product","3":"status-publish","4":"has-post-thumbnail","6":"product_cat-case-dalas","7":"product_cat-puma-cvx-185-2018","8":"product_cat-elektronikas-dalas","9":"product_cat-hidrauliskie-sadalitaji","10":"product_cat-lietotas-dalas","11":"product_cat-traktoru-dalas","12":"product_cat-lauksaimniecibas-tehnikas-dalas","14":"first","15":"instock","16":"shipping-taxable","17":"product-type-simple"},"aioseo_notices":[],"_links":{"self":[{"href":"https:\/\/kasima.lt\/lv\/wp-json\/wp\/v2\/product\/48087","targetHints":{"allow":["GET"]}}],"collection":[{"href":"https:\/\/kasima.lt\/lv\/wp-json\/wp\/v2\/product"}],"about":[{"href":"https:\/\/kasima.lt\/lv\/wp-json\/wp\/v2\/types\/product"}],"wp:featuredmedia":[{"embeddable":true,"href":"https:\/\/kasima.lt\/lv\/wp-json\/wp\/v2\/media\/48023"}],"wp:attachment":[{"href":"https:\/\/kasima.lt\/lv\/wp-json\/wp\/v2\/media?parent=48087"}],"wp:term":[{"taxonomy":"product_brand","embeddable":true,"href":"https:\/\/kasima.lt\/lv\/wp-json\/wp\/v2\/product_brand?post=48087"},{"taxonomy":"product_cat","embeddable":true,"href":"https:\/\/kasima.lt\/lv\/wp-json\/wp\/v2\/product_cat?post=48087"},{"taxonomy":"product_tag","embeddable":true,"href":"https:\/\/kasima.lt\/lv\/wp-json\/wp\/v2\/product_tag?post=48087"}],"curies":[{"name":"wp","href":"https:\/\/api.w.org\/{rel}","templated":true}]}}