{"id":47738,"date":"2025-05-20T11:32:01","date_gmt":"2025-05-20T11:32:01","guid":{"rendered":"https:\/\/kasima.lt\/produktas\/claas-galine-asis\/"},"modified":"2025-10-29T13:34:16","modified_gmt":"2025-10-29T13:34:16","slug":"claas-galine-asis","status":"publish","type":"product","link":"https:\/\/kasima.lt\/lv\/produktas\/claas-galine-asis\/","title":{"rendered":"Claas aizmugur\u0113jais tilts"},"content":{"rendered":"<p>\u0160\u012b deta\u013ca ir lietota, bet ir lielisk\u0101 st\u0101vokl\u012b.<br \/>\nNo\u0146emts no Claas Arion 530, 2013. gads<br \/>\nDeta\u013cu numuri:<br \/>\nA130711<br \/>\n3788640<br \/>\n3796038H3<\/p>\n","protected":false},"excerpt":{"rendered":"<p>Cena bez PVN<\/p>\n<p>Ra\u017eot\u0101js: CLAAS<br \/>\nModelis: CL530ARION0004<br \/>\nIzsaukums: <a href=\"tel:+37060842988\">+37060842988<\/a><br \/>\nE-pasts: <a href=\"mailto:usedparts@kasima.lt\">usedparts@kasima.lt<\/a><\/p>\n","protected":false},"featured_media":47659,"template":"","meta":{"_et_pb_use_builder":"","_et_pb_old_content":"","_et_gb_content_width":"","_monsterinsights_skip_tracking":false,"_monsterinsights_sitenote_active":false,"_monsterinsights_sitenote_note":"","_monsterinsights_sitenote_category":0},"product_brand":[],"product_cat":[887,498,318,701,455,749],"product_tag":[],"class_list":{"0":"post-47738","1":"product","2":"type-product","3":"status-publish","4":"has-post-thumbnail","6":"product_cat-arion-530-2013","7":"product_cat-claas-dalas","8":"product_cat-lietotas-dalas","9":"product_cat-traktoru-dalas","10":"product_cat-lauksaimniecibas-tehnikas-dalas","11":"product_cat-asis-un-dalas","13":"first","14":"instock","15":"shipping-taxable","16":"purchasable","17":"product-type-simple"},"aioseo_notices":[],"_links":{"self":[{"href":"https:\/\/kasima.lt\/lv\/wp-json\/wp\/v2\/product\/47738","targetHints":{"allow":["GET"]}}],"collection":[{"href":"https:\/\/kasima.lt\/lv\/wp-json\/wp\/v2\/product"}],"about":[{"href":"https:\/\/kasima.lt\/lv\/wp-json\/wp\/v2\/types\/product"}],"wp:featuredmedia":[{"embeddable":true,"href":"https:\/\/kasima.lt\/lv\/wp-json\/wp\/v2\/media\/47659"}],"wp:attachment":[{"href":"https:\/\/kasima.lt\/lv\/wp-json\/wp\/v2\/media?parent=47738"}],"wp:term":[{"taxonomy":"product_brand","embeddable":true,"href":"https:\/\/kasima.lt\/lv\/wp-json\/wp\/v2\/product_brand?post=47738"},{"taxonomy":"product_cat","embeddable":true,"href":"https:\/\/kasima.lt\/lv\/wp-json\/wp\/v2\/product_cat?post=47738"},{"taxonomy":"product_tag","embeddable":true,"href":"https:\/\/kasima.lt\/lv\/wp-json\/wp\/v2\/product_tag?post=47738"}],"curies":[{"name":"wp","href":"https:\/\/api.w.org\/{rel}","templated":true}]}}