{"id":47512,"date":"2025-05-19T07:20:36","date_gmt":"2025-05-19T07:20:36","guid":{"rendered":"https:\/\/kasima.lt\/produktas\/claas-galiniai-ratai\/"},"modified":"2025-10-29T13:34:15","modified_gmt":"2025-10-29T13:34:15","slug":"claas-galiniai-ratai","status":"publish","type":"product","link":"https:\/\/kasima.lt\/lv\/produktas\/claas-galiniai-ratai\/","title":{"rendered":"Claas aizmugur\u0113jie rite\u0146i"},"content":{"rendered":"<p>\u0160ie diski un riepas ir lietotas, riepas ir nedaudz pak\u013cautas uguns iedarb\u012bbai<br \/>\nNo\u0146emts no Claas Arion 530, 2013. gads<br \/>\nMichelin Multibib<br \/>\n600\/65R38<br \/>\nRite\u0146a loka platums: W16L<\/p>\n","protected":false},"excerpt":{"rendered":"<p>Cena bez PVN<\/p>\n<p>Ra\u017eot\u0101js: CLAAS<br \/>\nModelis: CL530ARION0034<br \/>\nIzsaukums: <a href=\"tel:+37060842988\">+37060842988<\/a><br \/>\nE-pasts: <a href=\"mailto:usedparts@kasima.lt\">usedparts@kasima.lt<\/a><\/p>\n","protected":false},"featured_media":47463,"template":"","meta":{"_et_pb_use_builder":"","_et_pb_old_content":"","_et_gb_content_width":"","_monsterinsights_skip_tracking":false,"_monsterinsights_sitenote_active":false,"_monsterinsights_sitenote_note":"","_monsterinsights_sitenote_category":0},"product_brand":[],"product_cat":[887,498,318,665,701,455],"product_tag":[],"class_list":{"0":"post-47512","1":"product","2":"type-product","3":"status-publish","4":"has-post-thumbnail","6":"product_cat-arion-530-2013","7":"product_cat-claas-dalas","8":"product_cat-lietotas-dalas","9":"product_cat-riepas-ar-diskiem","10":"product_cat-traktoru-dalas","11":"product_cat-lauksaimniecibas-tehnikas-dalas","13":"first","14":"instock","15":"shipping-taxable","16":"product-type-simple"},"aioseo_notices":[],"_links":{"self":[{"href":"https:\/\/kasima.lt\/lv\/wp-json\/wp\/v2\/product\/47512","targetHints":{"allow":["GET"]}}],"collection":[{"href":"https:\/\/kasima.lt\/lv\/wp-json\/wp\/v2\/product"}],"about":[{"href":"https:\/\/kasima.lt\/lv\/wp-json\/wp\/v2\/types\/product"}],"wp:featuredmedia":[{"embeddable":true,"href":"https:\/\/kasima.lt\/lv\/wp-json\/wp\/v2\/media\/47463"}],"wp:attachment":[{"href":"https:\/\/kasima.lt\/lv\/wp-json\/wp\/v2\/media?parent=47512"}],"wp:term":[{"taxonomy":"product_brand","embeddable":true,"href":"https:\/\/kasima.lt\/lv\/wp-json\/wp\/v2\/product_brand?post=47512"},{"taxonomy":"product_cat","embeddable":true,"href":"https:\/\/kasima.lt\/lv\/wp-json\/wp\/v2\/product_cat?post=47512"},{"taxonomy":"product_tag","embeddable":true,"href":"https:\/\/kasima.lt\/lv\/wp-json\/wp\/v2\/product_tag?post=47512"}],"curies":[{"name":"wp","href":"https:\/\/api.w.org\/{rel}","templated":true}]}}