{"id":47297,"date":"2025-05-16T06:24:00","date_gmt":"2025-05-16T06:24:00","guid":{"rendered":"https:\/\/kasima.lt\/produktas\/claas-laikantysis-remas-2\/"},"modified":"2025-10-29T13:34:14","modified_gmt":"2025-10-29T13:34:14","slug":"claas-laikantysis-remas-2","status":"publish","type":"product","link":"https:\/\/kasima.lt\/lv\/produktas\/claas-laikantysis-remas-2\/","title":{"rendered":"Claas tur\u0113\u0161anas r\u0101mis"},"content":{"rendered":"<p>\u0160\u012b da\u013ca ir lietota, bet lab\u0101 st\u0101vokl\u012b<br \/>\nNo\u0146emts no Claas Arion 530, 2013. gads<\/p>\n","protected":false},"excerpt":{"rendered":"<p>Cena bez PVN<\/p>\n<p>Ra\u017eot\u0101js: CLAAS<br \/>\nModelis: CL530ARION0032<br \/>\nIzsaukums: <a href=\"tel:+37060842988\">+37060842988<\/a><br \/>\nE-pasts: <a href=\"mailto:usedparts@kasima.lt\">usedparts@kasima.lt<\/a><\/p>\n","protected":false},"featured_media":47278,"template":"","meta":{"_et_pb_use_builder":"","_et_pb_old_content":"","_et_gb_content_width":"","_monsterinsights_skip_tracking":false,"_monsterinsights_sitenote_active":false,"_monsterinsights_sitenote_note":"","_monsterinsights_sitenote_category":0},"product_brand":[],"product_cat":[887,498,318,701,455,745,761],"product_tag":[],"class_list":{"0":"post-47297","1":"product","2":"type-product","3":"status-publish","4":"has-post-thumbnail","6":"product_cat-arion-530-2013","7":"product_cat-claas-dalas","8":"product_cat-lietotas-dalas","9":"product_cat-traktoru-dalas","10":"product_cat-lauksaimniecibas-tehnikas-dalas","11":"product_cat-sasijas-dalas","12":"product_cat-ramis","14":"first","15":"instock","16":"shipping-taxable","17":"purchasable","18":"product-type-simple"},"aioseo_notices":[],"_links":{"self":[{"href":"https:\/\/kasima.lt\/lv\/wp-json\/wp\/v2\/product\/47297","targetHints":{"allow":["GET"]}}],"collection":[{"href":"https:\/\/kasima.lt\/lv\/wp-json\/wp\/v2\/product"}],"about":[{"href":"https:\/\/kasima.lt\/lv\/wp-json\/wp\/v2\/types\/product"}],"wp:featuredmedia":[{"embeddable":true,"href":"https:\/\/kasima.lt\/lv\/wp-json\/wp\/v2\/media\/47278"}],"wp:attachment":[{"href":"https:\/\/kasima.lt\/lv\/wp-json\/wp\/v2\/media?parent=47297"}],"wp:term":[{"taxonomy":"product_brand","embeddable":true,"href":"https:\/\/kasima.lt\/lv\/wp-json\/wp\/v2\/product_brand?post=47297"},{"taxonomy":"product_cat","embeddable":true,"href":"https:\/\/kasima.lt\/lv\/wp-json\/wp\/v2\/product_cat?post=47297"},{"taxonomy":"product_tag","embeddable":true,"href":"https:\/\/kasima.lt\/lv\/wp-json\/wp\/v2\/product_tag?post=47297"}],"curies":[{"name":"wp","href":"https:\/\/api.w.org\/{rel}","templated":true}]}}