{"id":47151,"date":"2025-05-15T13:25:49","date_gmt":"2025-05-15T13:25:49","guid":{"rendered":"https:\/\/kasima.lt\/produktas\/hidraulinis-krastovaizdzio-greblys-wolverine-hr18\/"},"modified":"2025-10-29T13:34:14","modified_gmt":"2025-10-29T13:34:14","slug":"hidraulinis-krastovaizdzio-greblys-wolverine-hr18","status":"publish","type":"product","link":"https:\/\/kasima.lt\/lv\/produktas\/hidraulinis-krastovaizdzio-greblys-wolverine-hr18\/","title":{"rendered":"Wolverine HR18 hidrauliskais ainavu gr\u0101beklis"},"content":{"rendered":"<p>Ainavu gr\u0101bek\u013ci mini iekr\u0101v\u0113ja p\u0101rdo\u0161anai &#8211; Wolverine HR18<\/p>\n<p>Ra\u017eot\u0101js: Wolverine<br \/>\nModelis: HR18<\/p>\n<p>Svars: 650 kg<br \/>\nKop\u0113jais platums: 200 cm<br \/>\nDarba platums: 170 cm<br \/>\nGarums: 170 cm<br \/>\nAugstums: 98 cm<br \/>\nParedz\u0113ts standarta hidrauliskajai pl\u016bsmai.<\/p>\n<p>Uzst\u0101d\u012b\u0161ana: sl\u012bdkr\u0101v\u0113ju iekr\u0101v\u0113ji (standarta sl\u012bdkr\u0101v\u0113ja savienot\u0101js).<\/p>\n<p>Wolverine HR18 ir profesion\u0101ls ainavu gr\u0101beklis da\u017e\u0101du virsmu izl\u012bdzin\u0101\u0161anai, akme\u0146u un gru\u017eu sav\u0101k\u0161anai un augsnes sagatavo\u0161anai. Ide\u0101li piem\u0113rots ainavu veido\u0161anai, b\u016bvniec\u012bbai un lauksaimniec\u012bbas darbiem. Iztur\u012bga, iztur\u012bga konstrukcija efekt\u012bvam darbam ar mini iekr\u0101v\u0113ju.  <\/p>\n<p><iframe loading=\"lazy\" title=\"Skid steer rake\" width=\"1080\" height=\"608\" src=\"https:\/\/www.youtube.com\/embed\/H0uix54a4XU?feature=oembed\"  allow=\"accelerometer; autoplay; clipboard-write; encrypted-media; gyroscope; picture-in-picture; web-share\" referrerpolicy=\"strict-origin-when-cross-origin\" allowfullscreen><\/iframe><\/p>\n","protected":false},"excerpt":{"rendered":"<p>Cena bez PVN<\/p>\n<p>Ra\u017eot\u0101js: Wolverine<br \/>\nModelis: HR18<br \/>\nZvans: <a href=\"tel:+37067607071\">+37067607071<\/a><br \/>\nE-pasts: <a href=\"mailto:sales@kasima.lt\">sales@kasima.lt<\/a><\/p>\n","protected":false},"featured_media":47071,"template":"","meta":{"_et_pb_use_builder":"","_et_pb_old_content":"","_et_gb_content_width":"","_monsterinsights_skip_tracking":false,"_monsterinsights_sitenote_active":false,"_monsterinsights_sitenote_note":"","_monsterinsights_sitenote_category":0},"product_brand":[],"product_cat":[153,154,166,155,237,151,179],"product_tag":[],"class_list":{"0":"post-47151","1":"product","2":"type-product","3":"status-publish","4":"has-post-thumbnail","6":"product_cat-15-3-tonnas","7":"product_cat-3-5-tonnas","8":"product_cat-5-7-tonnas","9":"product_cat-jauns","10":"product_cat-citi-piederumi","11":"product_cat-mini-iekraveji","12":"product_cat-zemes-griezeji","14":"first","15":"instock","16":"shipping-taxable","17":"purchasable","18":"product-type-simple"},"aioseo_notices":[],"_links":{"self":[{"href":"https:\/\/kasima.lt\/lv\/wp-json\/wp\/v2\/product\/47151","targetHints":{"allow":["GET"]}}],"collection":[{"href":"https:\/\/kasima.lt\/lv\/wp-json\/wp\/v2\/product"}],"about":[{"href":"https:\/\/kasima.lt\/lv\/wp-json\/wp\/v2\/types\/product"}],"wp:featuredmedia":[{"embeddable":true,"href":"https:\/\/kasima.lt\/lv\/wp-json\/wp\/v2\/media\/47071"}],"wp:attachment":[{"href":"https:\/\/kasima.lt\/lv\/wp-json\/wp\/v2\/media?parent=47151"}],"wp:term":[{"taxonomy":"product_brand","embeddable":true,"href":"https:\/\/kasima.lt\/lv\/wp-json\/wp\/v2\/product_brand?post=47151"},{"taxonomy":"product_cat","embeddable":true,"href":"https:\/\/kasima.lt\/lv\/wp-json\/wp\/v2\/product_cat?post=47151"},{"taxonomy":"product_tag","embeddable":true,"href":"https:\/\/kasima.lt\/lv\/wp-json\/wp\/v2\/product_tag?post=47151"}],"curies":[{"name":"wp","href":"https:\/\/api.w.org\/{rel}","templated":true}]}}