{"id":46840,"date":"2025-05-15T08:14:55","date_gmt":"2025-05-15T08:14:55","guid":{"rendered":"https:\/\/kasima.lt\/produktas\/claas-pakelimo-cilindrai\/"},"modified":"2025-10-29T13:33:46","modified_gmt":"2025-10-29T13:33:46","slug":"claas-pakelimo-cilindrai","status":"publish","type":"product","link":"https:\/\/kasima.lt\/lv\/produktas\/claas-pakelimo-cilindrai\/","title":{"rendered":"Claas pac\u0113l\u0101ju cilindri"},"content":{"rendered":"<p>\u0160\u012b da\u013ca ir lietota, bet lab\u0101 st\u0101vokl\u012b<br \/>\nNo\u0146emts no Claas Arion 530, 2013. gads<br \/>\nDeta\u013cas numurs:<br \/>\n6005029892<br \/>\n6005021176<br \/>\n22975\/J<br \/>\n199198<br \/>\nSV29\/11<br \/>\nCena par vien\u012bbu<\/p>\n","protected":false},"excerpt":{"rendered":"<p>Cena bez PVN<\/p>\n<p>Ra\u017eot\u0101js: CLAAS<br \/>\nModelis: CL530ARION0019<br \/>\nIzsaukums: <a href=\"tel:+37060842988\">+37060842988<\/a><br \/>\nE-pasts: <a href=\"mailto:usedparts@kasima.lt\">usedparts@kasima.lt<\/a><\/p>\n","protected":false},"featured_media":46816,"template":"","meta":{"_et_pb_use_builder":"","_et_pb_old_content":"","_et_gb_content_width":"","_monsterinsights_skip_tracking":false,"_monsterinsights_sitenote_active":false,"_monsterinsights_sitenote_note":"","_monsterinsights_sitenote_category":0},"product_brand":[],"product_cat":[887,498,613,318,701,455],"product_tag":[],"class_list":{"0":"post-46840","1":"product","2":"type-product","3":"status-publish","4":"has-post-thumbnail","6":"product_cat-arion-530-2013","7":"product_cat-claas-dalas","8":"product_cat-hidrauliskie-cilindri","9":"product_cat-lietotas-dalas","10":"product_cat-traktoru-dalas","11":"product_cat-lauksaimniecibas-tehnikas-dalas","13":"first","14":"instock","15":"shipping-taxable","16":"purchasable","17":"product-type-simple"},"aioseo_notices":[],"_links":{"self":[{"href":"https:\/\/kasima.lt\/lv\/wp-json\/wp\/v2\/product\/46840","targetHints":{"allow":["GET"]}}],"collection":[{"href":"https:\/\/kasima.lt\/lv\/wp-json\/wp\/v2\/product"}],"about":[{"href":"https:\/\/kasima.lt\/lv\/wp-json\/wp\/v2\/types\/product"}],"wp:featuredmedia":[{"embeddable":true,"href":"https:\/\/kasima.lt\/lv\/wp-json\/wp\/v2\/media\/46816"}],"wp:attachment":[{"href":"https:\/\/kasima.lt\/lv\/wp-json\/wp\/v2\/media?parent=46840"}],"wp:term":[{"taxonomy":"product_brand","embeddable":true,"href":"https:\/\/kasima.lt\/lv\/wp-json\/wp\/v2\/product_brand?post=46840"},{"taxonomy":"product_cat","embeddable":true,"href":"https:\/\/kasima.lt\/lv\/wp-json\/wp\/v2\/product_cat?post=46840"},{"taxonomy":"product_tag","embeddable":true,"href":"https:\/\/kasima.lt\/lv\/wp-json\/wp\/v2\/product_tag?post=46840"}],"curies":[{"name":"wp","href":"https:\/\/api.w.org\/{rel}","templated":true}]}}