{"id":46785,"date":"2025-05-15T07:37:53","date_gmt":"2025-05-15T07:37:53","guid":{"rendered":"https:\/\/kasima.lt\/produktas\/mini-ekskavatorius-komatsu-pc30mr-2\/"},"modified":"2025-10-29T13:33:46","modified_gmt":"2025-10-29T13:33:46","slug":"mini-ekskavatorius-komatsu-pc30mr-2","status":"publish","type":"product","link":"https:\/\/kasima.lt\/lv\/produktas\/mini-ekskavatorius-komatsu-pc30mr-2\/","title":{"rendered":"Komatsu PC30MR-2 mini ekskavators"},"content":{"rendered":"<p>Komatsu PC30MR-2 mini ekskavators p\u0101rdo\u0161anai Lietuv\u0101<\/p>\n<p>Gads: 2006<br \/>\nMotora stundas: 3 630 h<br \/>\nDarb\u012bbas svars: 3 300 kg<br \/>\nDzin\u0113js: Yanmar 20,6 kw<\/p>\n<p>Gar\u0161 str\u0113le &#8211; liel\u0101ks rak\u0161anas dzi\u013cums un darba att\u0101lums<br \/>\nKauss &#8211; iek\u013cauts komplekt\u0101cij\u0101<br \/>\nSMP hidrauliskais \u0101trgaitas savienot\u0101js &#8211; \u0101trai uzkabes piederumu nomai\u0146ai<br \/>\nEngcon rototilt &#8211; \u013cauj kausam griezties un noliekties, ide\u0101li piem\u0113rots sare\u017e\u0123\u012btiem rak\u0161anas darbiem<br \/>\nPapildu darba apgaismojums<\/p>\n<p>Var apr\u012bkot ar zemes urbjiem, pale\u0161u dak\u0161\u0101m vai citiem piederumiem.<\/p>\n<p><iframe loading=\"lazy\" title=\"Komatsu PC30MR-2, 2006\" width=\"1080\" height=\"608\" src=\"https:\/\/www.youtube.com\/embed\/rfPTwqfpVI0?feature=oembed\"  allow=\"accelerometer; autoplay; clipboard-write; encrypted-media; gyroscope; picture-in-picture; web-share\" referrerpolicy=\"strict-origin-when-cross-origin\" allowfullscreen><\/iframe><\/p>\n","protected":false},"excerpt":{"rendered":"<p>Cena bez PVN<\/p>\n<p>Ra\u017eot\u0101js: Komatsu<br \/>\nModelis: PC30MR-2<br \/>\nZvans: <a href=\"tel:+37067607071\">+37067607071<\/a><br \/>\nE-pasts: <a href=\"mailto:sales@kasima.lt\">sales@kasima.lt<\/a><\/p>\n","protected":false},"featured_media":46752,"template":"","meta":{"_et_pb_use_builder":"","_et_pb_old_content":"","_et_gb_content_width":"","_monsterinsights_skip_tracking":false,"_monsterinsights_sitenote_active":false,"_monsterinsights_sitenote_note":"","_monsterinsights_sitenote_category":0},"product_brand":[],"product_cat":[149],"product_tag":[],"class_list":{"0":"post-46785","1":"product","2":"type-product","3":"status-publish","4":"has-post-thumbnail","6":"product_cat-buvnieciba","8":"first","9":"outofstock","10":"shipping-taxable","11":"product-type-simple"},"aioseo_notices":[],"_links":{"self":[{"href":"https:\/\/kasima.lt\/lv\/wp-json\/wp\/v2\/product\/46785","targetHints":{"allow":["GET"]}}],"collection":[{"href":"https:\/\/kasima.lt\/lv\/wp-json\/wp\/v2\/product"}],"about":[{"href":"https:\/\/kasima.lt\/lv\/wp-json\/wp\/v2\/types\/product"}],"wp:featuredmedia":[{"embeddable":true,"href":"https:\/\/kasima.lt\/lv\/wp-json\/wp\/v2\/media\/46752"}],"wp:attachment":[{"href":"https:\/\/kasima.lt\/lv\/wp-json\/wp\/v2\/media?parent=46785"}],"wp:term":[{"taxonomy":"product_brand","embeddable":true,"href":"https:\/\/kasima.lt\/lv\/wp-json\/wp\/v2\/product_brand?post=46785"},{"taxonomy":"product_cat","embeddable":true,"href":"https:\/\/kasima.lt\/lv\/wp-json\/wp\/v2\/product_cat?post=46785"},{"taxonomy":"product_tag","embeddable":true,"href":"https:\/\/kasima.lt\/lv\/wp-json\/wp\/v2\/product_tag?post=46785"}],"curies":[{"name":"wp","href":"https:\/\/api.w.org\/{rel}","templated":true}]}}