{"id":46305,"date":"2025-05-14T11:41:00","date_gmt":"2025-05-14T11:41:00","guid":{"rendered":"https:\/\/kasima.lt\/produktas\/claas-ac-kompresorius\/"},"modified":"2025-10-29T13:33:44","modified_gmt":"2025-10-29T13:33:44","slug":"claas-ac-kompresorius","status":"publish","type":"product","link":"https:\/\/kasima.lt\/lv\/produktas\/claas-ac-kompresorius\/","title":{"rendered":"Claas AC kompresors"},"content":{"rendered":"<p>\u0160\u012b da\u013ca ir lietota, teicam\u0101 st\u0101vokl\u012b<br \/>\nNo\u0146emts no Claas Arion 530, 2013. gads<br \/>\nDeta\u013cas numurs:<br \/>\nHFC134a<br \/>\n447200-2690<\/p>\n","protected":false},"excerpt":{"rendered":"<p>Cena bez PVN<\/p>\n<p>Ra\u017eot\u0101js: CLAAS<br \/>\nModelis: CL530ARION0008<br \/>\nIzsaukums: <a href=\"tel:+37060842988\">+37060842988<\/a><br \/>\nE-pasts: <a href=\"mailto:usedparts@kasima.lt\">usedparts@kasima.lt<\/a><\/p>\n","protected":false},"featured_media":46291,"template":"","meta":{"_et_pb_use_builder":"","_et_pb_old_content":"","_et_gb_content_width":"","_monsterinsights_skip_tracking":false,"_monsterinsights_sitenote_active":false,"_monsterinsights_sitenote_note":"","_monsterinsights_sitenote_category":0},"product_brand":[],"product_cat":[887,942,498,490,318,701,455,721,807],"product_tag":[],"class_list":{"0":"post-46305","1":"product","2":"type-product","3":"status-publish","4":"has-post-thumbnail","6":"product_cat-arion-530-2013","7":"product_cat-kompresori","8":"product_cat-claas-dalas","9":"product_cat-elektronikas-dalas","10":"product_cat-lietotas-dalas","11":"product_cat-traktoru-dalas","12":"product_cat-lauksaimniecibas-tehnikas-dalas","13":"product_cat-motora-dalas","14":"product_cat-dzesesanas-sistemas-un-to-komponenti","16":"first","17":"instock","18":"shipping-taxable","19":"purchasable","20":"product-type-simple"},"aioseo_notices":[],"_links":{"self":[{"href":"https:\/\/kasima.lt\/lv\/wp-json\/wp\/v2\/product\/46305","targetHints":{"allow":["GET"]}}],"collection":[{"href":"https:\/\/kasima.lt\/lv\/wp-json\/wp\/v2\/product"}],"about":[{"href":"https:\/\/kasima.lt\/lv\/wp-json\/wp\/v2\/types\/product"}],"wp:featuredmedia":[{"embeddable":true,"href":"https:\/\/kasima.lt\/lv\/wp-json\/wp\/v2\/media\/46291"}],"wp:attachment":[{"href":"https:\/\/kasima.lt\/lv\/wp-json\/wp\/v2\/media?parent=46305"}],"wp:term":[{"taxonomy":"product_brand","embeddable":true,"href":"https:\/\/kasima.lt\/lv\/wp-json\/wp\/v2\/product_brand?post=46305"},{"taxonomy":"product_cat","embeddable":true,"href":"https:\/\/kasima.lt\/lv\/wp-json\/wp\/v2\/product_cat?post=46305"},{"taxonomy":"product_tag","embeddable":true,"href":"https:\/\/kasima.lt\/lv\/wp-json\/wp\/v2\/product_tag?post=46305"}],"curies":[{"name":"wp","href":"https:\/\/api.w.org\/{rel}","templated":true}]}}