{"id":46275,"date":"2025-05-14T11:25:54","date_gmt":"2025-05-14T11:25:54","guid":{"rendered":"https:\/\/kasima.lt\/produktas\/claas-viskozinis-ventiliatorius\/"},"modified":"2025-10-29T13:33:44","modified_gmt":"2025-10-29T13:33:44","slug":"claas-viskozinis-ventiliatorius","status":"publish","type":"product","link":"https:\/\/kasima.lt\/lv\/produktas\/claas-viskozinis-ventiliatorius\/","title":{"rendered":"Claas viskozs ventilators"},"content":{"rendered":"<p>\u0160\u012b da\u013ca ir lietota, teicam\u0101 st\u0101vokl\u012b<br \/>\nNo\u0146emts no Claas Arion 530, 2013 gads<br \/>\nDeta\u013cas numurs: 0011137131<\/p>\n","protected":false},"excerpt":{"rendered":"<p>Cena bez PVN<\/p>\n<p>Ra\u017eot\u0101js: CLAAS<br \/>\nModelis: CL530ARION0007<br \/>\nIzsaukums: <a href=\"tel:+37060842988\">+37060842988<\/a><br \/>\nE-pasts: <a href=\"mailto:usedparts@kasima.lt\">usedparts@kasima.lt<\/a><\/p>\n","protected":false},"featured_media":46266,"template":"","meta":{"_et_pb_use_builder":"","_et_pb_old_content":"","_et_gb_content_width":"","_monsterinsights_skip_tracking":false,"_monsterinsights_sitenote_active":false,"_monsterinsights_sitenote_note":"","_monsterinsights_sitenote_category":0},"product_brand":[],"product_cat":[887,498,318,701,455,721,807],"product_tag":[],"class_list":{"0":"post-46275","1":"product","2":"type-product","3":"status-publish","4":"has-post-thumbnail","6":"product_cat-arion-530-2013","7":"product_cat-claas-dalas","8":"product_cat-lietotas-dalas","9":"product_cat-traktoru-dalas","10":"product_cat-lauksaimniecibas-tehnikas-dalas","11":"product_cat-motora-dalas","12":"product_cat-dzesesanas-sistemas-un-to-komponenti","14":"first","15":"instock","16":"shipping-taxable","17":"purchasable","18":"product-type-simple"},"aioseo_notices":[],"_links":{"self":[{"href":"https:\/\/kasima.lt\/lv\/wp-json\/wp\/v2\/product\/46275","targetHints":{"allow":["GET"]}}],"collection":[{"href":"https:\/\/kasima.lt\/lv\/wp-json\/wp\/v2\/product"}],"about":[{"href":"https:\/\/kasima.lt\/lv\/wp-json\/wp\/v2\/types\/product"}],"wp:featuredmedia":[{"embeddable":true,"href":"https:\/\/kasima.lt\/lv\/wp-json\/wp\/v2\/media\/46266"}],"wp:attachment":[{"href":"https:\/\/kasima.lt\/lv\/wp-json\/wp\/v2\/media?parent=46275"}],"wp:term":[{"taxonomy":"product_brand","embeddable":true,"href":"https:\/\/kasima.lt\/lv\/wp-json\/wp\/v2\/product_brand?post=46275"},{"taxonomy":"product_cat","embeddable":true,"href":"https:\/\/kasima.lt\/lv\/wp-json\/wp\/v2\/product_cat?post=46275"},{"taxonomy":"product_tag","embeddable":true,"href":"https:\/\/kasima.lt\/lv\/wp-json\/wp\/v2\/product_tag?post=46275"}],"curies":[{"name":"wp","href":"https:\/\/api.w.org\/{rel}","templated":true}]}}