{"id":46133,"date":"2025-05-13T12:56:16","date_gmt":"2025-05-13T12:56:16","guid":{"rendered":"https:\/\/kasima.lt\/produktas\/asfalto-freza-wirtgen-w200i-2\/"},"modified":"2025-10-29T13:33:43","modified_gmt":"2025-10-29T13:33:43","slug":"asfalto-freza-wirtgen-w200i-2","status":"publish","type":"product","link":"https:\/\/kasima.lt\/lv\/produktas\/asfalto-freza-wirtgen-w200i-2\/","title":{"rendered":"Asfalta fr\u0113z\u0113\u0161anas ma\u0161\u012bna Wirtgen W200i"},"content":{"rendered":"<p>Asfalta fr\u0113z\u0113t\u0101js Wirtgen W200i (2013) &#8211; Lietuv\u0101 netiek izmantots<\/p>\n<p>Tehniskie dati:<br \/>\nRa\u017eot\u0101js: Wirtgen<br \/>\nModelis: W200i<br \/>\nRa\u017eo\u0161anas gads: 2013<br \/>\nDarb\u012bbas stundas: 7364<br \/>\nDzin\u0113js: Cummins, 433 kW<br \/>\nSvars: 25 350 kg<br \/>\nFr\u0113z\u0113\u0161anas cilindrs: FB2200<br \/>\nFr\u0113z\u0113\u0161anas dzi\u013cums: no 0 l\u012bdz 330 mm.<\/p>\n<p>Funkcijas un \u012bpa\u0161\u012bbas:<br \/>\nLevel Pro vad\u012bbas sist\u0113ma &#8211; autom\u0101tiska griezuma dzi\u013cuma kontrole prec\u012bzai un efekt\u012bvai darba pl\u016bsmai.<br \/>\nLeica\/MOBA GAZ kontrolieris ar inklinometru &#8211; uzlabota 2D sl\u012bpuma un sl\u012bpuma kontrole.<br \/>\nDarba pl\u016bsmas uzraudz\u012bbas kameras<br \/>\nVCS &#8211; Vakuuma fr\u0113z\u0113\u0161anas sist\u0113ma &#8211; samazina putek\u013cu daudzumu darba laik\u0101 un uzlabo darba apst\u0101k\u013cus.<br \/>\nFr\u0113z\u0113\u0161anas elementu dzes\u0113\u0161anas sist\u0113ma &#8211; ar \u016bdens s\u016bkni, kas ir jut\u012bgs pret slodzi, lai palielin\u0101tu deta\u013cu iztur\u012bbu.<br \/>\nHidrauliskais \u016bdens tvertnes uzpildes s\u016bknis &#8211; \u0101tra un \u0113rta tvertnes uzpild\u012b\u0161ana.<br \/>\nAugstspiediena roku mazg\u0101\u0161anas sist\u0113ma &#8211; lai ier\u012bces saglab\u0101tu t\u012br\u012bbu.<br \/>\nSpiediena mazg\u0101\u0161anas sist\u0113ma &#8211; nodro\u0161ina labu fr\u0113z\u0113\u0161anas virsmas dzes\u0113\u0161anu un t\u012br\u012b\u0161anu.<br \/>\nSalok\u0101ms un hidrauliski rot\u0113jo\u0161s konveijers, kas atvieglo materi\u0101lu transport\u0113\u0161anu un izkrau\u0161anu.<br \/>\nHidrauliski salok\u0101ms jumti\u0146\u0161 &#8211; \u0113rtai p\u0101rvieto\u0161anai un transport\u0113\u0161anai.<br \/>\n1700 kg papildu svars uzlabotai vilkmei un darba stabilit\u0101tei.<br \/>\nMonitora sist\u0113ma &#8211; skaidra un detaliz\u0113ta griez\u0113ja darba parametru uzraudz\u012bba kab\u012bn\u0113.<\/p>\n<p>Galven\u0101s priek\u0161roc\u012bbas:<br \/>\nLietuv\u0101 nelietots &#8211; lab\u0101 st\u0101vokl\u012b.<br \/>\nApr\u012bkots ar modern\u0101m augstuma un dzi\u013cuma kontroles sist\u0113m\u0101m.<br \/>\nPiem\u0113rots liela m\u0113roga ce\u013cu fr\u0113z\u0113\u0161anai, k\u0101 ar\u012b prec\u012bziem darbiem pils\u0113t\u0101s.<\/p>\n<p><iframe loading=\"lazy\" title=\"Wirtgen W200i \u2502 UAB KASIMA\" width=\"1080\" height=\"608\" src=\"https:\/\/www.youtube.com\/embed\/FGH4sLqfan8?feature=oembed\"  allow=\"accelerometer; autoplay; clipboard-write; encrypted-media; gyroscope; picture-in-picture; web-share\" referrerpolicy=\"strict-origin-when-cross-origin\" allowfullscreen><\/iframe><\/p>\n","protected":false},"excerpt":{"rendered":"<p>Cena bez PVN<\/p>\n<p>Ra\u017eot\u0101js: Wirtgen<br \/>\nModelis: W200i<br \/>\nZvan\u012bt: <a href=\"tel:+37067607071\">+37067607071<\/a><br \/>\nE-pasts: <a href=\"mailto:sales@kasima.lt\">sales@kasima.lt<\/a><\/p>\n","protected":false},"featured_media":57629,"template":"","meta":{"_et_pb_use_builder":"","_et_pb_old_content":"","_et_gb_content_width":"","_monsterinsights_skip_tracking":false,"_monsterinsights_sitenote_active":false,"_monsterinsights_sitenote_note":"","_monsterinsights_sitenote_category":0},"product_brand":[],"product_cat":[208],"product_tag":[],"class_list":{"0":"post-46133","1":"product","2":"type-product","3":"status-publish","4":"has-post-thumbnail","6":"product_cat-celu-buvnieciba","8":"first","9":"outofstock","10":"shipping-taxable","11":"product-type-simple"},"aioseo_notices":[],"_links":{"self":[{"href":"https:\/\/kasima.lt\/lv\/wp-json\/wp\/v2\/product\/46133","targetHints":{"allow":["GET"]}}],"collection":[{"href":"https:\/\/kasima.lt\/lv\/wp-json\/wp\/v2\/product"}],"about":[{"href":"https:\/\/kasima.lt\/lv\/wp-json\/wp\/v2\/types\/product"}],"wp:featuredmedia":[{"embeddable":true,"href":"https:\/\/kasima.lt\/lv\/wp-json\/wp\/v2\/media\/57629"}],"wp:attachment":[{"href":"https:\/\/kasima.lt\/lv\/wp-json\/wp\/v2\/media?parent=46133"}],"wp:term":[{"taxonomy":"product_brand","embeddable":true,"href":"https:\/\/kasima.lt\/lv\/wp-json\/wp\/v2\/product_brand?post=46133"},{"taxonomy":"product_cat","embeddable":true,"href":"https:\/\/kasima.lt\/lv\/wp-json\/wp\/v2\/product_cat?post=46133"},{"taxonomy":"product_tag","embeddable":true,"href":"https:\/\/kasima.lt\/lv\/wp-json\/wp\/v2\/product_tag?post=46133"}],"curies":[{"name":"wp","href":"https:\/\/api.w.org\/{rel}","templated":true}]}}