{"id":45350,"date":"2025-04-25T12:01:13","date_gmt":"2025-04-25T12:01:13","guid":{"rendered":"https:\/\/kasima.lt\/produktas\/mini-krautuvas-bobcat-s76\/"},"modified":"2025-10-29T13:33:42","modified_gmt":"2025-10-29T13:33:42","slug":"mini-krautuvas-bobcat-s76","status":"publish","type":"product","link":"https:\/\/kasima.lt\/lv\/produktas\/mini-krautuvas-bobcat-s76\/","title":{"rendered":"Mini iekr\u0101v\u0113ji Bobcat S76"},"content":{"rendered":"<p>Bobcat S76 rite\u0146veida sl\u012bdkr\u0101\u0101v\u0113js p\u0101rdo\u0161anai teicam\u0101 st\u0101vokl\u012b,<\/p>\n<p>Uzb\u016bv\u0113ts 2022. gad\u0101, ar tikai 360 moto stund\u0101m.<\/p>\n<p>\u0160\u012b daudzpus\u012bg\u0101 un jaud\u012bg\u0101 ma\u0161\u012bna ir ide\u0101li piem\u0113rota celtniec\u012bbas, lauksaimniec\u012bbas un komun\u0101lajiem darbiem.<\/p>\n<p>Tehnisk\u0101s specifik\u0101cijas:<br \/>\nDzin\u0113ja jauda: 74 ZS (55,2 kW)<br \/>\nDarb\u012bbas svars: 3 750 kg<br \/>\nDivu \u0101trumu transmisija, maksim\u0101lais \u0101trums l\u012bdz 19 km\/h<br \/>\nHidraulisk\u0101s sist\u0113mas jauda:<br \/>\nStandarta pl\u016bsma: 88,1 l\/min<br \/>\nLiela pl\u016bsma: 114,7 l\/min<\/p>\n<p>Izm\u0113ri:<br \/>\nGarums bez kausa: 2,893 m<br \/>\nGarums ar kausu: 3,735 m<br \/>\nPlatums bez kausa: 1,829 m<br \/>\nPlatums ar kausu: 1,880 m<br \/>\nAugstums l\u012bdz kab\u012bnes virspusei: 2,078 m<br \/>\nAugstums l\u012bdz kausa e\u0146\u0123\u0113m: 3,259 m<\/p>\n<p>Papildapr\u012bkojums:<br \/>\n2 \u0101trumi<br \/>\nBob-Tach hidraulisk\u0101 stiprin\u0101jumu mai\u0146a<br \/>\nHigh Flow sist\u0113ma<br \/>\n\u0100tr\u0101s sakabes hidraulisk\u0101 sist\u0113ma ar spiediena aizsardz\u012bbu.<\/p>\n<p>Priek\u0161roc\u012bbas:<br \/>\nMaz lietots &#8211; tikai 360 moto stundu<br \/>\nUzticams, jaud\u012bgs un ekonomisks dzin\u0113js<br \/>\nLieliska manevr\u0113tsp\u0113ja un celtsp\u0113ja<br \/>\nPieejams ar pla\u0161u apr\u012bkojuma kl\u0101stu, piem\u0113ram, kausiem, dak\u0161\u0101m, urbjma\u0161\u012bn\u0101m utt.<br \/>\nGatavs darbam!<\/p>\n<p><iframe loading=\"lazy\" title=\"Bobcat S76, 2022 for sale!\" width=\"1080\" height=\"608\" src=\"https:\/\/www.youtube.com\/embed\/KjT2SXwjCQY?feature=oembed\"  allow=\"accelerometer; autoplay; clipboard-write; encrypted-media; gyroscope; picture-in-picture; web-share\" referrerpolicy=\"strict-origin-when-cross-origin\" allowfullscreen><\/iframe><\/p>\n","protected":false},"excerpt":{"rendered":"<p>Cena bez PVN<\/p>\n<p>Ra\u017eot\u0101js: Bobcat<br \/>\nModelis: S76<br \/>\nZvans: <a href=\"tel:+37067607071\">+37067607071<\/a><br \/>\nE-pasts: <a href=\"mailto:sales@kasima.lt\">sales@kasima.lt<\/a><\/p>\n","protected":false},"featured_media":45221,"template":"","meta":{"_et_pb_use_builder":"","_et_pb_old_content":"","_et_gb_content_width":"","_monsterinsights_skip_tracking":false,"_monsterinsights_sitenote_active":false,"_monsterinsights_sitenote_note":"","_monsterinsights_sitenote_category":0},"product_brand":[],"product_cat":[208,149],"product_tag":[],"class_list":{"0":"post-45350","1":"product","2":"type-product","3":"status-publish","4":"has-post-thumbnail","6":"product_cat-celu-buvnieciba","7":"product_cat-buvnieciba","9":"first","10":"outofstock","11":"shipping-taxable","12":"product-type-simple"},"aioseo_notices":[],"_links":{"self":[{"href":"https:\/\/kasima.lt\/lv\/wp-json\/wp\/v2\/product\/45350","targetHints":{"allow":["GET"]}}],"collection":[{"href":"https:\/\/kasima.lt\/lv\/wp-json\/wp\/v2\/product"}],"about":[{"href":"https:\/\/kasima.lt\/lv\/wp-json\/wp\/v2\/types\/product"}],"wp:featuredmedia":[{"embeddable":true,"href":"https:\/\/kasima.lt\/lv\/wp-json\/wp\/v2\/media\/45221"}],"wp:attachment":[{"href":"https:\/\/kasima.lt\/lv\/wp-json\/wp\/v2\/media?parent=45350"}],"wp:term":[{"taxonomy":"product_brand","embeddable":true,"href":"https:\/\/kasima.lt\/lv\/wp-json\/wp\/v2\/product_brand?post=45350"},{"taxonomy":"product_cat","embeddable":true,"href":"https:\/\/kasima.lt\/lv\/wp-json\/wp\/v2\/product_cat?post=45350"},{"taxonomy":"product_tag","embeddable":true,"href":"https:\/\/kasima.lt\/lv\/wp-json\/wp\/v2\/product_tag?post=45350"}],"curies":[{"name":"wp","href":"https:\/\/api.w.org\/{rel}","templated":true}]}}