{"id":45204,"date":"2025-04-24T12:37:53","date_gmt":"2025-04-24T12:37:53","guid":{"rendered":"https:\/\/kasima.lt\/produktas\/sandarinimo-irenginys-crafco-super-shot-60\/"},"modified":"2025-10-29T13:33:42","modified_gmt":"2025-10-29T13:33:42","slug":"sandarinimo-irenginys-crafco-super-shot-60","status":"publish","type":"product","link":"https:\/\/kasima.lt\/lv\/produktas\/sandarinimo-irenginys-crafco-super-shot-60\/","title":{"rendered":"CRAFCO Super Shot 60 bl\u012bv\u0113\u0161anas bloks"},"content":{"rendered":"<p>Crafco SS60 Super Shot p\u0101rdo\u0161anai profesion\u0101lai karst\u0101 kaus\u0113juma herm\u0113ti\u0137u un plaisu aizpild\u012b\u0161anai.<br \/>\nUzticams, efekt\u012bvs un gatavs darbam!<\/p>\n<p>Tehniskie dati:<br \/>\nRa\u017eot\u0101js: CRAFCO<br \/>\nModelis: Super Shot 60<br \/>\nGads: 2009<br \/>\nKond\u012bcija:<br \/>\nApkure: Prop\u0101na g\u0101ze &#8211; ekonomiska un \u0101tra sild\u012b\u0161ana<br \/>\nIetilp\u012bba: 60 galonu (aptuveni 227 l) herm\u0113ti\u0137a tvertne<br \/>\nKontrole: Elektroniska temperat\u016bras kontrole<br \/>\nHidraulisk\u0101 sist\u0113ma: kontrol\u0113 mais\u012bt\u0101ju un s\u016bkni, lai nodro\u0161in\u0101tu, ka herm\u0113ti\u0137is ir pareizas konsistences un tiek efekt\u012bvi pieg\u0101d\u0101ts uz virsmas.<\/p>\n<p>Pielietojums: asfalta un citu segumu plaisu, \u0161uvju un savienojumu aizpild\u012b\u0161ana.<\/p>\n<p>K\u0101p\u0113c izv\u0113l\u0113ties \u0161o modeli?<\/p>\n<p>Piem\u0113rots gan maziem, gan vid\u0113ja lieluma projektiem<\/p>\n<p>P\u0101rbaud\u012bts ra\u017eot\u0101js &#8211; Crafco, ce\u013cu uztur\u0113\u0161anas apr\u012bkojuma l\u012bderis<\/p>\n<p>\u0100tra iesild\u012b\u0161an\u0101s un vienk\u0101r\u0161a lieto\u0161ana<\/p>\n<p><iframe loading=\"lazy\" title=\"Crack Sealing: The Foundation For Effective Pavement Preservation | Crafco\" width=\"1080\" height=\"608\" src=\"https:\/\/www.youtube.com\/embed\/m14mKT4gTVQ?feature=oembed\"  allow=\"accelerometer; autoplay; clipboard-write; encrypted-media; gyroscope; picture-in-picture; web-share\" referrerpolicy=\"strict-origin-when-cross-origin\" allowfullscreen><\/iframe><\/p>\n","protected":false},"excerpt":{"rendered":"<p>Cena bez PVN<\/p>\n<p>Ra\u017eot\u0101js: CRAFCO<br \/>\nModelis: SS60<br \/>\nZvans: <a href=\"tel:+37067607071\">+37067607071<\/a><br \/>\nE-pasts: <a href=\"mailto:sales@kasima.lt\">sales@kasima.lt<\/a><\/p>\n","protected":false},"featured_media":45110,"template":"","meta":{"_et_pb_use_builder":"","_et_pb_old_content":"","_et_gb_content_width":"","_monsterinsights_skip_tracking":false,"_monsterinsights_sitenote_active":false,"_monsterinsights_sitenote_note":"","_monsterinsights_sitenote_category":0},"product_brand":[],"product_cat":[208],"product_tag":[],"class_list":{"0":"post-45204","1":"product","2":"type-product","3":"status-publish","4":"has-post-thumbnail","6":"product_cat-celu-buvnieciba","8":"first","9":"outofstock","10":"shipping-taxable","11":"product-type-simple"},"aioseo_notices":[],"_links":{"self":[{"href":"https:\/\/kasima.lt\/lv\/wp-json\/wp\/v2\/product\/45204","targetHints":{"allow":["GET"]}}],"collection":[{"href":"https:\/\/kasima.lt\/lv\/wp-json\/wp\/v2\/product"}],"about":[{"href":"https:\/\/kasima.lt\/lv\/wp-json\/wp\/v2\/types\/product"}],"wp:featuredmedia":[{"embeddable":true,"href":"https:\/\/kasima.lt\/lv\/wp-json\/wp\/v2\/media\/45110"}],"wp:attachment":[{"href":"https:\/\/kasima.lt\/lv\/wp-json\/wp\/v2\/media?parent=45204"}],"wp:term":[{"taxonomy":"product_brand","embeddable":true,"href":"https:\/\/kasima.lt\/lv\/wp-json\/wp\/v2\/product_brand?post=45204"},{"taxonomy":"product_cat","embeddable":true,"href":"https:\/\/kasima.lt\/lv\/wp-json\/wp\/v2\/product_cat?post=45204"},{"taxonomy":"product_tag","embeddable":true,"href":"https:\/\/kasima.lt\/lv\/wp-json\/wp\/v2\/product_tag?post=45204"}],"curies":[{"name":"wp","href":"https:\/\/api.w.org\/{rel}","templated":true}]}}