{"id":44973,"date":"2025-04-23T11:19:37","date_gmt":"2025-04-23T09:19:37","guid":{"rendered":"https:\/\/kasima.lt\/produktas\/bobcat-pakelimo-cilindrai\/"},"modified":"2025-10-29T13:33:41","modified_gmt":"2025-10-29T13:33:41","slug":"bobcat-pakelimo-cilindrai","status":"publish","type":"product","link":"https:\/\/kasima.lt\/lv\/produktas\/bobcat-pakelimo-cilindrai\/","title":{"rendered":"Bobcat pacel\u0161anas cilindri"},"content":{"rendered":"<p>\u0160\u012bs ori\u0123in\u0101l\u0101s da\u013cas ir izmantotas<br \/>\nNo\u0146emts no Bobcat S220, 2008<br \/>\nKataloga Nr.: 6815757<\/p>\n","protected":false},"excerpt":{"rendered":"<p>Cena bez PVN<\/p>\n<p>Ra\u017eot\u0101js: KUBOTA<br \/>\nModelis: KBU550046<br \/>\nIzsaukums: <a href=\"tel:+37060842988\">+37060842988<br \/>\n<\/a>E-pasts: <a href=\"mailto:usedparts@kasima.lt\">usedparts@kasima.lt<\/a><\/p>\n","protected":false},"featured_media":44924,"template":"","meta":{"_et_pb_use_builder":"","_et_pb_old_content":"","_et_gb_content_width":"","_monsterinsights_skip_tracking":false,"_monsterinsights_sitenote_active":false,"_monsterinsights_sitenote_note":"","_monsterinsights_sitenote_category":0},"product_brand":[],"product_cat":[407,828,613,318,693,452],"product_tag":[],"class_list":{"0":"post-44973","1":"product","2":"type-product","3":"status-publish","4":"has-post-thumbnail","6":"product_cat-bobcat-dalas","7":"product_cat-s220-2008","8":"product_cat-hidrauliskie-cilindri","9":"product_cat-lietotas-dalas","10":"product_cat-mini-iekraveju-dalas","11":"product_cat-celtniecibas-tehnikas-dalas","13":"first","14":"instock","15":"shipping-taxable","16":"purchasable","17":"product-type-simple"},"aioseo_notices":[],"_links":{"self":[{"href":"https:\/\/kasima.lt\/lv\/wp-json\/wp\/v2\/product\/44973","targetHints":{"allow":["GET"]}}],"collection":[{"href":"https:\/\/kasima.lt\/lv\/wp-json\/wp\/v2\/product"}],"about":[{"href":"https:\/\/kasima.lt\/lv\/wp-json\/wp\/v2\/types\/product"}],"wp:featuredmedia":[{"embeddable":true,"href":"https:\/\/kasima.lt\/lv\/wp-json\/wp\/v2\/media\/44924"}],"wp:attachment":[{"href":"https:\/\/kasima.lt\/lv\/wp-json\/wp\/v2\/media?parent=44973"}],"wp:term":[{"taxonomy":"product_brand","embeddable":true,"href":"https:\/\/kasima.lt\/lv\/wp-json\/wp\/v2\/product_brand?post=44973"},{"taxonomy":"product_cat","embeddable":true,"href":"https:\/\/kasima.lt\/lv\/wp-json\/wp\/v2\/product_cat?post=44973"},{"taxonomy":"product_tag","embeddable":true,"href":"https:\/\/kasima.lt\/lv\/wp-json\/wp\/v2\/product_tag?post=44973"}],"curies":[{"name":"wp","href":"https:\/\/api.w.org\/{rel}","templated":true}]}}