{"id":44883,"date":"2025-04-22T05:12:00","date_gmt":"2025-04-22T05:12:00","guid":{"rendered":"https:\/\/kasima.lt\/produktas\/bobcat-laidu-komplektas\/"},"modified":"2025-10-29T13:33:41","modified_gmt":"2025-10-29T13:33:41","slug":"bobcat-laidu-komplektas","status":"publish","type":"product","link":"https:\/\/kasima.lt\/lv\/produktas\/bobcat-laidu-komplektas\/","title":{"rendered":"Bobcat elektroinstal\u0101cijas instal\u0101cija"},"content":{"rendered":"<p>\u0160\u012b ori\u0123in\u0101l\u0101 deta\u013ca ir lietota, bet joproj\u0101m ir lab\u0101 st\u0101vokl\u012b.<br \/>\nNo\u0146emts no Bobcat S220, 2008. gads<br \/>\nKataloga Nr.: 7123800<\/p>\n","protected":false},"excerpt":{"rendered":"<p>Cena bez PVN<\/p>\n<p>Ra\u017eot\u0101js: BOBCAT<br \/>\nModelis: S220BC0017<br \/>\nIzsaukums: <a href=\"tel:+37060842988\">+37060842988<br \/>\n<\/a>E-pasts: <a href=\"mailto:usedparts@kasima.lt\">usedparts@kasima.lt<\/a><\/p>\n","protected":false},"featured_media":44864,"template":"","meta":{"_et_pb_use_builder":"","_et_pb_old_content":"","_et_gb_content_width":"","_monsterinsights_skip_tracking":false,"_monsterinsights_sitenote_active":false,"_monsterinsights_sitenote_note":"","_monsterinsights_sitenote_category":0},"product_brand":[],"product_cat":[407,828,490,601,318,693,452],"product_tag":[],"class_list":{"0":"post-44883","1":"product","2":"type-product","3":"status-publish","4":"has-post-thumbnail","6":"product_cat-bobcat-dalas","7":"product_cat-s220-2008","8":"product_cat-elektronikas-dalas","9":"product_cat-vadu-komplekti-un-dalas","10":"product_cat-lietotas-dalas","11":"product_cat-mini-iekraveju-dalas","12":"product_cat-celtniecibas-tehnikas-dalas","14":"first","15":"instock","16":"shipping-taxable","17":"purchasable","18":"product-type-simple"},"aioseo_notices":[],"_links":{"self":[{"href":"https:\/\/kasima.lt\/lv\/wp-json\/wp\/v2\/product\/44883","targetHints":{"allow":["GET"]}}],"collection":[{"href":"https:\/\/kasima.lt\/lv\/wp-json\/wp\/v2\/product"}],"about":[{"href":"https:\/\/kasima.lt\/lv\/wp-json\/wp\/v2\/types\/product"}],"wp:featuredmedia":[{"embeddable":true,"href":"https:\/\/kasima.lt\/lv\/wp-json\/wp\/v2\/media\/44864"}],"wp:attachment":[{"href":"https:\/\/kasima.lt\/lv\/wp-json\/wp\/v2\/media?parent=44883"}],"wp:term":[{"taxonomy":"product_brand","embeddable":true,"href":"https:\/\/kasima.lt\/lv\/wp-json\/wp\/v2\/product_brand?post=44883"},{"taxonomy":"product_cat","embeddable":true,"href":"https:\/\/kasima.lt\/lv\/wp-json\/wp\/v2\/product_cat?post=44883"},{"taxonomy":"product_tag","embeddable":true,"href":"https:\/\/kasima.lt\/lv\/wp-json\/wp\/v2\/product_tag?post=44883"}],"curies":[{"name":"wp","href":"https:\/\/api.w.org\/{rel}","templated":true}]}}