{"id":43323,"date":"2025-04-07T18:57:19","date_gmt":"2025-04-07T18:57:19","guid":{"rendered":"https:\/\/kasima.lt\/produktas\/ratinis-ekskavatorius-volvo-ewr150e\/"},"modified":"2025-10-29T13:33:33","modified_gmt":"2025-10-29T13:33:33","slug":"ratinis-ekskavatorius-volvo-ewr150e","status":"publish","type":"product","link":"https:\/\/kasima.lt\/lv\/produktas\/ratinis-ekskavatorius-volvo-ewr150e\/","title":{"rendered":"Volvo EWR150E rite\u0146u ekskavators"},"content":{"rendered":"<p>Lietuv\u0101 nelietots,<br \/>\n\u013boti lab\u0101 st\u0101vokl\u012b,<\/p>\n<p>Motora stundu skaits 8890<br \/>\nMotora jauda 105 kw.<br \/>\nPa\u0161masa bez kravas 18400 kg.<br \/>\nRototillo<br \/>\nLeica 3D sist\u0113ma<br \/>\n\u0100trs savienojums<br \/>\nCentr\u0101l\u0101 e\u013c\u013co\u0161ana<br \/>\nBuldozera nazis<br \/>\nAtbalsta k\u0101jas OUTRIGGER<br \/>\n3 da\u013cu str\u0113le<br \/>\nHidraulisk\u0101s l\u012bnijas<br \/>\nPiekabes hidraulisk\u0101s l\u012bnijas<br \/>\nPiekabes sakabe<br \/>\nAutonom\u0101 apkure<br \/>\nDegvielas sist\u0113mas priek\u0161sild\u012b\u0161ana<br \/>\n\u0100r\u0113j\u0101s nov\u0113ro\u0161anas kameras<br \/>\nDaudzas citas priek\u0161roc\u012bbas<\/p>\n<p><iframe loading=\"lazy\" title=\"Volvo EWR150E, 2017 FOR SALE!\" width=\"1080\" height=\"608\" src=\"https:\/\/www.youtube.com\/embed\/FCL0pzL0ALY?feature=oembed\"  allow=\"accelerometer; autoplay; clipboard-write; encrypted-media; gyroscope; picture-in-picture; web-share\" referrerpolicy=\"strict-origin-when-cross-origin\" allowfullscreen><\/iframe><\/p>\n<p>&nbsp;<\/p>\n","protected":false},"excerpt":{"rendered":"<p>Cena bez PVN<\/p>\n<p>Ra\u017eot\u0101js: VOLVO<br \/>\nModelis: EWR150E<br \/>\nZvans: <a href=\"tel:+37067607071\">+37067607071<\/a><br \/>\nE-pasts: <a href=\"mailto:sales@kasima.lt\">sales@kasima.lt<\/a><\/p>\n","protected":false},"featured_media":43074,"template":"","meta":{"_et_pb_use_builder":"","_et_pb_old_content":"","_et_gb_content_width":"","_monsterinsights_skip_tracking":false,"_monsterinsights_sitenote_active":false,"_monsterinsights_sitenote_note":"","_monsterinsights_sitenote_category":0},"product_brand":[],"product_cat":[149],"product_tag":[],"class_list":{"0":"post-43323","1":"product","2":"type-product","3":"status-publish","4":"has-post-thumbnail","6":"product_cat-buvnieciba","8":"first","9":"outofstock","10":"shipping-taxable","11":"product-type-simple"},"aioseo_notices":[],"_links":{"self":[{"href":"https:\/\/kasima.lt\/lv\/wp-json\/wp\/v2\/product\/43323","targetHints":{"allow":["GET"]}}],"collection":[{"href":"https:\/\/kasima.lt\/lv\/wp-json\/wp\/v2\/product"}],"about":[{"href":"https:\/\/kasima.lt\/lv\/wp-json\/wp\/v2\/types\/product"}],"wp:featuredmedia":[{"embeddable":true,"href":"https:\/\/kasima.lt\/lv\/wp-json\/wp\/v2\/media\/43074"}],"wp:attachment":[{"href":"https:\/\/kasima.lt\/lv\/wp-json\/wp\/v2\/media?parent=43323"}],"wp:term":[{"taxonomy":"product_brand","embeddable":true,"href":"https:\/\/kasima.lt\/lv\/wp-json\/wp\/v2\/product_brand?post=43323"},{"taxonomy":"product_cat","embeddable":true,"href":"https:\/\/kasima.lt\/lv\/wp-json\/wp\/v2\/product_cat?post=43323"},{"taxonomy":"product_tag","embeddable":true,"href":"https:\/\/kasima.lt\/lv\/wp-json\/wp\/v2\/product_tag?post=43323"}],"curies":[{"name":"wp","href":"https:\/\/api.w.org\/{rel}","templated":true}]}}