{"id":42861,"date":"2025-04-05T11:35:00","date_gmt":"2025-04-05T11:35:00","guid":{"rendered":"https:\/\/kasima.lt\/produktas\/ziauninis-trupintuvas-powerscreen-premiertrak-420e\/"},"modified":"2025-10-29T13:33:32","modified_gmt":"2025-10-29T13:33:32","slug":"ziauninis-trupintuvas-powerscreen-premiertrak-420e","status":"publish","type":"product","link":"https:\/\/kasima.lt\/lv\/produktas\/ziauninis-trupintuvas-powerscreen-premiertrak-420e\/","title":{"rendered":"\u017dok\u013cu tipa drupin\u0101t\u0101js Powerscreen Premiertrak 420E"},"content":{"rendered":"<p>Powerscreen Premiertrak 420E \u017eok\u013ca drupin\u0101t\u0101js,<br \/>\nPowerscreen \u017eok\u013ca drupin\u0101t\u0101ji ir izstr\u0101d\u0101ti t\u0101, lai p\u0101rsniegtu prim\u0101r\u0101s drupin\u0101\u0161anas<br \/>\nklientu vajadz\u012bbas kalnr\u016bpniec\u012bbas, karjeru izstr\u0101des un p\u0101rstr\u0101des nozar\u0113s.<br \/>\n\u0160\u012bs iek\u0101rtas ir vienas no modern\u0101kaj\u0101m un uzticam\u0101kaj\u0101m tirg\u016b.<br \/>\nRa\u017eo\u0161anas gads 2022<br \/>\nDarb\u012bbas uzs\u0101k\u0161ana 2023<br \/>\nDarb\u012bbas stundas 579.<br \/>\nD\u012bze\u013cdzin\u0113js\/elektroapar\u0101ts<br \/>\nJauda: 420 tonnas stund\u0101<br \/>\nBunkuru tilpums: 9 m3<br \/>\nSmalcin\u0101t\u0101js: 1 070 mm x 760 mm<br \/>\nSp\u0113ka bloks (ieb\u016bv\u0113ts \u0123enerators):<br \/>\nScania DC9 &#8211; 257 kW (350 ZS) dzin\u0113js<br \/>\nSvars: 58 000 kg.<\/p>\n<p>Aug\u0161\u0113jais sij\u0101\u0161anas posms &#8211; grizzly k\u0101rtrid\u017ei ar 75 mm (3&#8243;) nomin\u0101lo atstarpi<br \/>\nStiep\u013cu siets apak\u0161\u0113jam sij\u0101\u0161anas posmam &#8211; 38 mm<br \/>\nSmalcin\u0101t\u0101ja atblo\u0137\u0113\u0161anas sist\u0113ma, izmantojot VSD kontrolieri<br \/>\nZobota pl\u0101ksne<br \/>\nSuper zobu \u017eok\u013ca pl\u0101ksnes standarta profil\u0101<br \/>\nPapla\u0161in\u0101ts ra\u017eo\u0161anas konveijers: Izkrau\u0161anas augstums<br \/>\nHidraulisk\u0101 konveijera pacel\u0161ana un nolai\u0161ana<br \/>\nDubultais magn\u0113ts ar magn\u0113tu, \u0161\u013c\u016bten\u0113m, aizsargpl\u0101ksni un stiprin\u0101juma \u0137\u0113d\u0113m<br \/>\nScania DC9 V posma dzin\u0113js, 257 kW (350 ZS)<br \/>\nSald\u0113jami sm\u0113rvielas &#8211; (ieteicams lietot apk\u0101rt\u0113j\u0101s vides temperat\u016br\u0101 no -20 l\u012bdz +30 \u00b0C). Tikai hidraulisk\u0101s un sm\u0113re\u013c\u013cas.<br \/>\nDzin\u0113ja palai\u0161anas aizkave un sign\u0101ls<br \/>\nBr\u012bdin\u0101juma sign\u0101ls par ma\u0161\u012bnas kust\u012bbu un palai\u0161anu<br \/>\nPutek\u013cu sl\u0101p\u0113\u0161anas smidzin\u0101t\u0101ji<br \/>\nVad\u012bbas panelis ar kabeli (pussavienojuma vad\u012bba)<br \/>\nRadio vad\u0101ms vad\u012bbas panelis: ES versija<br \/>\nDivvirzienu kust\u012bbas \u0101trums<br \/>\nApgaismes masts<br \/>\nAutom\u0101tisk\u0101 e\u013c\u013co\u0161anas sist\u0113ma<br \/>\nSprieguma padeve 50 Hz &#8211; tr\u012b\u0161i (uzst\u0101d\u012bti uz ma\u0161\u012bnas, standarta)<br \/>\nSprieguma padeve 60 Hz &#8211; tr\u012b\u0161i (pieg\u0101d\u0101ti atsevi\u0161\u0137i).<\/p>\n<p><iframe loading=\"lazy\" title=\"Powerscreen Premiertrak 420E Electric Jaw Crusher\" width=\"1080\" height=\"608\" src=\"https:\/\/www.youtube.com\/embed\/BVKuzJZZ09s?feature=oembed\"  allow=\"accelerometer; autoplay; clipboard-write; encrypted-media; gyroscope; picture-in-picture; web-share\" referrerpolicy=\"strict-origin-when-cross-origin\" allowfullscreen><\/iframe><\/p>\n","protected":false},"excerpt":{"rendered":"<p>Cena bez PVN<\/p>\n<p>Ra\u017eot\u0101js: Powerscreen<br \/>\nModelis: Premiertrak 420E<br \/>\nZvans: <a href=\"tel:+37067607071\">+37067607071<\/a><br \/>\nE-pasts: <a href=\"mailto:sales@kasima.lt\">sales@kasima.lt<\/a><\/p>\n","protected":false},"featured_media":42702,"template":"","meta":{"_et_pb_use_builder":"","_et_pb_old_content":"","_et_gb_content_width":"","_monsterinsights_skip_tracking":false,"_monsterinsights_sitenote_active":false,"_monsterinsights_sitenote_note":"","_monsterinsights_sitenote_category":0},"product_brand":[],"product_cat":[149],"product_tag":[],"class_list":{"0":"post-42861","1":"product","2":"type-product","3":"status-publish","4":"has-post-thumbnail","6":"product_cat-buvnieciba","8":"first","9":"outofstock","10":"shipping-taxable","11":"product-type-simple"},"aioseo_notices":[],"_links":{"self":[{"href":"https:\/\/kasima.lt\/lv\/wp-json\/wp\/v2\/product\/42861","targetHints":{"allow":["GET"]}}],"collection":[{"href":"https:\/\/kasima.lt\/lv\/wp-json\/wp\/v2\/product"}],"about":[{"href":"https:\/\/kasima.lt\/lv\/wp-json\/wp\/v2\/types\/product"}],"wp:featuredmedia":[{"embeddable":true,"href":"https:\/\/kasima.lt\/lv\/wp-json\/wp\/v2\/media\/42702"}],"wp:attachment":[{"href":"https:\/\/kasima.lt\/lv\/wp-json\/wp\/v2\/media?parent=42861"}],"wp:term":[{"taxonomy":"product_brand","embeddable":true,"href":"https:\/\/kasima.lt\/lv\/wp-json\/wp\/v2\/product_brand?post=42861"},{"taxonomy":"product_cat","embeddable":true,"href":"https:\/\/kasima.lt\/lv\/wp-json\/wp\/v2\/product_cat?post=42861"},{"taxonomy":"product_tag","embeddable":true,"href":"https:\/\/kasima.lt\/lv\/wp-json\/wp\/v2\/product_tag?post=42861"}],"curies":[{"name":"wp","href":"https:\/\/api.w.org\/{rel}","templated":true}]}}