{"id":42407,"date":"2025-04-04T06:30:03","date_gmt":"2025-04-04T06:30:03","guid":{"rendered":"https:\/\/kasima.lt\/produktas\/kubota-degalu-ausintuvas\/"},"modified":"2025-10-29T13:33:31","modified_gmt":"2025-10-29T13:33:31","slug":"kubota-degalu-ausintuvas","status":"publish","type":"product","link":"https:\/\/kasima.lt\/lv\/produktas\/kubota-degalu-ausintuvas\/","title":{"rendered":"Kubota degvielas dzes\u0113t\u0101js"},"content":{"rendered":"<p>\u0160\u012b ori\u0123in\u0101l\u0101 da\u013ca ir lietota, bet lab\u0101 st\u0101vokl\u012b.<br \/>\nNo\u0146emts no Kubota U55-4, 2014. gads<br \/>\nDeta\u013cas numurs: 3P903-04600<\/p>\n","protected":false},"excerpt":{"rendered":"<p>Cena bez PVN<\/p>\n<p>Ra\u017eot\u0101js: KUBOTA<br \/>\nModelis: KBU550024<br \/>\nIzsaukums: <a href=\"tel:+37060842988\">+37060842988<br \/><\/a>E-pasts: <a href=\"mailto:usedparts@kasima.lt\">usedparts@kasima.lt<\/a><\/p>\n","protected":false},"featured_media":42383,"template":"","meta":{"_et_pb_use_builder":"","_et_pb_old_content":"","_et_gb_content_width":"","_monsterinsights_skip_tracking":false,"_monsterinsights_sitenote_active":false,"_monsterinsights_sitenote_note":"","_monsterinsights_sitenote_category":0},"product_brand":[],"product_cat":[902,400,318,685,452,721,807],"product_tag":[],"class_list":{"0":"post-42407","1":"product","2":"type-product","3":"status-publish","4":"has-post-thumbnail","6":"product_cat-u55-4-2014","7":"product_cat-kubota-dalas","8":"product_cat-lietotas-dalas","9":"product_cat-ekskavatoru-dalas","10":"product_cat-celtniecibas-tehnikas-dalas","11":"product_cat-motora-dalas","12":"product_cat-dzesesanas-sistemas-un-to-komponenti","14":"first","15":"instock","16":"shipping-taxable","17":"purchasable","18":"product-type-simple"},"aioseo_notices":[],"_links":{"self":[{"href":"https:\/\/kasima.lt\/lv\/wp-json\/wp\/v2\/product\/42407","targetHints":{"allow":["GET"]}}],"collection":[{"href":"https:\/\/kasima.lt\/lv\/wp-json\/wp\/v2\/product"}],"about":[{"href":"https:\/\/kasima.lt\/lv\/wp-json\/wp\/v2\/types\/product"}],"wp:featuredmedia":[{"embeddable":true,"href":"https:\/\/kasima.lt\/lv\/wp-json\/wp\/v2\/media\/42383"}],"wp:attachment":[{"href":"https:\/\/kasima.lt\/lv\/wp-json\/wp\/v2\/media?parent=42407"}],"wp:term":[{"taxonomy":"product_brand","embeddable":true,"href":"https:\/\/kasima.lt\/lv\/wp-json\/wp\/v2\/product_brand?post=42407"},{"taxonomy":"product_cat","embeddable":true,"href":"https:\/\/kasima.lt\/lv\/wp-json\/wp\/v2\/product_cat?post=42407"},{"taxonomy":"product_tag","embeddable":true,"href":"https:\/\/kasima.lt\/lv\/wp-json\/wp\/v2\/product_tag?post=42407"}],"curies":[{"name":"wp","href":"https:\/\/api.w.org\/{rel}","templated":true}]}}