{"id":41477,"date":"2025-03-27T11:17:48","date_gmt":"2025-03-27T11:17:48","guid":{"rendered":"https:\/\/kasima.lt\/produktas\/kubota-kauso-cilindras\/"},"modified":"2025-10-29T13:33:27","modified_gmt":"2025-10-29T13:33:27","slug":"kubota-kauso-cilindras","status":"publish","type":"product","link":"https:\/\/kasima.lt\/lv\/produktas\/kubota-kauso-cilindras\/","title":{"rendered":"Kubota kausa cilindrs"},"content":{"rendered":"<p>\u0160\u012b ori\u0123in\u0101l\u0101 da\u013ca ir lietota, bet lab\u0101 st\u0101vokl\u012b.<br \/>\nNo\u0146emts no Kubota U55-4, 2014. gads<br \/>\nDeta\u013cas numurs:<br \/>\nRD551-6780-3.<br \/>\n41186<\/p>\n","protected":false},"excerpt":{"rendered":"<p>Cena bez PVN<\/p>\n<p>Ra\u017eot\u0101js: KUBOTA<br \/>\nModelis: KBU550013<br \/>\nIzsaukums: <a href=\"tel:+37060842988\">+37060842988<br \/><\/a>E-pasts: <a href=\"mailto:usedparts@kasima.lt\">usedparts@kasima.lt<\/a><\/p>\n","protected":false},"featured_media":41463,"template":"","meta":{"_et_pb_use_builder":"","_et_pb_old_content":"","_et_gb_content_width":"","_monsterinsights_skip_tracking":false,"_monsterinsights_sitenote_active":false,"_monsterinsights_sitenote_note":"","_monsterinsights_sitenote_category":0},"product_brand":[],"product_cat":[902,400,613,318,685,452],"product_tag":[],"class_list":{"0":"post-41477","1":"product","2":"type-product","3":"status-publish","4":"has-post-thumbnail","6":"product_cat-u55-4-2014","7":"product_cat-kubota-dalas","8":"product_cat-hidrauliskie-cilindri","9":"product_cat-lietotas-dalas","10":"product_cat-ekskavatoru-dalas","11":"product_cat-celtniecibas-tehnikas-dalas","13":"first","14":"instock","15":"shipping-taxable","16":"purchasable","17":"product-type-simple"},"aioseo_notices":[],"_links":{"self":[{"href":"https:\/\/kasima.lt\/lv\/wp-json\/wp\/v2\/product\/41477","targetHints":{"allow":["GET"]}}],"collection":[{"href":"https:\/\/kasima.lt\/lv\/wp-json\/wp\/v2\/product"}],"about":[{"href":"https:\/\/kasima.lt\/lv\/wp-json\/wp\/v2\/types\/product"}],"wp:featuredmedia":[{"embeddable":true,"href":"https:\/\/kasima.lt\/lv\/wp-json\/wp\/v2\/media\/41463"}],"wp:attachment":[{"href":"https:\/\/kasima.lt\/lv\/wp-json\/wp\/v2\/media?parent=41477"}],"wp:term":[{"taxonomy":"product_brand","embeddable":true,"href":"https:\/\/kasima.lt\/lv\/wp-json\/wp\/v2\/product_brand?post=41477"},{"taxonomy":"product_cat","embeddable":true,"href":"https:\/\/kasima.lt\/lv\/wp-json\/wp\/v2\/product_cat?post=41477"},{"taxonomy":"product_tag","embeddable":true,"href":"https:\/\/kasima.lt\/lv\/wp-json\/wp\/v2\/product_tag?post=41477"}],"curies":[{"name":"wp","href":"https:\/\/api.w.org\/{rel}","templated":true}]}}