{"id":41172,"date":"2025-03-26T14:13:33","date_gmt":"2025-03-26T14:13:33","guid":{"rendered":"https:\/\/kasima.lt\/produktas\/jcb-virsutiniai-ir-apatiniai-ritineliai\/"},"modified":"2025-10-29T13:33:26","modified_gmt":"2025-10-29T13:33:26","slug":"jcb-virsutiniai-ir-apatiniai-ritineliai","status":"publish","type":"product","link":"https:\/\/kasima.lt\/lv\/produktas\/jcb-virsutiniai-ir-apatiniai-ritineliai\/","title":{"rendered":"JCB aug\u0161\u0113jie un apak\u0161\u0113jie velt\u0146i"},"content":{"rendered":"<p>\u0160\u012bs ori\u0123in\u0101l\u0101s da\u013cas ir lietotas, bet lab\u0101 st\u0101vokl\u012b.<br \/>\nNo\u0146emts no JCB JS130LC, 2006. gads<br \/>\nDeta\u013cas numurs:<br \/>\n331\/42441<br \/>\n331\/42460<\/p>\n","protected":false},"excerpt":{"rendered":"<p>Cena bez PVN<\/p>\n<p>Ra\u017eot\u0101js: JCB<br \/>\nModelis: JS130LC0056<br \/>\nZvan\u012bt: <a href=\"tel:+37060842988\">+37060842988<br \/><\/a>E-pasts: <a href=\"mailto:usedparts@kasima.lt\">usedparts@kasima.lt<\/a><\/p>\n","protected":false},"featured_media":41133,"template":"","meta":{"_et_pb_use_builder":"","_et_pb_old_content":"","_et_gb_content_width":"","_monsterinsights_skip_tracking":false,"_monsterinsights_sitenote_active":false,"_monsterinsights_sitenote_note":"","_monsterinsights_sitenote_category":0},"product_brand":[],"product_cat":[443,853,318,685,452,681],"product_tag":[],"class_list":{"0":"post-41172","1":"product","2":"type-product","3":"status-publish","4":"has-post-thumbnail","6":"product_cat-jcb-dalas","7":"product_cat-js130lc-2006","8":"product_cat-lietotas-dalas","9":"product_cat-ekskavatoru-dalas","10":"product_cat-celtniecibas-tehnikas-dalas","11":"product_cat-kapuri-un-to-dalas","13":"first","14":"instock","15":"shipping-taxable","16":"product-type-simple"},"aioseo_notices":[],"_links":{"self":[{"href":"https:\/\/kasima.lt\/lv\/wp-json\/wp\/v2\/product\/41172","targetHints":{"allow":["GET"]}}],"collection":[{"href":"https:\/\/kasima.lt\/lv\/wp-json\/wp\/v2\/product"}],"about":[{"href":"https:\/\/kasima.lt\/lv\/wp-json\/wp\/v2\/types\/product"}],"wp:featuredmedia":[{"embeddable":true,"href":"https:\/\/kasima.lt\/lv\/wp-json\/wp\/v2\/media\/41133"}],"wp:attachment":[{"href":"https:\/\/kasima.lt\/lv\/wp-json\/wp\/v2\/media?parent=41172"}],"wp:term":[{"taxonomy":"product_brand","embeddable":true,"href":"https:\/\/kasima.lt\/lv\/wp-json\/wp\/v2\/product_brand?post=41172"},{"taxonomy":"product_cat","embeddable":true,"href":"https:\/\/kasima.lt\/lv\/wp-json\/wp\/v2\/product_cat?post=41172"},{"taxonomy":"product_tag","embeddable":true,"href":"https:\/\/kasima.lt\/lv\/wp-json\/wp\/v2\/product_tag?post=41172"}],"curies":[{"name":"wp","href":"https:\/\/api.w.org\/{rel}","templated":true}]}}