{"id":41057,"date":"2025-03-26T13:09:38","date_gmt":"2025-03-26T13:09:38","guid":{"rendered":"https:\/\/kasima.lt\/produktas\/jcb-kaires-puses-valdymo-svirtis\/"},"modified":"2025-10-29T13:33:26","modified_gmt":"2025-10-29T13:33:26","slug":"jcb-kaires-puses-valdymo-svirtis","status":"publish","type":"product","link":"https:\/\/kasima.lt\/lv\/produktas\/jcb-kaires-puses-valdymo-svirtis\/","title":{"rendered":"JCB kreis\u0101s puses vad\u012bbas d\u017eoistiks"},"content":{"rendered":"<p>\u0160\u012b ori\u0123in\u0101l\u0101 da\u013ca ir lietota, bet lab\u0101 st\u0101vokl\u012b.<br \/>\nNo\u0146emts no JCB JS130LC, 2006. gads<br \/>\nDeta\u013cas numurs:<br \/>\n25\/222891<br \/>\n331\/14366<br \/>\nSavietojama ar JS200 un JS220.<\/p>\n","protected":false},"excerpt":{"rendered":"<p>Cena bez PVN<\/p>\n<p>Ra\u017eot\u0101js: JCB<br \/>\nModelis: JS130LC0031<br \/>\nZvan\u012bt: <a href=\"tel:+37060842988\">+37060842988<br \/><\/a>E-pasts: <a href=\"mailto:usedparts@kasima.lt\">usedparts@kasima.lt<\/a><\/p>\n","protected":false},"featured_media":41033,"template":"","meta":{"_et_pb_use_builder":"","_et_pb_old_content":"","_et_gb_content_width":"","_monsterinsights_skip_tracking":false,"_monsterinsights_sitenote_active":false,"_monsterinsights_sitenote_note":"","_monsterinsights_sitenote_category":0},"product_brand":[],"product_cat":[912,443,853,490,633,645,318,685,452],"product_tag":[],"class_list":{"0":"post-41057","1":"product","2":"type-product","3":"status-publish","4":"has-post-thumbnail","6":"product_cat-vadibas-sviras","7":"product_cat-jcb-dalas","8":"product_cat-js130lc-2006","9":"product_cat-elektronikas-dalas","10":"product_cat-hidrauliskie-varsti","11":"product_cat-kabines-un-to-dalas","12":"product_cat-lietotas-dalas","13":"product_cat-ekskavatoru-dalas","14":"product_cat-celtniecibas-tehnikas-dalas","16":"first","17":"instock","18":"shipping-taxable","19":"purchasable","20":"product-type-simple"},"aioseo_notices":[],"_links":{"self":[{"href":"https:\/\/kasima.lt\/lv\/wp-json\/wp\/v2\/product\/41057","targetHints":{"allow":["GET"]}}],"collection":[{"href":"https:\/\/kasima.lt\/lv\/wp-json\/wp\/v2\/product"}],"about":[{"href":"https:\/\/kasima.lt\/lv\/wp-json\/wp\/v2\/types\/product"}],"wp:featuredmedia":[{"embeddable":true,"href":"https:\/\/kasima.lt\/lv\/wp-json\/wp\/v2\/media\/41033"}],"wp:attachment":[{"href":"https:\/\/kasima.lt\/lv\/wp-json\/wp\/v2\/media?parent=41057"}],"wp:term":[{"taxonomy":"product_brand","embeddable":true,"href":"https:\/\/kasima.lt\/lv\/wp-json\/wp\/v2\/product_brand?post=41057"},{"taxonomy":"product_cat","embeddable":true,"href":"https:\/\/kasima.lt\/lv\/wp-json\/wp\/v2\/product_cat?post=41057"},{"taxonomy":"product_tag","embeddable":true,"href":"https:\/\/kasima.lt\/lv\/wp-json\/wp\/v2\/product_tag?post=41057"}],"curies":[{"name":"wp","href":"https:\/\/api.w.org\/{rel}","templated":true}]}}