{"id":39061,"date":"2025-03-06T13:54:11","date_gmt":"2025-03-06T13:54:11","guid":{"rendered":"https:\/\/kasima.lt\/produktas\/bobcat-t590-a-c-ir-ipurskimo-vamzdeliai\/"},"modified":"2025-10-29T13:33:20","modified_gmt":"2025-10-29T13:33:20","slug":"bobcat-t590-a-c-ir-ipurskimo-vamzdeliai","status":"publish","type":"product","link":"https:\/\/kasima.lt\/lv\/produktas\/bobcat-t590-a-c-ir-ipurskimo-vamzdeliai\/","title":{"rendered":"Bobcat T590 A\/C un iesmidzin\u0101\u0161anas caurules"},"content":{"rendered":"<p>\u0160\u012bs ori\u0123in\u0101l\u0101s da\u013cas ir lietotas, bet lielisk\u0101 st\u0101vokl\u012b.<br \/>\nNo\u0146emtas no Bobcat T590<br \/>\nDeta\u013cas numurs:<br \/>\n7256818<br \/>\n7256819<br \/>\n7256820<br \/>\n7256821<br \/>\n7360253<br \/>\n7360254<\/p>\n","protected":false},"excerpt":{"rendered":"<p>Cena bez PVN<\/p>\n<p>Ra\u017eot\u0101js: BOBCAT<br \/>\nModelis: T590BC0042<br \/>\nIzsaukums: <a href=\"tel:+37060842988\">+37060842988<br \/><\/a>E-pasts: <a href=\"mailto:usedparts@kasima.lt\">usedparts@kasima.lt<\/a><\/p>\n","protected":false},"featured_media":39047,"template":"","meta":{"_et_pb_use_builder":"","_et_pb_old_content":"","_et_gb_content_width":"","_monsterinsights_skip_tracking":false,"_monsterinsights_sitenote_active":false,"_monsterinsights_sitenote_note":"","_monsterinsights_sitenote_category":0},"product_brand":[],"product_cat":[407,832,318,693,452,807,725],"product_tag":[],"class_list":{"0":"post-39061","1":"product","2":"type-product","3":"status-publish","4":"has-post-thumbnail","6":"product_cat-bobcat-dalas","7":"product_cat-t590-2022","8":"product_cat-lietotas-dalas","9":"product_cat-mini-iekraveju-dalas","10":"product_cat-celtniecibas-tehnikas-dalas","11":"product_cat-dzesesanas-sistemas-un-to-komponenti","12":"product_cat-degvielas-sistemas-dalas","14":"first","15":"instock","16":"shipping-taxable","17":"product-type-simple"},"aioseo_notices":[],"_links":{"self":[{"href":"https:\/\/kasima.lt\/lv\/wp-json\/wp\/v2\/product\/39061","targetHints":{"allow":["GET"]}}],"collection":[{"href":"https:\/\/kasima.lt\/lv\/wp-json\/wp\/v2\/product"}],"about":[{"href":"https:\/\/kasima.lt\/lv\/wp-json\/wp\/v2\/types\/product"}],"wp:featuredmedia":[{"embeddable":true,"href":"https:\/\/kasima.lt\/lv\/wp-json\/wp\/v2\/media\/39047"}],"wp:attachment":[{"href":"https:\/\/kasima.lt\/lv\/wp-json\/wp\/v2\/media?parent=39061"}],"wp:term":[{"taxonomy":"product_brand","embeddable":true,"href":"https:\/\/kasima.lt\/lv\/wp-json\/wp\/v2\/product_brand?post=39061"},{"taxonomy":"product_cat","embeddable":true,"href":"https:\/\/kasima.lt\/lv\/wp-json\/wp\/v2\/product_cat?post=39061"},{"taxonomy":"product_tag","embeddable":true,"href":"https:\/\/kasima.lt\/lv\/wp-json\/wp\/v2\/product_tag?post=39061"}],"curies":[{"name":"wp","href":"https:\/\/api.w.org\/{rel}","templated":true}]}}