{"id":38787,"date":"2025-03-04T14:32:09","date_gmt":"2025-03-04T14:32:09","guid":{"rendered":"https:\/\/kasima.lt\/produktas\/volvo-kaires-puses-valdymo-svirtis\/"},"modified":"2025-10-29T13:33:19","modified_gmt":"2025-10-29T13:33:19","slug":"volvo-kaires-puses-valdymo-svirtis","status":"publish","type":"product","link":"https:\/\/kasima.lt\/lv\/produktas\/volvo-kaires-puses-valdymo-svirtis\/","title":{"rendered":"Volvo kreis\u0101s puses st\u016bre"},"content":{"rendered":"<p>\u0160\u012b ori\u0123in\u0101l\u0101 deta\u013ca ir lietota, bet ir lielisk\u0101 st\u0101vokl\u012b.<br \/>\nNo\u0146emta no Volvo EC210LC , 2003.<br \/>\nDeta\u013cas numurs:<br \/>\nPV48K1052A DETA\u013bA: PV48K1052A<br \/>\n1356179<br \/>\nSA 1148-01890<br \/>\nVOE 14510417<br \/>\nVOE 14510419<\/p>\n","protected":false},"excerpt":{"rendered":"<p>Cena bez PVN<\/p>\n<p>Ra\u017eot\u0101js: VOLVO<br \/>\nModelis:EC210BLC0050<br \/>\nIzsaukums: <a href=\"tel:+37060842988\">+37060842988<br \/><\/a>E-pasts: <a href=\"mailto:usedparts@kasima.lt\">usedparts@kasima.lt<\/a><\/p>\n","protected":false},"featured_media":38753,"template":"","meta":{"_et_pb_use_builder":"","_et_pb_old_content":"","_et_gb_content_width":"","_monsterinsights_skip_tracking":false,"_monsterinsights_sitenote_active":false,"_monsterinsights_sitenote_note":"","_monsterinsights_sitenote_category":0},"product_brand":[],"product_cat":[912,398,812,490,633,645,318,685,452],"product_tag":[],"class_list":{"0":"post-38787","1":"product","2":"type-product","3":"status-publish","4":"has-post-thumbnail","6":"product_cat-vadibas-sviras","7":"product_cat-volvo-dalas","8":"product_cat-ec210blc","9":"product_cat-elektronikas-dalas","10":"product_cat-hidrauliskie-varsti","11":"product_cat-kabines-un-to-dalas","12":"product_cat-lietotas-dalas","13":"product_cat-ekskavatoru-dalas","14":"product_cat-celtniecibas-tehnikas-dalas","16":"first","17":"instock","18":"shipping-taxable","19":"purchasable","20":"product-type-simple"},"aioseo_notices":[],"_links":{"self":[{"href":"https:\/\/kasima.lt\/lv\/wp-json\/wp\/v2\/product\/38787","targetHints":{"allow":["GET"]}}],"collection":[{"href":"https:\/\/kasima.lt\/lv\/wp-json\/wp\/v2\/product"}],"about":[{"href":"https:\/\/kasima.lt\/lv\/wp-json\/wp\/v2\/types\/product"}],"wp:featuredmedia":[{"embeddable":true,"href":"https:\/\/kasima.lt\/lv\/wp-json\/wp\/v2\/media\/38753"}],"wp:attachment":[{"href":"https:\/\/kasima.lt\/lv\/wp-json\/wp\/v2\/media?parent=38787"}],"wp:term":[{"taxonomy":"product_brand","embeddable":true,"href":"https:\/\/kasima.lt\/lv\/wp-json\/wp\/v2\/product_brand?post=38787"},{"taxonomy":"product_cat","embeddable":true,"href":"https:\/\/kasima.lt\/lv\/wp-json\/wp\/v2\/product_cat?post=38787"},{"taxonomy":"product_tag","embeddable":true,"href":"https:\/\/kasima.lt\/lv\/wp-json\/wp\/v2\/product_tag?post=38787"}],"curies":[{"name":"wp","href":"https:\/\/api.w.org\/{rel}","templated":true}]}}