{"id":38707,"date":"2025-03-04T12:30:47","date_gmt":"2025-03-04T12:30:47","guid":{"rendered":"https:\/\/kasima.lt\/produktas\/bosch-degalu-paskirstytojas-bobcat-varikliui\/"},"modified":"2025-10-29T13:33:18","modified_gmt":"2025-10-29T13:33:18","slug":"bosch-degalu-paskirstytojas-bobcat-varikliui","status":"publish","type":"product","link":"https:\/\/kasima.lt\/lv\/produktas\/bosch-degalu-paskirstytojas-bobcat-varikliui\/","title":{"rendered":"Bosch degvielas sliedes Bobcat dzin\u0113jam"},"content":{"rendered":"<p>\u0160\u012b ori\u0123in\u0101l\u0101 deta\u013ca ir lietota, bet ir lielisk\u0101 st\u0101vokl\u012b.<br \/>\nNo\u0146emta no Bobcat T590 dzin\u0113ja , 2022. gads<br \/>\nDeta\u013cas numurs:<br \/>\n0445224134<br \/>\n150120-00088<br \/>\n7386502<\/p>\n","protected":false},"excerpt":{"rendered":"<p>Cena bez PVN<\/p>\n<p>Ra\u017eot\u0101js: BOBCAT<br \/>\nModelis: T590BC0040<br \/>\nIzsaukums: <a href=\"tel:+37060842988\">+37060842988<br \/><\/a>E-pasts: <a href=\"mailto:usedparts@kasima.lt\">usedparts@kasima.lt<\/a><\/p>\n","protected":false},"featured_media":38683,"template":"","meta":{"_et_pb_use_builder":"","_et_pb_old_content":"","_et_gb_content_width":"","_monsterinsights_skip_tracking":false,"_monsterinsights_sitenote_active":false,"_monsterinsights_sitenote_note":"","_monsterinsights_sitenote_category":0},"product_brand":[],"product_cat":[407,832,490,318,693,452,725],"product_tag":[],"class_list":{"0":"post-38707","1":"product","2":"type-product","3":"status-publish","4":"has-post-thumbnail","6":"product_cat-bobcat-dalas","7":"product_cat-t590-2022","8":"product_cat-elektronikas-dalas","9":"product_cat-lietotas-dalas","10":"product_cat-mini-iekraveju-dalas","11":"product_cat-celtniecibas-tehnikas-dalas","12":"product_cat-degvielas-sistemas-dalas","14":"first","15":"instock","16":"shipping-taxable","17":"product-type-simple"},"aioseo_notices":[],"_links":{"self":[{"href":"https:\/\/kasima.lt\/lv\/wp-json\/wp\/v2\/product\/38707","targetHints":{"allow":["GET"]}}],"collection":[{"href":"https:\/\/kasima.lt\/lv\/wp-json\/wp\/v2\/product"}],"about":[{"href":"https:\/\/kasima.lt\/lv\/wp-json\/wp\/v2\/types\/product"}],"wp:featuredmedia":[{"embeddable":true,"href":"https:\/\/kasima.lt\/lv\/wp-json\/wp\/v2\/media\/38683"}],"wp:attachment":[{"href":"https:\/\/kasima.lt\/lv\/wp-json\/wp\/v2\/media?parent=38707"}],"wp:term":[{"taxonomy":"product_brand","embeddable":true,"href":"https:\/\/kasima.lt\/lv\/wp-json\/wp\/v2\/product_brand?post=38707"},{"taxonomy":"product_cat","embeddable":true,"href":"https:\/\/kasima.lt\/lv\/wp-json\/wp\/v2\/product_cat?post=38707"},{"taxonomy":"product_tag","embeddable":true,"href":"https:\/\/kasima.lt\/lv\/wp-json\/wp\/v2\/product_tag?post=38707"}],"curies":[{"name":"wp","href":"https:\/\/api.w.org\/{rel}","templated":true}]}}