{"id":38307,"date":"2025-02-28T09:44:09","date_gmt":"2025-02-28T09:44:09","guid":{"rendered":"https:\/\/kasima.lt\/produktas\/bobcat-dm02-variklio-siurblio-skriemulys\/"},"modified":"2025-10-29T13:33:17","modified_gmt":"2025-10-29T13:33:17","slug":"bobcat-dm02-variklio-siurblio-skriemulys","status":"publish","type":"product","link":"https:\/\/kasima.lt\/lv\/produktas\/bobcat-dm02-variklio-siurblio-skriemulys\/","title":{"rendered":"Bobcat DM02 motora s\u016bk\u0146a skriemelis"},"content":{"rendered":"<p>\u0160\u012b deta\u013ca ir lietota, bet lab\u0101 st\u0101vokl\u012b , no\u0146emta no Bobcat S76<br \/>\nDzin\u0113js DM02-LEL00<br \/>\nDeta\u013cas numurs:<br \/>\n7182045<br \/>\n19A22<\/p>\n","protected":false},"excerpt":{"rendered":"<p>Cena bez PVN<\/p>\n<p>Ra\u017eot\u0101js: BOBCAT<br \/>\nModelis: T590BC0029<br \/>\nIzsaukums: <a href=\"tel:+37060842988\">+37060842988<br \/><\/a>E-pasts: <a href=\"mailto:usedparts@kasima.lt\">usedparts@kasima.lt<\/a><\/p>\n","protected":false},"featured_media":38293,"template":"","meta":{"_et_pb_use_builder":"","_et_pb_old_content":"","_et_gb_content_width":"","_monsterinsights_skip_tracking":false,"_monsterinsights_sitenote_active":false,"_monsterinsights_sitenote_note":"","_monsterinsights_sitenote_category":0},"product_brand":[],"product_cat":[917,407,832,318,693,452,721],"product_tag":[],"class_list":{"0":"post-38307","1":"product","2":"type-product","3":"status-publish","4":"has-post-thumbnail","6":"product_cat-svarsti-un-skriemeli","7":"product_cat-bobcat-dalas","8":"product_cat-t590-2022","9":"product_cat-lietotas-dalas","10":"product_cat-mini-iekraveju-dalas","11":"product_cat-celtniecibas-tehnikas-dalas","12":"product_cat-motora-dalas","14":"first","15":"instock","16":"shipping-taxable","17":"purchasable","18":"product-type-simple"},"aioseo_notices":[],"_links":{"self":[{"href":"https:\/\/kasima.lt\/lv\/wp-json\/wp\/v2\/product\/38307","targetHints":{"allow":["GET"]}}],"collection":[{"href":"https:\/\/kasima.lt\/lv\/wp-json\/wp\/v2\/product"}],"about":[{"href":"https:\/\/kasima.lt\/lv\/wp-json\/wp\/v2\/types\/product"}],"wp:featuredmedia":[{"embeddable":true,"href":"https:\/\/kasima.lt\/lv\/wp-json\/wp\/v2\/media\/38293"}],"wp:attachment":[{"href":"https:\/\/kasima.lt\/lv\/wp-json\/wp\/v2\/media?parent=38307"}],"wp:term":[{"taxonomy":"product_brand","embeddable":true,"href":"https:\/\/kasima.lt\/lv\/wp-json\/wp\/v2\/product_brand?post=38307"},{"taxonomy":"product_cat","embeddable":true,"href":"https:\/\/kasima.lt\/lv\/wp-json\/wp\/v2\/product_cat?post=38307"},{"taxonomy":"product_tag","embeddable":true,"href":"https:\/\/kasima.lt\/lv\/wp-json\/wp\/v2\/product_tag?post=38307"}],"curies":[{"name":"wp","href":"https:\/\/api.w.org\/{rel}","templated":true}]}}