{"id":38037,"date":"2025-02-27T12:37:29","date_gmt":"2025-02-27T12:37:29","guid":{"rendered":"https:\/\/kasima.lt\/produktas\/asfalto-freza-wirtgen-w500\/"},"modified":"2025-10-29T13:33:15","modified_gmt":"2025-10-29T13:33:15","slug":"asfalto-freza-wirtgen-w500","status":"publish","type":"product","link":"https:\/\/kasima.lt\/lv\/produktas\/asfalto-freza-wirtgen-w500\/","title":{"rendered":"Wirtgen W500 asfalta fr\u0113z\u0113\u0161anas iek\u0101rta"},"content":{"rendered":"<p>Lietuv\u0101 neizmantota Wirtgen W500 asfalta fr\u0113z\u0113\u0161anas iek\u0101rta<br \/>\nRa\u017eo\u0161anas gads 1999<br \/>\nMotora darba laiks 4435 stundas<br \/>\nDzin\u0113js IVECO 79 kw<br \/>\nBruto svars 6150 kg<br \/>\nFr\u012bz\u0113\u0161anas dzi\u013cums 160 mm<br \/>\nFr\u0113z\u0113\u0161anas platums 500 mm<br \/>\nLabs tehniskais st\u0101voklis<br \/>\nKosm\u0113tiski defekti<\/p>\n<p><iframe loading=\"lazy\" title=\"Wirtgen W500, 1999 for sale!\" width=\"1080\" height=\"608\" src=\"https:\/\/www.youtube.com\/embed\/h7mdHaCHcNc?start=2&#038;feature=oembed\"  allow=\"accelerometer; autoplay; clipboard-write; encrypted-media; gyroscope; picture-in-picture; web-share\" referrerpolicy=\"strict-origin-when-cross-origin\" allowfullscreen><\/iframe> <\/p>\n","protected":false},"excerpt":{"rendered":"<p>Cena bez PVN<\/p>\n<p>Ra\u017eot\u0101js: Wirtgen<br \/>\nModelis: W500<br \/>\nZvan\u012bt: <a href=\"tel:+37067607071\">+37067607071<br \/>\n<\/a>E-pasts: <a href=\"mailto:sales@kasima.lt\">sales@kasima.lt<\/a><\/p>\n","protected":false},"featured_media":37912,"template":"","meta":{"_et_pb_use_builder":"","_et_pb_old_content":"","_et_gb_content_width":"","_monsterinsights_skip_tracking":false,"_monsterinsights_sitenote_active":false,"_monsterinsights_sitenote_note":"","_monsterinsights_sitenote_category":0},"product_brand":[],"product_cat":[208,149],"product_tag":[],"class_list":{"0":"post-38037","1":"product","2":"type-product","3":"status-publish","4":"has-post-thumbnail","6":"product_cat-celu-buvnieciba","7":"product_cat-buvnieciba","9":"first","10":"outofstock","11":"shipping-taxable","12":"product-type-simple"},"aioseo_notices":[],"_links":{"self":[{"href":"https:\/\/kasima.lt\/lv\/wp-json\/wp\/v2\/product\/38037","targetHints":{"allow":["GET"]}}],"collection":[{"href":"https:\/\/kasima.lt\/lv\/wp-json\/wp\/v2\/product"}],"about":[{"href":"https:\/\/kasima.lt\/lv\/wp-json\/wp\/v2\/types\/product"}],"wp:featuredmedia":[{"embeddable":true,"href":"https:\/\/kasima.lt\/lv\/wp-json\/wp\/v2\/media\/37912"}],"wp:attachment":[{"href":"https:\/\/kasima.lt\/lv\/wp-json\/wp\/v2\/media?parent=38037"}],"wp:term":[{"taxonomy":"product_brand","embeddable":true,"href":"https:\/\/kasima.lt\/lv\/wp-json\/wp\/v2\/product_brand?post=38037"},{"taxonomy":"product_cat","embeddable":true,"href":"https:\/\/kasima.lt\/lv\/wp-json\/wp\/v2\/product_cat?post=38037"},{"taxonomy":"product_tag","embeddable":true,"href":"https:\/\/kasima.lt\/lv\/wp-json\/wp\/v2\/product_tag?post=38037"}],"curies":[{"name":"wp","href":"https:\/\/api.w.org\/{rel}","templated":true}]}}