{"id":37869,"date":"2025-02-25T14:00:15","date_gmt":"2025-02-25T14:00:15","guid":{"rendered":"https:\/\/kasima.lt\/produktas\/volvo-ec210blc-kebulo-dangtis\/"},"modified":"2025-10-29T13:33:15","modified_gmt":"2025-10-29T13:33:15","slug":"volvo-ec210blc-kebulo-dangtis","status":"publish","type":"product","link":"https:\/\/kasima.lt\/lv\/produktas\/volvo-ec210blc-kebulo-dangtis\/","title":{"rendered":"Volvo EC210BLC Virsb\u016bves v\u0101ks"},"content":{"rendered":"<p>\u0160\u012b deta\u013ca ir lietota, bet lab\u0101 st\u0101vokl\u012b, bez plais\u0101m, no\u0146emta no Volvo EC210BLC ekskavatora.<br \/>\nDeta\u013cas numurs: VOE 14508839<\/p>\n","protected":false},"excerpt":{"rendered":"<p>Cena bez PVN<\/p>\n<p>Ra\u017eot\u0101js: VOLVO<br \/>\nModelis:EC210BLC0075<br \/>\nIzsaukums: <a href=\"tel:+37060842988\">+37060842988<br \/><\/a>E-pasts: <a href=\"mailto:usedparts@kasima.lt\">usedparts@kasima.lt<\/a><\/p>\n","protected":false},"featured_media":37855,"template":"","meta":{"_et_pb_use_builder":"","_et_pb_old_content":"","_et_gb_content_width":"","_monsterinsights_skip_tracking":false,"_monsterinsights_sitenote_active":false,"_monsterinsights_sitenote_note":"","_monsterinsights_sitenote_category":0},"product_brand":[],"product_cat":[398,812,653,318,685,452],"product_tag":[],"class_list":{"0":"post-37869","1":"product","2":"type-product","3":"status-publish","4":"has-post-thumbnail","6":"product_cat-volvo-dalas","7":"product_cat-ec210blc","8":"product_cat-motora-un-sanu-parsegi","9":"product_cat-lietotas-dalas","10":"product_cat-ekskavatoru-dalas","11":"product_cat-celtniecibas-tehnikas-dalas","13":"first","14":"instock","15":"shipping-taxable","16":"purchasable","17":"product-type-simple"},"aioseo_notices":[],"_links":{"self":[{"href":"https:\/\/kasima.lt\/lv\/wp-json\/wp\/v2\/product\/37869","targetHints":{"allow":["GET"]}}],"collection":[{"href":"https:\/\/kasima.lt\/lv\/wp-json\/wp\/v2\/product"}],"about":[{"href":"https:\/\/kasima.lt\/lv\/wp-json\/wp\/v2\/types\/product"}],"wp:featuredmedia":[{"embeddable":true,"href":"https:\/\/kasima.lt\/lv\/wp-json\/wp\/v2\/media\/37855"}],"wp:attachment":[{"href":"https:\/\/kasima.lt\/lv\/wp-json\/wp\/v2\/media?parent=37869"}],"wp:term":[{"taxonomy":"product_brand","embeddable":true,"href":"https:\/\/kasima.lt\/lv\/wp-json\/wp\/v2\/product_brand?post=37869"},{"taxonomy":"product_cat","embeddable":true,"href":"https:\/\/kasima.lt\/lv\/wp-json\/wp\/v2\/product_cat?post=37869"},{"taxonomy":"product_tag","embeddable":true,"href":"https:\/\/kasima.lt\/lv\/wp-json\/wp\/v2\/product_tag?post=37869"}],"curies":[{"name":"wp","href":"https:\/\/api.w.org\/{rel}","templated":true}]}}