{"id":37663,"date":"2025-02-21T12:52:42","date_gmt":"2025-02-21T12:52:42","guid":{"rendered":"https:\/\/kasima.lt\/produktas\/sanden-sd5h14-kompresorius\/"},"modified":"2025-10-29T13:33:13","modified_gmt":"2025-10-29T13:33:13","slug":"sanden-sd5h14-kompresorius","status":"publish","type":"product","link":"https:\/\/kasima.lt\/lv\/produktas\/sanden-sd5h14-kompresorius\/","title":{"rendered":"Sanden SD5H14 kompresors"},"content":{"rendered":"<p>\u0160is kompresors ir lietots, bet piln\u012bb\u0101 funkcion\u0113jo\u0161s, no\u0146emts no ekskavatora Atlas 1604.<br \/>\nDeta\u013cas numurs:<br \/>\n3798903880<br \/>\nS6664<\/p>\n","protected":false},"excerpt":{"rendered":"<p>Cena bez PVN<\/p>\n<p>Ra\u017eot\u0101js: SANDEN<br \/>\nModelis: AT16040057<br \/>\nIzsaukums: <a href=\"tel:+37060842988\">+37060842988<br \/><\/a>E-pasts: <a href=\"mailto:usedparts@kasima.lt\">usedparts@kasima.lt<\/a><\/p>\n","protected":false},"featured_media":37654,"template":"","meta":{"_et_pb_use_builder":"","_et_pb_old_content":"","_et_gb_content_width":"","_monsterinsights_skip_tracking":false,"_monsterinsights_sitenote_active":false,"_monsterinsights_sitenote_note":"","_monsterinsights_sitenote_category":0},"product_brand":[],"product_cat":[872,942,484,490,318,685,452,721,807],"product_tag":[],"class_list":{"0":"post-37663","1":"product","2":"type-product","3":"status-publish","4":"has-post-thumbnail","6":"product_cat-1604-2003","7":"product_cat-kompresori","8":"product_cat-atlas-dalas","9":"product_cat-elektronikas-dalas","10":"product_cat-lietotas-dalas","11":"product_cat-ekskavatoru-dalas","12":"product_cat-celtniecibas-tehnikas-dalas","13":"product_cat-motora-dalas","14":"product_cat-dzesesanas-sistemas-un-to-komponenti","16":"first","17":"instock","18":"shipping-taxable","19":"purchasable","20":"product-type-simple"},"aioseo_notices":[],"_links":{"self":[{"href":"https:\/\/kasima.lt\/lv\/wp-json\/wp\/v2\/product\/37663","targetHints":{"allow":["GET"]}}],"collection":[{"href":"https:\/\/kasima.lt\/lv\/wp-json\/wp\/v2\/product"}],"about":[{"href":"https:\/\/kasima.lt\/lv\/wp-json\/wp\/v2\/types\/product"}],"wp:featuredmedia":[{"embeddable":true,"href":"https:\/\/kasima.lt\/lv\/wp-json\/wp\/v2\/media\/37654"}],"wp:attachment":[{"href":"https:\/\/kasima.lt\/lv\/wp-json\/wp\/v2\/media?parent=37663"}],"wp:term":[{"taxonomy":"product_brand","embeddable":true,"href":"https:\/\/kasima.lt\/lv\/wp-json\/wp\/v2\/product_brand?post=37663"},{"taxonomy":"product_cat","embeddable":true,"href":"https:\/\/kasima.lt\/lv\/wp-json\/wp\/v2\/product_cat?post=37663"},{"taxonomy":"product_tag","embeddable":true,"href":"https:\/\/kasima.lt\/lv\/wp-json\/wp\/v2\/product_tag?post=37663"}],"curies":[{"name":"wp","href":"https:\/\/api.w.org\/{rel}","templated":true}]}}