{"id":37598,"date":"2025-02-21T07:50:16","date_gmt":"2025-02-21T07:50:16","guid":{"rendered":"https:\/\/kasima.lt\/produktas\/cummins-starteris\/"},"modified":"2025-10-29T13:33:13","modified_gmt":"2025-10-29T13:33:13","slug":"cummins-starteris","status":"publish","type":"product","link":"https:\/\/kasima.lt\/lv\/produktas\/cummins-starteris\/","title":{"rendered":"Cummins starteris"},"content":{"rendered":"<p>\u0160is ori\u0123in\u0101lais Cummins starteris ir lietots, bet lab\u0101 st\u0101vokl\u012b, no\u0146emts no Komatsu PW160-7.<br \/>\nDeta\u013cu numuri:<br \/>\n6731-82-6510 &#8211; Komatsu kataloga numurs<br \/>\n3957593 &#8211; Cummins numurs<br \/>\n228000-7902<\/p>\n","protected":false},"excerpt":{"rendered":"<p>Cena bez PVN<\/p>\n<p>Ra\u017eot\u0101js: CUMMINS<br \/>\nModelis: PW16070093<br \/>\nIzsaukums: <a href=\"tel:+37060842988\">+37060842988<br \/><\/a>E-pasts: <a href=\"mailto:usedparts@kasima.lt\">usedparts@kasima.lt<\/a><\/p>\n","protected":false},"featured_media":37574,"template":"","meta":{"_et_pb_use_builder":"","_et_pb_old_content":"","_et_gb_content_width":"","_monsterinsights_skip_tracking":false,"_monsterinsights_sitenote_active":false,"_monsterinsights_sitenote_note":"","_monsterinsights_sitenote_category":0},"product_brand":[],"product_cat":[897,481,490,318,685,452,721,733],"product_tag":[],"class_list":{"0":"post-37598","1":"product","2":"type-product","3":"status-publish","4":"has-post-thumbnail","6":"product_cat-pw160-7-2007","7":"product_cat-komatsu-dalas","8":"product_cat-elektronikas-dalas","9":"product_cat-lietotas-dalas","10":"product_cat-ekskavatoru-dalas","11":"product_cat-celtniecibas-tehnikas-dalas","12":"product_cat-motora-dalas","13":"product_cat-starteri-un-generatori","15":"first","16":"instock","17":"shipping-taxable","18":"purchasable","19":"product-type-simple"},"aioseo_notices":[],"_links":{"self":[{"href":"https:\/\/kasima.lt\/lv\/wp-json\/wp\/v2\/product\/37598","targetHints":{"allow":["GET"]}}],"collection":[{"href":"https:\/\/kasima.lt\/lv\/wp-json\/wp\/v2\/product"}],"about":[{"href":"https:\/\/kasima.lt\/lv\/wp-json\/wp\/v2\/types\/product"}],"wp:featuredmedia":[{"embeddable":true,"href":"https:\/\/kasima.lt\/lv\/wp-json\/wp\/v2\/media\/37574"}],"wp:attachment":[{"href":"https:\/\/kasima.lt\/lv\/wp-json\/wp\/v2\/media?parent=37598"}],"wp:term":[{"taxonomy":"product_brand","embeddable":true,"href":"https:\/\/kasima.lt\/lv\/wp-json\/wp\/v2\/product_brand?post=37598"},{"taxonomy":"product_cat","embeddable":true,"href":"https:\/\/kasima.lt\/lv\/wp-json\/wp\/v2\/product_cat?post=37598"},{"taxonomy":"product_tag","embeddable":true,"href":"https:\/\/kasima.lt\/lv\/wp-json\/wp\/v2\/product_tag?post=37598"}],"curies":[{"name":"wp","href":"https:\/\/api.w.org\/{rel}","templated":true}]}}