{"id":37483,"date":"2025-02-20T07:08:29","date_gmt":"2025-02-20T07:08:29","guid":{"rendered":"https:\/\/kasima.lt\/produktas\/volvo-oro-kondicionavimo-sistema\/"},"modified":"2025-10-29T13:32:49","modified_gmt":"2025-10-29T13:32:49","slug":"volvo-oro-kondicionavimo-sistema","status":"publish","type":"product","link":"https:\/\/kasima.lt\/lv\/produktas\/volvo-oro-kondicionavimo-sistema\/","title":{"rendered":"Volvo gaisa kondicion\u0113\u0161anas sist\u0113ma"},"content":{"rendered":"<p>\u0160\u012bs ori\u0123in\u0101l\u0101s Volvo da\u013cas ir lietotas, bet piln\u012bb\u0101 funkcion\u0113jo\u0161as, no\u0146emtas no Volvo EC210BLC<br \/>\nDeta\u013cas numurs:<br \/>\nVOE 14517555 &#8211; \u0161\u013c\u016btene<br \/>\nVOE 14512669 &#8211; \u0161\u013c\u016btene<br \/>\nVOE 14517498 &#8211; \u0161\u013c\u016btene<br \/>\nVOE 14506862 &#8211; Kompresors<br \/>\nVOE 14516414 &#8211; Kondensators<br \/>\nVOE 14509377 &#8211; uztv\u0113r\u0113ja \u017e\u0101v\u0113t\u0101js<\/p>\n","protected":false},"excerpt":{"rendered":"<p>Cena bez PVN<\/p>\n<p>Ra\u017eot\u0101js: VOLVO<br \/>\nModelis:EC210BLC0045<br \/>\nIzsaukums: <a href=\"tel:+37060842988\">+37060842988<br \/><\/a>E-pasts: <a href=\"mailto:usedparts@kasima.lt\">usedparts@kasima.lt<\/a><\/p>\n","protected":false},"featured_media":37444,"template":"","meta":{"_et_pb_use_builder":"","_et_pb_old_content":"","_et_gb_content_width":"","_monsterinsights_skip_tracking":false,"_monsterinsights_sitenote_active":false,"_monsterinsights_sitenote_note":"","_monsterinsights_sitenote_category":0},"product_brand":[],"product_cat":[398,812,318,685,452,721,807],"product_tag":[],"class_list":{"0":"post-37483","1":"product","2":"type-product","3":"status-publish","4":"has-post-thumbnail","6":"product_cat-volvo-dalas","7":"product_cat-ec210blc","8":"product_cat-lietotas-dalas","9":"product_cat-ekskavatoru-dalas","10":"product_cat-celtniecibas-tehnikas-dalas","11":"product_cat-motora-dalas","12":"product_cat-dzesesanas-sistemas-un-to-komponenti","14":"first","15":"instock","16":"shipping-taxable","17":"product-type-simple"},"aioseo_notices":[],"_links":{"self":[{"href":"https:\/\/kasima.lt\/lv\/wp-json\/wp\/v2\/product\/37483","targetHints":{"allow":["GET"]}}],"collection":[{"href":"https:\/\/kasima.lt\/lv\/wp-json\/wp\/v2\/product"}],"about":[{"href":"https:\/\/kasima.lt\/lv\/wp-json\/wp\/v2\/types\/product"}],"wp:featuredmedia":[{"embeddable":true,"href":"https:\/\/kasima.lt\/lv\/wp-json\/wp\/v2\/media\/37444"}],"wp:attachment":[{"href":"https:\/\/kasima.lt\/lv\/wp-json\/wp\/v2\/media?parent=37483"}],"wp:term":[{"taxonomy":"product_brand","embeddable":true,"href":"https:\/\/kasima.lt\/lv\/wp-json\/wp\/v2\/product_brand?post=37483"},{"taxonomy":"product_cat","embeddable":true,"href":"https:\/\/kasima.lt\/lv\/wp-json\/wp\/v2\/product_cat?post=37483"},{"taxonomy":"product_tag","embeddable":true,"href":"https:\/\/kasima.lt\/lv\/wp-json\/wp\/v2\/product_tag?post=37483"}],"curies":[{"name":"wp","href":"https:\/\/api.w.org\/{rel}","templated":true}]}}