{"id":37412,"date":"2025-02-19T14:40:09","date_gmt":"2025-02-19T14:40:09","guid":{"rendered":"https:\/\/kasima.lt\/produktas\/volvo-prietaisu-kontroles-monitorius\/"},"modified":"2025-10-29T13:32:48","modified_gmt":"2025-10-29T13:32:48","slug":"volvo-prietaisu-kontroles-monitorius","status":"publish","type":"product","link":"https:\/\/kasima.lt\/lv\/produktas\/volvo-prietaisu-kontroles-monitorius\/","title":{"rendered":"Volvo instrumentu pane\u013ca monitors"},"content":{"rendered":"<p>\u0160\u012b ori\u0123in\u0101l\u0101 Volvo deta\u013ca ir lietota, bet piln\u012bb\u0101 funkcion\u0113jo\u0161a, no\u0146emta no Volvo EC210BLC.<br \/>\nDa\u013cas numurs:<br \/>\nVOE 14527149<br \/>\nVOE 14515555<br \/>\nVOE 14515483<\/p>\n","protected":false},"excerpt":{"rendered":"<p>Cena bez PVN<\/p>\n<p>Ra\u017eot\u0101js: VOLVO<br \/>\nModelis:EC210BLC0042<br \/>\nIzsaukums: <a href=\"tel:+37060842988\">+37060842988<br \/><\/a>E-pasts: <a href=\"mailto:usedparts@kasima.lt\">usedparts@kasima.lt<\/a><\/p>\n","protected":false},"featured_media":37403,"template":"","meta":{"_et_pb_use_builder":"","_et_pb_old_content":"","_et_gb_content_width":"","_monsterinsights_skip_tracking":false,"_monsterinsights_sitenote_active":false,"_monsterinsights_sitenote_note":"","_monsterinsights_sitenote_category":0},"product_brand":[],"product_cat":[933,398,812,490,645,318,685,452],"product_tag":[],"class_list":{"0":"post-37412","1":"product","2":"type-product","3":"status-publish","4":"has-post-thumbnail","6":"product_cat-iekartu-monitori-un-vadibas-paneli","7":"product_cat-volvo-dalas","8":"product_cat-ec210blc","9":"product_cat-elektronikas-dalas","10":"product_cat-kabines-un-to-dalas","11":"product_cat-lietotas-dalas","12":"product_cat-ekskavatoru-dalas","13":"product_cat-celtniecibas-tehnikas-dalas","15":"first","16":"instock","17":"shipping-taxable","18":"purchasable","19":"product-type-simple"},"aioseo_notices":[],"_links":{"self":[{"href":"https:\/\/kasima.lt\/lv\/wp-json\/wp\/v2\/product\/37412","targetHints":{"allow":["GET"]}}],"collection":[{"href":"https:\/\/kasima.lt\/lv\/wp-json\/wp\/v2\/product"}],"about":[{"href":"https:\/\/kasima.lt\/lv\/wp-json\/wp\/v2\/types\/product"}],"wp:featuredmedia":[{"embeddable":true,"href":"https:\/\/kasima.lt\/lv\/wp-json\/wp\/v2\/media\/37403"}],"wp:attachment":[{"href":"https:\/\/kasima.lt\/lv\/wp-json\/wp\/v2\/media?parent=37412"}],"wp:term":[{"taxonomy":"product_brand","embeddable":true,"href":"https:\/\/kasima.lt\/lv\/wp-json\/wp\/v2\/product_brand?post=37412"},{"taxonomy":"product_cat","embeddable":true,"href":"https:\/\/kasima.lt\/lv\/wp-json\/wp\/v2\/product_cat?post=37412"},{"taxonomy":"product_tag","embeddable":true,"href":"https:\/\/kasima.lt\/lv\/wp-json\/wp\/v2\/product_tag?post=37412"}],"curies":[{"name":"wp","href":"https:\/\/api.w.org\/{rel}","templated":true}]}}