{"id":37261,"date":"2025-02-17T13:57:24","date_gmt":"2025-02-17T13:57:24","guid":{"rendered":"https:\/\/kasima.lt\/produktas\/volvo-ec210blc-duslintuvas\/"},"modified":"2025-10-29T13:32:47","modified_gmt":"2025-10-29T13:32:47","slug":"volvo-ec210blc-duslintuvas","status":"publish","type":"product","link":"https:\/\/kasima.lt\/lv\/produktas\/volvo-ec210blc-duslintuvas\/","title":{"rendered":"Volvo EC210BLC trok\u0161\u0146a sl\u0101p\u0113t\u0101js"},"content":{"rendered":"<p>\u0160\u012b ori\u0123in\u0101l\u0101 Volvo deta\u013ca ir lietota, bet piln\u012bb\u0101 funkcion\u0113jo\u0161a.<br \/>\nDeta\u013cas numurs: VOE 14504919<\/p>\n","protected":false},"excerpt":{"rendered":"<p>Cena bez PVN<\/p>\n<p>Ra\u017eot\u0101js: VOLVO<br \/>\nModelis:EC210BLC0033<br \/>\nIzsaukums:<a href=\"tel:+37060842988\"> +37060842988<br \/><\/a>E-pasts: <a href=\"mailto:usedparts@kasima.lt\">usedparts@kasima.lt<\/a><\/p>\n","protected":false},"featured_media":37247,"template":"","meta":{"_et_pb_use_builder":"","_et_pb_old_content":"","_et_gb_content_width":"","_monsterinsights_skip_tracking":false,"_monsterinsights_sitenote_active":false,"_monsterinsights_sitenote_note":"","_monsterinsights_sitenote_category":0},"product_brand":[],"product_cat":[927,398,812,318,685,452,721],"product_tag":[],"class_list":{"0":"post-37261","1":"product","2":"type-product","3":"status-publish","4":"has-post-thumbnail","6":"product_cat-skanas-slapetaji-un-gaisa-filtri","7":"product_cat-volvo-dalas","8":"product_cat-ec210blc","9":"product_cat-lietotas-dalas","10":"product_cat-ekskavatoru-dalas","11":"product_cat-celtniecibas-tehnikas-dalas","12":"product_cat-motora-dalas","14":"first","15":"instock","16":"shipping-taxable","17":"purchasable","18":"product-type-simple"},"aioseo_notices":[],"_links":{"self":[{"href":"https:\/\/kasima.lt\/lv\/wp-json\/wp\/v2\/product\/37261","targetHints":{"allow":["GET"]}}],"collection":[{"href":"https:\/\/kasima.lt\/lv\/wp-json\/wp\/v2\/product"}],"about":[{"href":"https:\/\/kasima.lt\/lv\/wp-json\/wp\/v2\/types\/product"}],"wp:featuredmedia":[{"embeddable":true,"href":"https:\/\/kasima.lt\/lv\/wp-json\/wp\/v2\/media\/37247"}],"wp:attachment":[{"href":"https:\/\/kasima.lt\/lv\/wp-json\/wp\/v2\/media?parent=37261"}],"wp:term":[{"taxonomy":"product_brand","embeddable":true,"href":"https:\/\/kasima.lt\/lv\/wp-json\/wp\/v2\/product_brand?post=37261"},{"taxonomy":"product_cat","embeddable":true,"href":"https:\/\/kasima.lt\/lv\/wp-json\/wp\/v2\/product_cat?post=37261"},{"taxonomy":"product_tag","embeddable":true,"href":"https:\/\/kasima.lt\/lv\/wp-json\/wp\/v2\/product_tag?post=37261"}],"curies":[{"name":"wp","href":"https:\/\/api.w.org\/{rel}","templated":true}]}}