{"id":37076,"date":"2025-02-17T08:37:40","date_gmt":"2025-02-17T08:37:40","guid":{"rendered":"https:\/\/kasima.lt\/produktas\/volvo-elektromagnetinis-voztuvas\/"},"modified":"2025-10-29T13:32:47","modified_gmt":"2025-10-29T13:32:47","slug":"volvo-elektromagnetinis-voztuvas","status":"publish","type":"product","link":"https:\/\/kasima.lt\/lv\/produktas\/volvo-elektromagnetinis-voztuvas\/","title":{"rendered":"Volvo elektromagn\u0113tiskais v\u0101rsts"},"content":{"rendered":"<p>\u0160is ori\u0123in\u0101lais Volvo elektromagn\u0113tiskais v\u0101rsts EC210BLC ir lietots, bet piln\u012bb\u0101 funkcion\u0113jo\u0161s.<br \/>\nDeta\u013cu numuri:<br \/>\nSS-GOI-C6-MD28G-J3-46<br \/>\nVOE 14505324<br \/>\nSA 1040-65471<\/p>\n","protected":false},"excerpt":{"rendered":"<p>Cena bez PVN<\/p>\n<p>Ra\u017eot\u0101js: DAESUNG NACHI<br \/>\nModelis: EC210BLC0062<br \/>\nIzsaukums: <a href=\"tel:+37060842988\">+37060842988<br \/><\/a>E-pasts:<a href=\"mailto:usedparts@kasima.lt\"> usedparts@kasima.lt<\/a><\/p>\n","protected":false},"featured_media":37067,"template":"","meta":{"_et_pb_use_builder":"","_et_pb_old_content":"","_et_gb_content_width":"","_monsterinsights_skip_tracking":false,"_monsterinsights_sitenote_active":false,"_monsterinsights_sitenote_note":"","_monsterinsights_sitenote_category":0},"product_brand":[],"product_cat":[398,812,490,633,318,685,452],"product_tag":[],"class_list":{"0":"post-37076","1":"product","2":"type-product","3":"status-publish","4":"has-post-thumbnail","6":"product_cat-volvo-dalas","7":"product_cat-ec210blc","8":"product_cat-elektronikas-dalas","9":"product_cat-hidrauliskie-varsti","10":"product_cat-lietotas-dalas","11":"product_cat-ekskavatoru-dalas","12":"product_cat-celtniecibas-tehnikas-dalas","14":"first","15":"instock","16":"shipping-taxable","17":"purchasable","18":"product-type-simple"},"aioseo_notices":[],"_links":{"self":[{"href":"https:\/\/kasima.lt\/lv\/wp-json\/wp\/v2\/product\/37076","targetHints":{"allow":["GET"]}}],"collection":[{"href":"https:\/\/kasima.lt\/lv\/wp-json\/wp\/v2\/product"}],"about":[{"href":"https:\/\/kasima.lt\/lv\/wp-json\/wp\/v2\/types\/product"}],"wp:featuredmedia":[{"embeddable":true,"href":"https:\/\/kasima.lt\/lv\/wp-json\/wp\/v2\/media\/37067"}],"wp:attachment":[{"href":"https:\/\/kasima.lt\/lv\/wp-json\/wp\/v2\/media?parent=37076"}],"wp:term":[{"taxonomy":"product_brand","embeddable":true,"href":"https:\/\/kasima.lt\/lv\/wp-json\/wp\/v2\/product_brand?post=37076"},{"taxonomy":"product_cat","embeddable":true,"href":"https:\/\/kasima.lt\/lv\/wp-json\/wp\/v2\/product_cat?post=37076"},{"taxonomy":"product_tag","embeddable":true,"href":"https:\/\/kasima.lt\/lv\/wp-json\/wp\/v2\/product_tag?post=37076"}],"curies":[{"name":"wp","href":"https:\/\/api.w.org\/{rel}","templated":true}]}}