{"id":36951,"date":"2025-02-14T12:11:34","date_gmt":"2025-02-14T12:11:34","guid":{"rendered":"https:\/\/kasima.lt\/produktas\/volvo-ec210blc-virsutiniai-begiu-ritineliai\/"},"modified":"2025-10-29T13:32:46","modified_gmt":"2025-10-29T13:32:46","slug":"volvo-ec210blc-virsutiniai-begiu-ritineliai","status":"publish","type":"product","link":"https:\/\/kasima.lt\/lv\/produktas\/volvo-ec210blc-virsutiniai-begiu-ritineliai\/","title":{"rendered":"Volvo EC210BLC aug\u0161\u0113jais slie\u017eu veltnis"},"content":{"rendered":"<p>\u0160is ori\u0123in\u0101lais Volvo EC210BLC aug\u0161\u0113jais slie\u017eu rull\u012btis ir lietots, bet piln\u012bb\u0101 funkcion\u0113jo\u0161s.<br \/>\nDeta\u013cas numurs: SA 1181-00020<br \/>\nCena par vien\u012bbu<\/p>\n","protected":false},"excerpt":{"rendered":"<p>Cena bez PVN<\/p>\n<p>Ra\u017eot\u0101js: VOLVO<br \/>\nModelis:EC210BLC0023<br \/>\nIzsaukums:<a href=\"tel:+37060842988\"> +37060842988<br \/><\/a>E-pasts: <a href=\"mailto:usedparts@kasima.lt\">usedparts@kasima.lt<\/a><\/p>\n","protected":false},"featured_media":36947,"template":"","meta":{"_et_pb_use_builder":"","_et_pb_old_content":"","_et_gb_content_width":"","_monsterinsights_skip_tracking":false,"_monsterinsights_sitenote_active":false,"_monsterinsights_sitenote_note":"","_monsterinsights_sitenote_category":0},"product_brand":[],"product_cat":[398,812,318,685,452,681],"product_tag":[],"class_list":{"0":"post-36951","1":"product","2":"type-product","3":"status-publish","4":"has-post-thumbnail","6":"product_cat-volvo-dalas","7":"product_cat-ec210blc","8":"product_cat-lietotas-dalas","9":"product_cat-ekskavatoru-dalas","10":"product_cat-celtniecibas-tehnikas-dalas","11":"product_cat-kapuri-un-to-dalas","13":"first","14":"instock","15":"shipping-taxable","16":"purchasable","17":"product-type-simple"},"aioseo_notices":[],"_links":{"self":[{"href":"https:\/\/kasima.lt\/lv\/wp-json\/wp\/v2\/product\/36951","targetHints":{"allow":["GET"]}}],"collection":[{"href":"https:\/\/kasima.lt\/lv\/wp-json\/wp\/v2\/product"}],"about":[{"href":"https:\/\/kasima.lt\/lv\/wp-json\/wp\/v2\/types\/product"}],"wp:featuredmedia":[{"embeddable":true,"href":"https:\/\/kasima.lt\/lv\/wp-json\/wp\/v2\/media\/36947"}],"wp:attachment":[{"href":"https:\/\/kasima.lt\/lv\/wp-json\/wp\/v2\/media?parent=36951"}],"wp:term":[{"taxonomy":"product_brand","embeddable":true,"href":"https:\/\/kasima.lt\/lv\/wp-json\/wp\/v2\/product_brand?post=36951"},{"taxonomy":"product_cat","embeddable":true,"href":"https:\/\/kasima.lt\/lv\/wp-json\/wp\/v2\/product_cat?post=36951"},{"taxonomy":"product_tag","embeddable":true,"href":"https:\/\/kasima.lt\/lv\/wp-json\/wp\/v2\/product_tag?post=36951"}],"curies":[{"name":"wp","href":"https:\/\/api.w.org\/{rel}","templated":true}]}}