{"id":36644,"date":"2025-02-12T08:59:18","date_gmt":"2025-02-12T08:59:18","guid":{"rendered":"https:\/\/kasima.lt\/produktas\/volvo-ec210blc-akumuliatoriaus-saugos-reles\/"},"modified":"2025-10-29T13:32:45","modified_gmt":"2025-10-29T13:32:45","slug":"volvo-ec210blc-akumuliatoriaus-saugos-reles","status":"publish","type":"product","link":"https:\/\/kasima.lt\/lv\/produktas\/volvo-ec210blc-akumuliatoriaus-saugos-reles\/","title":{"rendered":"Akumulatora dro\u0161\u012bbas releji Volvo EC210BLC"},"content":{"rendered":"<p>Akumulatora dro\u0161\u012bbas releji ir \u013coti svar\u012bgi, lai nov\u0113rstu elektrisk\u0101s p\u0101rslodzes un nodro\u0161in\u0101tu stabilu ener\u0123ijas p\u0101rvald\u012bbu j\u016bsu Volvo EC210BLC ekskavator\u0101.<br \/>\nDeta\u013cu numuri:<br \/>\nSA1021-00910 &#8211; relejs<br \/>\nSA1122-00220 &#8211; sekund\u0101rais relejs<br \/>\nV23132-B2002-A200 &#8211; augststr\u0101vas relejs<br \/>\nBS2-062 <\/p>\n","protected":false},"excerpt":{"rendered":"<p>Cena bez PVN<\/p>\n<p>Ra\u017eot\u0101js: VOLVO<br \/>\nModelis:EC210BLC0055<br \/>\nIzsaukums: <a href=\"tel:+37060842988\">+37060842988<\/a><br \/>E-pasts: <a href=\"mailto:usedparts@kasima.lt\">usedparts@kasima.lt<\/a><\/p>\n","protected":false},"featured_media":36625,"template":"","meta":{"_et_pb_use_builder":"","_et_pb_old_content":"","_et_gb_content_width":"","_monsterinsights_skip_tracking":false,"_monsterinsights_sitenote_active":false,"_monsterinsights_sitenote_note":"","_monsterinsights_sitenote_category":0},"product_brand":[],"product_cat":[922,398,812,490,601,318,685,452],"product_tag":[],"class_list":{"0":"post-36644","1":"product","2":"type-product","3":"status-publish","4":"has-post-thumbnail","6":"product_cat-citas-elektroniskas-detalas","7":"product_cat-volvo-dalas","8":"product_cat-ec210blc","9":"product_cat-elektronikas-dalas","10":"product_cat-vadu-komplekti-un-dalas","11":"product_cat-lietotas-dalas","12":"product_cat-ekskavatoru-dalas","13":"product_cat-celtniecibas-tehnikas-dalas","15":"first","16":"instock","17":"shipping-taxable","18":"purchasable","19":"product-type-simple"},"aioseo_notices":[],"_links":{"self":[{"href":"https:\/\/kasima.lt\/lv\/wp-json\/wp\/v2\/product\/36644","targetHints":{"allow":["GET"]}}],"collection":[{"href":"https:\/\/kasima.lt\/lv\/wp-json\/wp\/v2\/product"}],"about":[{"href":"https:\/\/kasima.lt\/lv\/wp-json\/wp\/v2\/types\/product"}],"wp:featuredmedia":[{"embeddable":true,"href":"https:\/\/kasima.lt\/lv\/wp-json\/wp\/v2\/media\/36625"}],"wp:attachment":[{"href":"https:\/\/kasima.lt\/lv\/wp-json\/wp\/v2\/media?parent=36644"}],"wp:term":[{"taxonomy":"product_brand","embeddable":true,"href":"https:\/\/kasima.lt\/lv\/wp-json\/wp\/v2\/product_brand?post=36644"},{"taxonomy":"product_cat","embeddable":true,"href":"https:\/\/kasima.lt\/lv\/wp-json\/wp\/v2\/product_cat?post=36644"},{"taxonomy":"product_tag","embeddable":true,"href":"https:\/\/kasima.lt\/lv\/wp-json\/wp\/v2\/product_tag?post=36644"}],"curies":[{"name":"wp","href":"https:\/\/api.w.org\/{rel}","templated":true}]}}