{"id":36088,"date":"2025-02-10T09:16:59","date_gmt":"2025-02-10T09:16:59","guid":{"rendered":"https:\/\/kasima.lt\/produktas\/volvo-ec210blc-alyvos-ausintuvas\/"},"modified":"2025-10-29T13:32:42","modified_gmt":"2025-10-29T13:32:42","slug":"volvo-ec210blc-alyvos-ausintuvas","status":"publish","type":"product","link":"https:\/\/kasima.lt\/lv\/produktas\/volvo-ec210blc-alyvos-ausintuvas\/","title":{"rendered":"Volvo EC210BLC e\u013c\u013cas dzes\u0113t\u0101js"},"content":{"rendered":"<p>Lietots, bet piln\u012bb\u0101 funkcion\u0113jo\u0161s e\u013c\u013cas dzes\u0113t\u0101js, kas nodro\u0161ina optim\u0101lu dzes\u0113\u0161anu j\u016bsu ekskavatora hidraulisk\u0101s un motora e\u013c\u013cas sist\u0113m\u0101m.<br \/>\nDeta\u013cu numuri<br \/>\nVOE 14505920<br \/>\nVOE 14515355<\/p>\n","protected":false},"excerpt":{"rendered":"<p>Cena bez PVN<\/p>\n<p>Ra\u017eot\u0101js: VOLVO<br \/>\nModelis:EC210BLC0037<br \/>\nIzsaukums: <a href=\"tel:+37060842988\">+37060842988<\/a><br \/>E-pasts: <a href=\"mailto:usedparts@kasima.lt\">usedparts@kasima.lt<\/a><\/p>\n","protected":false},"featured_media":36064,"template":"","meta":{"_et_pb_use_builder":"","_et_pb_old_content":"","_et_gb_content_width":"","_monsterinsights_skip_tracking":false,"_monsterinsights_sitenote_active":false,"_monsterinsights_sitenote_note":"","_monsterinsights_sitenote_category":0},"product_brand":[],"product_cat":[398,812,318,685,452,721,807],"product_tag":[],"class_list":{"0":"post-36088","1":"product","2":"type-product","3":"status-publish","4":"has-post-thumbnail","6":"product_cat-volvo-dalas","7":"product_cat-ec210blc","8":"product_cat-lietotas-dalas","9":"product_cat-ekskavatoru-dalas","10":"product_cat-celtniecibas-tehnikas-dalas","11":"product_cat-motora-dalas","12":"product_cat-dzesesanas-sistemas-un-to-komponenti","14":"first","15":"instock","16":"shipping-taxable","17":"purchasable","18":"product-type-simple"},"aioseo_notices":[],"_links":{"self":[{"href":"https:\/\/kasima.lt\/lv\/wp-json\/wp\/v2\/product\/36088","targetHints":{"allow":["GET"]}}],"collection":[{"href":"https:\/\/kasima.lt\/lv\/wp-json\/wp\/v2\/product"}],"about":[{"href":"https:\/\/kasima.lt\/lv\/wp-json\/wp\/v2\/types\/product"}],"wp:featuredmedia":[{"embeddable":true,"href":"https:\/\/kasima.lt\/lv\/wp-json\/wp\/v2\/media\/36064"}],"wp:attachment":[{"href":"https:\/\/kasima.lt\/lv\/wp-json\/wp\/v2\/media?parent=36088"}],"wp:term":[{"taxonomy":"product_brand","embeddable":true,"href":"https:\/\/kasima.lt\/lv\/wp-json\/wp\/v2\/product_brand?post=36088"},{"taxonomy":"product_cat","embeddable":true,"href":"https:\/\/kasima.lt\/lv\/wp-json\/wp\/v2\/product_cat?post=36088"},{"taxonomy":"product_tag","embeddable":true,"href":"https:\/\/kasima.lt\/lv\/wp-json\/wp\/v2\/product_tag?post=36088"}],"curies":[{"name":"wp","href":"https:\/\/api.w.org\/{rel}","templated":true}]}}