{"id":35616,"date":"2025-02-04T13:52:47","date_gmt":"2025-02-04T13:52:47","guid":{"rendered":"https:\/\/kasima.lt\/produktas\/viksrinis-ekskavatorius-komatsu-pc210lc-11-2017\/"},"modified":"2025-10-29T13:32:41","modified_gmt":"2025-10-29T13:32:41","slug":"viksrinis-ekskavatorius-komatsu-pc210lc-11-2017","status":"publish","type":"product","link":"https:\/\/kasima.lt\/lv\/produktas\/viksrinis-ekskavatorius-komatsu-pc210lc-11-2017\/","title":{"rendered":"Komatsu PC210LC-11 k\u0101pur\u0137\u0113\u017eu ekskavators, 2017 gads"},"content":{"rendered":"<p>Komatsu PC210LC-11 k\u0101pur\u0137\u0113\u017eu ekskavators, Komatsu PC210LC-11,<br \/>\nIzgatavo\u0161anas gads 2017,<br \/>\nDzin\u0113ja jauda 123 kw.,<br \/>\nEkskavatora svars 22990 kg.,<br \/>\nMotora darba laiks 7355,<br \/>\nHidrauliskais \u0101trgaitas sakabot\u0101js S-70,<br \/>\nRak\u0161anas kauss,<br \/>\nHidraulisk\u0101s l\u012bnijas,<br \/>\nGaisa kondicionieris,<br \/>\nApsild\u0101ms s\u0113deklis,<br \/>\nUzraudz\u012bbas kameras,<\/p>\n<p><iframe loading=\"lazy\" title=\"Komatsu PC210LC-11, 2017 for sale!\" width=\"1080\" height=\"608\" src=\"https:\/\/www.youtube.com\/embed\/vkdfp8sNGuc?feature=oembed\"  allow=\"accelerometer; autoplay; clipboard-write; encrypted-media; gyroscope; picture-in-picture; web-share\" referrerpolicy=\"strict-origin-when-cross-origin\" allowfullscreen><\/iframe><\/p>\n","protected":false},"excerpt":{"rendered":"<p>Cena bez PVN<\/p>\n<p>Ra\u017eot\u0101js: Komatsu<br \/>\nModelis: PC210LC-11<br \/>\nZvans: <a href=\"tel:+37067607071\">+37067607071<\/a><br \/>\nE-pasts: <a href=\"mailto:sales@kasima.lt\">sales@kasima.lt<\/a><\/p>\n","protected":false},"featured_media":48753,"template":"","meta":{"_et_pb_use_builder":"","_et_pb_old_content":"","_et_gb_content_width":"","_monsterinsights_skip_tracking":false,"_monsterinsights_sitenote_active":false,"_monsterinsights_sitenote_note":"","_monsterinsights_sitenote_category":0},"product_brand":[],"product_cat":[149],"product_tag":[],"class_list":{"0":"post-35616","1":"product","2":"type-product","3":"status-publish","4":"has-post-thumbnail","6":"product_cat-buvnieciba","8":"first","9":"outofstock","10":"shipping-taxable","11":"product-type-simple"},"aioseo_notices":[],"_links":{"self":[{"href":"https:\/\/kasima.lt\/lv\/wp-json\/wp\/v2\/product\/35616","targetHints":{"allow":["GET"]}}],"collection":[{"href":"https:\/\/kasima.lt\/lv\/wp-json\/wp\/v2\/product"}],"about":[{"href":"https:\/\/kasima.lt\/lv\/wp-json\/wp\/v2\/types\/product"}],"wp:featuredmedia":[{"embeddable":true,"href":"https:\/\/kasima.lt\/lv\/wp-json\/wp\/v2\/media\/48753"}],"wp:attachment":[{"href":"https:\/\/kasima.lt\/lv\/wp-json\/wp\/v2\/media?parent=35616"}],"wp:term":[{"taxonomy":"product_brand","embeddable":true,"href":"https:\/\/kasima.lt\/lv\/wp-json\/wp\/v2\/product_brand?post=35616"},{"taxonomy":"product_cat","embeddable":true,"href":"https:\/\/kasima.lt\/lv\/wp-json\/wp\/v2\/product_cat?post=35616"},{"taxonomy":"product_tag","embeddable":true,"href":"https:\/\/kasima.lt\/lv\/wp-json\/wp\/v2\/product_tag?post=35616"}],"curies":[{"name":"wp","href":"https:\/\/api.w.org\/{rel}","templated":true}]}}